{"id":5557,"date":"2021-08-20T15:39:41","date_gmt":"2021-08-20T14:39:41","guid":{"rendered":"http:\/\/annexeromainville.com\/?page_id=5557"},"modified":"2023-05-11T12:14:18","modified_gmt":"2023-05-11T11:14:18","slug":"revenir","status":"publish","type":"page","link":"https:\/\/annexeromainville.com\/index.php\/revenir\/","title":{"rendered":"REVENIR"},"content":{"rendered":"<div id=\"pl-5557\"  class=\"panel-layout\" ><div id=\"pg-5557-0\"  class=\"panel-grid panel-no-style\" ><div id=\"pgc-5557-0-0\"  class=\"panel-grid-cell\" ><div id=\"panel-5557-0-0-0\" class=\"so-panel widget widget_sow-image panel-first-child panel-last-child\" data-index=\"0\" ><div\n\t\t\t\n\t\t\tclass=\"so-widget-sow-image so-widget-sow-image-default-8b5b6f678277-5557\"\n\t\t\t\n\t\t>\n<div class=\"sow-image-container\">\n\t\t<img \n\tsrc=\"https:\/\/annexeromainville.com\/wp-content\/uploads\/2022\/07\/Carre\u0301-Programmation-REVENIR.jpg\" width=\"1080\" height=\"1080\" srcset=\"https:\/\/annexeromainville.com\/wp-content\/uploads\/2022\/07\/Carre\u0301-Programmation-REVENIR.jpg 1080w, https:\/\/annexeromainville.com\/wp-content\/uploads\/2022\/07\/Carre\u0301-Programmation-REVENIR-300x300.jpg 300w, https:\/\/annexeromainville.com\/wp-content\/uploads\/2022\/07\/Carre\u0301-Programmation-REVENIR-1024x1024.jpg 1024w, https:\/\/annexeromainville.com\/wp-content\/uploads\/2022\/07\/Carre\u0301-Programmation-REVENIR-150x150.jpg 150w, https:\/\/annexeromainville.com\/wp-content\/uploads\/2022\/07\/Carre\u0301-Programmation-REVENIR-768x768.jpg 768w\" sizes=\"(max-width: 1080px) 100vw, 1080px\" title=\"Carre\u0301 Programmation REVENIR\" alt=\"\" loading=\"lazy\" \t\tclass=\"so-widget-image\"\/>\n\t<\/div>\n\n<\/div><\/div><\/div><div id=\"pgc-5557-0-1\"  class=\"panel-grid-cell\" ><div id=\"panel-5557-0-1-0\" class=\"so-panel widget widget_sow-editor panel-first-child panel-last-child\" data-index=\"1\" ><div\n\t\t\t\n\t\t\tclass=\"so-widget-sow-editor so-widget-sow-editor-base\"\n\t\t\t\n\t\t>\n<div class=\"siteorigin-widget-tinymce textwidget\">\n\t<ul>\n<li><span style=\"color: #000000;\"><strong>Le 17 mars 2023<\/strong><strong>, 15H &amp; 20H<\/strong><\/span><br \/>\n<span style=\"color: #000000;\">Ouverture des portes \u00e0 14h30<\/span><\/li>\n<li><span style=\"color: #000000;\"><strong>Le 16 juin 2023, 20H<br \/>\n<\/strong>Ouverture des portes \u00e0 19h30<\/span><\/li>\n<\/ul>\n<p><span style=\"color: #000000;\">Par la <b>Compagnie Acte II<\/b><br \/>\nTexte - Distribution <strong>Katia Ghanty<\/strong><strong><br \/>\n<\/strong><\/span><\/p>\n<div class=\"page\" title=\"Page 28\">\n<div class=\"layoutArea\">\n<div class=\"column\"><span style=\"color: #000000;\">Regard ext\u00e9rieur : <strong>Eric Bu<br \/>\n<\/strong><\/span><\/div>\n<\/div>\n<\/div>\n<p><span style=\"color: #000000;\"><strong>Dur\u00e9e<\/strong> : 60 min<\/span><\/p>\n<p><span style=\"color: #000000;\">\u00c0 partir de 15 ans<\/span><\/p>\n<div class=\"page\" title=\"Page 26\">\n<div class=\"layoutArea\">\n<p class=\"_04xlpA direction-ltr align-end para-style-body\"><span style=\"color: #000000;\"><strong><em><span class=\"JsGRdQ\">Cr\u00e9ation gagnante du concours <\/span><span class=\"JsGRdQ\">Votez Pour Moi #5 - <\/span><span class=\"JsGRdQ\">R\u00e9sidence d'accompagnement 2021-2024<\/span><\/em><\/strong><\/span><\/p>\n<\/div>\n<\/div>\n<\/div>\n<\/div><\/div><\/div><\/div><div id=\"pg-5557-1\"  class=\"panel-grid panel-no-style\" ><div id=\"pgc-5557-1-0\"  class=\"panel-grid-cell\" ><div id=\"panel-5557-1-0-0\" class=\"so-panel widget widget_sow-editor panel-first-child\" data-index=\"2\" ><div\n\t\t\t\n\t\t\tclass=\"so-widget-sow-editor so-widget-sow-editor-base\"\n\t\t\t\n\t\t>\n<div class=\"siteorigin-widget-tinymce textwidget\">\n\t<h3 style=\"text-align: center;\">17 mars \u00e0 15h00<\/h3>\n<\/div>\n<\/div><\/div><div id=\"panel-5557-1-0-1\" class=\"so-panel widget widget_sow-image\" data-index=\"3\" ><div\n\t\t\t\n\t\t\tclass=\"so-widget-sow-image so-widget-sow-image-default-8b5b6f678277-5557\"\n\t\t\t\n\t\t>\n<div class=\"sow-image-container\">\n\t\t\t<a href=\"https:\/\/www.helloasso.com\/associations\/jetzt\/evenements\/revenir-17-mars?_ga=2.100082010.570461625.1676882660-961816887.1662039883\"\n\t\t\ttarget=\"_blank\" rel=\"noopener noreferrer\" \t\t>\n\t\t\t<img \n\tsrc=\"https:\/\/annexeromainville.com\/wp-content\/uploads\/2023\/05\/billetterie.jpg\" width=\"1920\" height=\"250\" srcset=\"https:\/\/annexeromainville.com\/wp-content\/uploads\/2023\/05\/billetterie.jpg 1920w, https:\/\/annexeromainville.com\/wp-content\/uploads\/2023\/05\/billetterie-300x39.jpg 300w, https:\/\/annexeromainville.com\/wp-content\/uploads\/2023\/05\/billetterie-1024x133.jpg 1024w, https:\/\/annexeromainville.com\/wp-content\/uploads\/2023\/05\/billetterie-768x100.jpg 768w, https:\/\/annexeromainville.com\/wp-content\/uploads\/2023\/05\/billetterie-1536x200.jpg 1536w\" sizes=\"(max-width: 1920px) 100vw, 1920px\" title=\"billetterie\" alt=\"\" loading=\"lazy\" \t\tclass=\"so-widget-image\"\/>\n\t\t\t<\/a><\/div>\n\n<\/div><\/div><div id=\"panel-5557-1-0-2\" class=\"so-panel widget widget_sow-editor\" data-index=\"4\" ><div\n\t\t\t\n\t\t\tclass=\"so-widget-sow-editor so-widget-sow-editor-base\"\n\t\t\t\n\t\t>\n<div class=\"siteorigin-widget-tinymce textwidget\">\n\t<h3 style=\"text-align: center;\">17 mars \u00e0 20h00<\/h3>\n<\/div>\n<\/div><\/div><div id=\"panel-5557-1-0-3\" class=\"so-panel widget widget_sow-image panel-last-child\" data-index=\"5\" ><div\n\t\t\t\n\t\t\tclass=\"so-widget-sow-image so-widget-sow-image-default-8b5b6f678277-5557\"\n\t\t\t\n\t\t>\n<div class=\"sow-image-container\">\n\t\t\t<a href=\"https:\/\/www.helloasso.com\/associations\/jetzt\/evenements\/revenir-17-mars-2\"\n\t\t\ttarget=\"_blank\" rel=\"noopener noreferrer\" \t\t>\n\t\t\t<img \n\tsrc=\"https:\/\/annexeromainville.com\/wp-content\/uploads\/2023\/05\/billetterie.jpg\" width=\"1920\" height=\"250\" srcset=\"https:\/\/annexeromainville.com\/wp-content\/uploads\/2023\/05\/billetterie.jpg 1920w, https:\/\/annexeromainville.com\/wp-content\/uploads\/2023\/05\/billetterie-300x39.jpg 300w, https:\/\/annexeromainville.com\/wp-content\/uploads\/2023\/05\/billetterie-1024x133.jpg 1024w, https:\/\/annexeromainville.com\/wp-content\/uploads\/2023\/05\/billetterie-768x100.jpg 768w, https:\/\/annexeromainville.com\/wp-content\/uploads\/2023\/05\/billetterie-1536x200.jpg 1536w\" sizes=\"(max-width: 1920px) 100vw, 1920px\" title=\"billetterie\" alt=\"\" loading=\"lazy\" \t\tclass=\"so-widget-image\"\/>\n\t\t\t<\/a><\/div>\n\n<\/div><\/div><\/div><div id=\"pgc-5557-1-1\"  class=\"panel-grid-cell\" ><div id=\"panel-5557-1-1-0\" class=\"so-panel widget widget_sow-editor panel-first-child\" data-index=\"6\" ><div\n\t\t\t\n\t\t\tclass=\"so-widget-sow-editor so-widget-sow-editor-base\"\n\t\t\t\n\t\t>\n<div class=\"siteorigin-widget-tinymce textwidget\">\n\t<h3 style=\"text-align: center;\">16 juin \u00e0 20h00<\/h3>\n<\/div>\n<\/div><\/div><div id=\"panel-5557-1-1-1\" class=\"so-panel widget widget_sow-image panel-last-child\" data-index=\"7\" ><div\n\t\t\t\n\t\t\tclass=\"so-widget-sow-image so-widget-sow-image-default-8b5b6f678277-5557\"\n\t\t\t\n\t\t>\n<div class=\"sow-image-container\">\n\t\t\t<a href=\"https:\/\/www.helloasso.com\/associations\/jetzt\/evenements\/revenir\"\n\t\t\ttarget=\"_blank\" rel=\"noopener noreferrer\" \t\t>\n\t\t\t<img \n\tsrc=\"https:\/\/annexeromainville.com\/wp-content\/uploads\/2023\/05\/billetterie.jpg\" width=\"1920\" height=\"250\" srcset=\"https:\/\/annexeromainville.com\/wp-content\/uploads\/2023\/05\/billetterie.jpg 1920w, https:\/\/annexeromainville.com\/wp-content\/uploads\/2023\/05\/billetterie-300x39.jpg 300w, https:\/\/annexeromainville.com\/wp-content\/uploads\/2023\/05\/billetterie-1024x133.jpg 1024w, https:\/\/annexeromainville.com\/wp-content\/uploads\/2023\/05\/billetterie-768x100.jpg 768w, https:\/\/annexeromainville.com\/wp-content\/uploads\/2023\/05\/billetterie-1536x200.jpg 1536w\" sizes=\"(max-width: 1920px) 100vw, 1920px\" title=\"billetterie\" alt=\"\" loading=\"lazy\" \t\tclass=\"so-widget-image\"\/>\n\t\t\t<\/a><\/div>\n\n<\/div><\/div><\/div><\/div><div id=\"pg-5557-2\"  class=\"panel-grid panel-no-style\" ><div id=\"pgc-5557-2-0\"  class=\"panel-grid-cell\" ><div id=\"panel-5557-2-0-0\" class=\"so-panel widget widget_sow-editor panel-first-child panel-last-child\" data-index=\"8\" ><div\n\t\t\t\n\t\t\tclass=\"so-widget-sow-editor so-widget-sow-editor-base\"\n\t\t\t\n\t\t>\n<div class=\"siteorigin-widget-tinymce textwidget\">\n\t<p class=\"_04xlpA direction-ltr align-justify para-style-body\" style=\"text-align: left;\"><span class=\"JsGRdQ\" style=\"color: #000000;\">Printemps 2016. Une jeune femme tombe malade. La grippe, quoi de plus banal. Mais la maladie s'aggrave brutalement, et la jeune femme est transport\u00e9e d'urgence \u00e0 l'h\u00f4pital, en r\u00e9animation. Son pronostic vital est engag\u00e9, son c\u0153ur tr\u00e8s affaibli : l'\u00e9quipe m\u00e9dicale d\u00e9cide de lui greffer une machine de circulation extra-corporelle.<\/span><\/p>\n<p class=\"_04xlpA direction-ltr align-justify para-style-body\" style=\"text-align: left;\"><span class=\"JsGRdQ\" style=\"color: #000000;\">Apr\u00e8s avoir surv\u00e9cu \u00e0 un tel choc, comment faire pour continuer \u00e0 avancer ? Comment revenir au monde ?<\/span><\/p>\n<p class=\"_04xlpA direction-ltr align-justify para-style-body\" style=\"text-align: left;\"><span style=\"color: #000000;\"><em>Une plong\u00e9e dans l\u2019univers surr\u00e9aliste, \u00e9pique et tragi-comique de la r\u00e9animation. Un questionnement sur la r\u00e9silience, et sur le sens de l\u2019h\u00e9ro\u00efsme.<\/em><\/span><\/p>\n<\/div>\n<\/div><\/div><\/div><\/div><div id=\"pg-5557-3\"  class=\"panel-grid panel-no-style\" ><div id=\"pgc-5557-3-0\"  class=\"panel-grid-cell\" ><div id=\"panel-5557-3-0-0\" class=\"so-panel widget widget_sow-editor panel-first-child panel-last-child\" data-index=\"9\" ><div\n\t\t\t\n\t\t\tclass=\"so-widget-sow-editor so-widget-sow-editor-base\"\n\t\t\t\n\t\t><h3 class=\"widget-title\">Katia Ghanty<\/h3>\n<div class=\"siteorigin-widget-tinymce textwidget\">\n\t<div class=\"page\" title=\"Page 29\">\n<p><span style=\"color: #000000;\">Apr\u00e8s une licence d\u2019\u00e9tudes th\u00e9\u00e2trales et une formation \u00e0 l\u2019\u00e9cole de th\u00e9\u00e2tre Charles Dullin, Katia Ghanty travaille en tant que com\u00e9dienne et pianiste pour diverses compagnies, \u00e0 Paris et Orl\u00e9ans. Elle suit \u00e9galement une formation autour de l\u2019\u00e9criture du r\u00e9el avec le cin\u00e9aste Ren\u00e9 F\u00e9ret.<\/span><\/p>\n<div class=\"layoutArea\">\n<div class=\"column\">\n<p><span style=\"color: #000000;\">En 2017, elle publie le r\u00e9cit Les frottements du c\u0153ur, journal hospitalier, qui est depuis deux ans au programme des \u00e9coles de soins infirmiers. Revenir est son premier texte pour le th\u00e9\u00e2tre, au d\u00e9part pens\u00e9 comme une adaptation de son livre. Finalement, le projet \u00e9volue et s\u2019\u00e9loigne du r\u00e9cit d\u2019origine.<\/span><\/p>\n<\/div>\n<\/div>\n<\/div>\n<\/div>\n<\/div><\/div><\/div><div id=\"pgc-5557-3-1\"  class=\"panel-grid-cell\" ><div id=\"panel-5557-3-1-0\" class=\"so-panel widget widget_sow-image panel-first-child panel-last-child\" data-index=\"10\" ><div\n\t\t\t\n\t\t\tclass=\"so-widget-sow-image so-widget-sow-image-default-8b5b6f678277-5557\"\n\t\t\t\n\t\t><\/div><\/div><\/div><\/div><\/div>","protected":false},"excerpt":{"rendered":"<p>Le 17 mars 2023, 15H &amp; 20H Ouverture des portes \u00e0 14h30 Le 16 juin 2023, 20H Ouverture des portes \u00e0 19h30 Par la Compagnie Acte II Texte &#8211; Distribution<span class=\"read-more-wrap\"><a class=\"moretag\" href=\"https:\/\/annexeromainville.com\/index.php\/revenir\/\">Lire la suite<span class=\"screen-reader-text\">REVENIR<\/span><\/a><\/span><\/p>\n","protected":false},"author":2,"featured_media":0,"parent":0,"menu_order":0,"comment_status":"closed","ping_status":"closed","template":"","meta":{"_bbp_topic_count":0,"_bbp_reply_count":0,"_bbp_total_topic_count":0,"_bbp_total_reply_count":0,"_bbp_voice_count":0,"_bbp_anonymous_reply_count":0,"_bbp_topic_count_hidden":0,"_bbp_reply_count_hidden":0,"_bbp_forum_subforum_count":0,"ngg_post_thumbnail":0},"_links":{"self":[{"href":"https:\/\/annexeromainville.com\/index.php\/wp-json\/wp\/v2\/pages\/5557"}],"collection":[{"href":"https:\/\/annexeromainville.com\/index.php\/wp-json\/wp\/v2\/pages"}],"about":[{"href":"https:\/\/annexeromainville.com\/index.php\/wp-json\/wp\/v2\/types\/page"}],"author":[{"embeddable":true,"href":"https:\/\/annexeromainville.com\/index.php\/wp-json\/wp\/v2\/users\/2"}],"replies":[{"embeddable":true,"href":"https:\/\/annexeromainville.com\/index.php\/wp-json\/wp\/v2\/comments?post=5557"}],"version-history":[{"count":75,"href":"https:\/\/annexeromainville.com\/index.php\/wp-json\/wp\/v2\/pages\/5557\/revisions"}],"predecessor-version":[{"id":8414,"href":"https:\/\/annexeromainville.com\/index.php\/wp-json\/wp\/v2\/pages\/5557\/revisions\/8414"}],"wp:attachment":[{"href":"https:\/\/annexeromainville.com\/index.php\/wp-json\/wp\/v2\/media?parent=5557"}],"curies":[{"name":"wp","href":"https:\/\/api.w.org\/{rel}","templated":true}]}}