{"id":5574,"date":"2021-06-25T09:39:54","date_gmt":"2021-06-25T08:39:54","guid":{"rendered":"http:\/\/annexeromainville.com\/?page_id=5574"},"modified":"2021-09-06T14:03:25","modified_gmt":"2021-09-06T13:03:25","slug":"atelier-formation-musicale","status":"publish","type":"page","link":"https:\/\/annexeromainville.com\/index.php\/atelier-formation-musicale\/","title":{"rendered":"ATELIER FORMATION MUSICALE"},"content":{"rendered":"<div id=\"pl-5574\"  class=\"panel-layout\" ><div id=\"pg-5574-0\"  class=\"panel-grid panel-no-style\" ><div id=\"pgc-5574-0-0\"  class=\"panel-grid-cell\" ><div id=\"panel-5574-0-0-0\" class=\"so-panel widget widget_sow-editor panel-first-child panel-last-child\" data-index=\"0\" ><div\n\t\t\t\n\t\t\tclass=\"so-widget-sow-editor so-widget-sow-editor-base\"\n\t\t\t\n\t\t><h3 class=\"widget-title\">PR\u00c9SENTATION<\/h3>\n<div class=\"siteorigin-widget-tinymce textwidget\">\n\t<p style=\"text-align: justify;\"><span style=\"color: #000000;\">Si nous regardons dans des dictionnaires la d\u00e9finition du mot \u00ab Solf\u00e8ge \u00bb, dans ces th\u00e9saurus de la connaissance, nous trouvons \u00ab outil visant \u00e0 former des musiciens en bons lecteurs et th\u00e9oriciens \u00bb.<\/span><br \/>\n<span style=\"color: #000000;\">La formation musicale est bien plus que cette \u00e9troite d\u00e9finition. La formation musicale est tout d\u2019abord un apprentissage ludique ! Pratiquer la formation musicale n\u2019est plus taper des rythmes sur la table avec son stylo, mais c\u2019est aussi ressentir corporellement et en mouvement la musique, cr\u00e9er le lien avec le cours d\u2019instruments et les pratiques collectives, etc...<\/span><\/p>\n<p style=\"text-align: justify;\"><span style=\"color: #000000;\">C\u2019est aussi d\u00e9velopper la motivation de l\u2019\u00e9l\u00e8ve, son \u00e9panouissement, le plaisir de jouer et sa curiosit\u00e9.<\/span><br \/>\n<span style=\"color: #000000;\">A travers la pratique de la formation musicale et de son instrument, l\u2019\u00e9l\u00e8ve se socialise lors du travail en groupe, et prend des responsabilit\u00e9s pour sa propre progression et celle de la classe.<\/span><\/p>\n<h2 style=\"text-align: justify;\"><span style=\"color: #ffcc00;\">PRATIQUER L'ART DE LA MUSIQUE <\/span><\/h2>\n<p style=\"text-align: justify;\"><span style=\"color: #000000;\">La formation musicale a pour but d\u2019apporter l\u2019autonomie du musicien, et donc qu\u2019il devienne acteur dans son apprentissage et s\u2019inscrive dans une r\u00e9elle dynamique de recherches de connaissances ou de solutions musicales\/th\u00e9oriques :&nbsp;pratiquer l\u2019Art de la musique<\/span><\/p>\n<\/div>\n<\/div><\/div><\/div><\/div><div id=\"pg-5574-1\"  class=\"panel-grid panel-no-style\" ><div id=\"pgc-5574-1-0\"  class=\"panel-grid-cell\" ><div id=\"panel-5574-1-0-0\" class=\"so-panel widget widget_sow-editor panel-first-child panel-last-child\" data-index=\"1\" ><div\n\t\t\t\n\t\t\tclass=\"so-widget-sow-editor so-widget-sow-editor-base\"\n\t\t\t\n\t\t>\n<div class=\"siteorigin-widget-tinymce textwidget\">\n\t<p style=\"text-align: justify;\"><span style=\"color: #000000;\">Si l\u2019\u00e9l\u00e8ve rencontre une notion inconnue, nous l\u2019aiderons \u00e0 trouver les clefs pour d\u00e9cortiquer, analyser, d\u00e9coder, comprendre et enfin la retransmettre. Nous cherchons au maximum \u00e0 \u00e9loigner le sentiment de frustration, et enrichir le plaisir de l\u2019enfant \u00e0 la d\u00e9couverte de nouvelles notions.<\/span><\/p>\n<\/div>\n<\/div><\/div><\/div><div id=\"pgc-5574-1-1\"  class=\"panel-grid-cell\" ><div id=\"panel-5574-1-1-0\" class=\"so-panel widget widget_sow-editor panel-first-child panel-last-child\" data-index=\"2\" ><div\n\t\t\t\n\t\t\tclass=\"so-widget-sow-editor so-widget-sow-editor-base\"\n\t\t\t\n\t\t>\n<div class=\"siteorigin-widget-tinymce textwidget\">\n\t<p style=\"text-align: justify;\"><span style=\"color: #000000;\">Nous amenons l\u2019\u00e9l\u00e8ve \u00e0 faire face \u00e0 ses difficult\u00e9s, \u00e0 prendre conscience et \u00e0 comprendre le travail du musicien : r\u00e9p\u00e9tition des mouvements, recherche du son, du doigt\u00e9, etc.<\/span><\/p>\n<\/div>\n<\/div><\/div><\/div><\/div><div id=\"pg-5574-2\"  class=\"panel-grid panel-no-style\" ><div id=\"pgc-5574-2-0\"  class=\"panel-grid-cell panel-grid-cell-empty\" ><\/div><div id=\"pgc-5574-2-1\"  class=\"panel-grid-cell panel-grid-cell-mobile-last\" ><div id=\"panel-5574-2-1-0\" class=\"so-panel widget widget_sow-editor panel-first-child panel-last-child\" data-index=\"3\" ><div\n\t\t\t\n\t\t\tclass=\"so-widget-sow-editor so-widget-sow-editor-base\"\n\t\t\t\n\t\t>\n<div class=\"siteorigin-widget-tinymce textwidget\">\n\t<p style=\"text-align: justify;\"><span style=\"color: #000000;\">Tout au long des cours, l\u2019\u00e9l\u00e8ve va d\u00e9couvrir et devoir commenter des \u00e9coutes - propo-s\u00e9es au d\u00e9but par les professeurs - de diff\u00e9rentes esth\u00e9tiques et \u00e9poques musicales. Petit \u00e0 petit, l\u2019\u00e9l\u00e8ve va explorer de nouveaux chemins musicaux et les partager au sein de la classe. Toutes sortes de supports sont utilis\u00e9es pour le partage de la connaissance en cours. La musique ne se r\u00e9sume par \u00e0 un CD. L\u2019\u00e9l\u00e8ve va prendre conscience de l\u2019environnement musical qui l\u2019entoure : concerts, radio, con-f\u00e9rences, cin\u00e9ma, expositions, pratiques d\u2019ensembles, reportages, Internet.<\/span><\/p>\n<\/div>\n<\/div><\/div><\/div><div id=\"pgc-5574-2-2\"  class=\"panel-grid-cell panel-grid-cell-empty\" ><\/div><\/div><div id=\"pg-5574-3\"  class=\"panel-grid panel-no-style\" ><div id=\"pgc-5574-3-0\"  class=\"panel-grid-cell\" ><div id=\"panel-5574-3-0-0\" class=\"so-panel widget widget_sow-editor panel-first-child\" data-index=\"4\" ><div\n\t\t\t\n\t\t\tclass=\"so-widget-sow-editor so-widget-sow-editor-base\"\n\t\t\t\n\t\t><h3 class=\"widget-title\">LA METHODE<\/h3>\n<div class=\"siteorigin-widget-tinymce textwidget\">\n\t<p style=\"text-align: justify;\"><span style=\"color: #000000;\">Notre pr\u00e9occupation n\u2019est plus de simplement transmettre des principes immuables, mais utiliser la formation comme un outil pour d\u00e9couvrir la musique, la comprendre, la ressentir, prendre du plaisir, transmettre et enfin ouvrir le chemin de la cr\u00e9ation musicale. <\/span><\/p>\n<h2 style=\"text-align: justify;\"><span style=\"color: #ffcc00;\">La formation est un moyen de recherche et d\u2019affirmation d\u2019une personnalit\u00e9 artistique pour chacun des \u00e9l\u00e8ves.<\/span><\/h2>\n<p style=\"text-align: justify;\"><span style=\"color: #000000;\">Les \u00e9l\u00e8ves, en cours, se r\u00e9unissent autour d\u2019un apprentissage commun - quel que soit leur instrument, leur \u00e2ge ou leur niveau scolaire - o\u00f9 ils peuvent apporter leurs connaissances lors d\u2019\u00e9changes. Ils apprennent \u00e0 devenir musiciens - compr\u00e9hension, interpr\u00e9tation, cr\u00e9ation - .<\/span><\/p>\n<\/div>\n<\/div><\/div><div id=\"panel-5574-3-0-1\" class=\"so-panel widget widget_sow-editor\" data-index=\"5\" ><div\n\t\t\t\n\t\t\tclass=\"so-widget-sow-editor so-widget-sow-editor-base\"\n\t\t\t\n\t\t><h3 class=\"widget-title\">LES ENJEUX P\u00c9DAGOGIQUES :<\/h3>\n<div class=\"siteorigin-widget-tinymce textwidget\">\n\t<h2 style=\"text-align: justify;\"><span style=\"color: #000000;\"><span style=\"color: #ffcc00;\">L'ENSEIGNEMENT DE LA PRATIQUE MUSICALE<\/span> <\/span><\/h2>\n<p style=\"text-align: justify;\"><span style=\"color: #000000;\">N\u2019est pas pratiqu\u00e9e de la m\u00eame mani\u00e8re que les autres mati\u00e8res scolaires. Le travail peut \u00eatre autant \u00ab \u00e0 la table \u00bb que en dansant et bougeant dans la salle.<\/span><\/p>\n<h2 style=\"text-align: justify;\"><span style=\"color: #000000;\"><span style=\"color: #ffcc00;\">LA RELATION PEDAGOGIQUE<\/span> <\/span><\/h2>\n<p style=\"text-align: justify;\"><span style=\"color: #000000;\">Entre professeur et \u00e9l\u00e8ve est aussi diff\u00e9rente. N\u2019oublions pas que le professeur est avant tout un musicien et artiste. En plus d\u2019apporter tout le bagage de notions&nbsp;<\/span><span style=\"color: #000000;\">musicales propre \u00e0 la formation musicale, le p\u00e9dagogue\/artiste apporte aussi son propre bagage artistique qui va nourrir la classe et encadrer les r\u00e9flexions musicales de la classe. Dans cette dynamique, chaque \u00e9l\u00e8ve est tout aussi acteur pour son propre apprentissage et de celui de la classe : il partage ses connaissances, son ressenti lors d\u2019\u00e9changes.<\/span><\/p>\n<p style=\"text-align: justify;\"><span style=\"color: #000000;\">Pendant l\u2019Atelier, l\u2019auto-\u00e9valuation est aussi tr\u00e8s importante : l\u2019\u00e9l\u00e8ve devient acteur dans sa courbe de progression.<\/span><\/p>\n<\/div>\n<\/div><\/div><div id=\"panel-5574-3-0-2\" class=\"so-panel widget widget_sow-editor panel-last-child\" data-index=\"6\" ><div\n\t\t\t\n\t\t\tclass=\"so-widget-sow-editor so-widget-sow-editor-base\"\n\t\t\t\n\t\t><h3 class=\"widget-title\">LE CONTENU<\/h3>\n<div class=\"siteorigin-widget-tinymce textwidget\">\n\t<h2 style=\"text-align: justify;\"><span style=\"color: #ffcc00;\">SYNTHESE DES ACTIVITES ETUDIEES<\/span><\/h2>\n<ul>\n<li><span style=\"color: #000000;\">Lecture de notes, dict\u00e9e de notes.<\/span><\/li>\n<li><span style=\"color: #000000;\">Lectures de rythmes, dict\u00e9e de rythmes, invention.<\/span><\/li>\n<li><span style=\"color: #000000;\">Lecture chant\u00e9e, invention.<\/span><\/li>\n<li><span style=\"color: #000000;\">Th\u00e9orie.<\/span><\/li>\n<li><span style=\"color: #000000;\">Culture musicale et \u00e9coute.<\/span><\/li>\n<li><span style=\"color: #000000;\">Cr\u00e9ation.<\/span><\/li>\n<\/ul>\n<\/div>\n<\/div><\/div><\/div><\/div><div id=\"pg-5574-4\"  class=\"panel-grid panel-no-style\" ><div id=\"pgc-5574-4-0\"  class=\"panel-grid-cell\" ><div id=\"panel-5574-4-0-0\" class=\"so-panel widget widget_sow-editor panel-first-child panel-last-child\" data-index=\"7\" ><div\n\t\t\t\n\t\t\tclass=\"so-widget-sow-editor so-widget-sow-editor-base\"\n\t\t\t\n\t\t>\n<div class=\"siteorigin-widget-tinymce textwidget\">\n\t<h2><span style=\"color: #ffcc00;\"><strong>PUBLICS<\/strong><\/span><\/h2>\n<p><span style=\"color: #000000;\"><strong>Nombre<\/strong> : 10 participants (sous r\u00e9serve des protocoles sanitaires)<\/span><br \/>\n<span style=\"color: #000000;\"><strong>Territoire<\/strong> : Ouvert aux enfants de Romainville d'EST-ENSEMBLE<\/span><br \/>\n<span style=\"color: #000000;\"><strong>\u00c2ge<\/strong> : \u00e0 partir de 7 ans 11 ans<\/span><\/p>\n<\/div>\n<\/div><\/div><\/div><div id=\"pgc-5574-4-1\"  class=\"panel-grid-cell\" ><div id=\"panel-5574-4-1-0\" class=\"so-panel widget widget_sow-editor panel-first-child panel-last-child\" data-index=\"8\" ><div\n\t\t\t\n\t\t\tclass=\"so-widget-sow-editor so-widget-sow-editor-base\"\n\t\t\t\n\t\t>\n<div class=\"siteorigin-widget-tinymce textwidget\">\n\t<h2><strong><span style=\"color: #ffcc00;\">LIEU<\/span><\/strong><\/h2>\n<p><span style=\"color: #000000;\">Les Ateliers ont lieu \u00e0 L\u2019ANNEXE, 45 avenue de Verdun, 93230 Romainville.<br \/>\n<\/span><\/p>\n<\/div>\n<\/div><\/div><\/div><\/div><div id=\"pg-5574-5\"  class=\"panel-grid panel-no-style\" ><div id=\"pgc-5574-5-0\"  class=\"panel-grid-cell\" ><div id=\"panel-5574-5-0-0\" class=\"so-panel widget widget_sow-editor panel-first-child panel-last-child\" data-index=\"9\" ><div\n\t\t\t\n\t\t\tclass=\"so-widget-sow-editor so-widget-sow-editor-base\"\n\t\t\t\n\t\t>\n<div class=\"siteorigin-widget-tinymce textwidget\">\n\t<h2><span style=\"color: #ffcc00;\"><strong>CALENDRIER<\/strong><\/span><\/h2>\n<p><span style=\"color: #000000;\"><strong>Atelier 11 - 13 ans<\/strong> :<\/span><\/p>\n<ul>\n<li><span style=\"color: #000000;\">A partir du Samedi 25 septembre, de 10h \u00e0 12h<\/span><\/li>\n<li><span style=\"color: #000000;\">Sauf pendant les vacances Scolaire et jours f\u00e9ri\u00e9s<\/span><\/li>\n<\/ul>\n<p><span style=\"color: #000000;\"><strong>Atelier 7 - 10 ans<\/strong> :<\/span><\/p>\n<ul>\n<li><span style=\"color: #000000;\">A partir de lundi 20 septembre, de 17h \u00e0 18h.<br \/>\n<\/span><\/li>\n<li><span style=\"color: #000000;\">Sauf pendant les vacances Scolaire et jours f\u00e9ri\u00e9s<\/span><\/li>\n<\/ul>\n<\/div>\n<\/div><\/div><\/div><div id=\"pgc-5574-5-1\"  class=\"panel-grid-cell\" ><div id=\"panel-5574-5-1-0\" class=\"so-panel widget widget_sow-editor panel-first-child panel-last-child\" data-index=\"10\" ><div\n\t\t\t\n\t\t\tclass=\"so-widget-sow-editor so-widget-sow-editor-base\"\n\t\t\t\n\t\t>\n<div class=\"siteorigin-widget-tinymce textwidget\">\n\t<h2><span style=\"color: #ffcc00;\"><strong>TARIF<\/strong><\/span><\/h2>\n<ul>\n<li><span style=\"color: #000000;\"><strong>580\u20ac<\/strong> \u00e0 l\u2019ann\u00e9e - Atelier de 2H les samedis (11-13 ans)<br \/>\n<\/span><\/li>\n<li><span style=\"color: #000000;\"><strong>290\u20ac<\/strong> \u00e0 l\u2019ann\u00e9e - Atelier de 1H les lundis (7 - 10 ans)<br \/>\n<\/span><\/li>\n<\/ul>\n<p><span style=\"color: #000000;\">Inscription \u00e0 L'ann\u00e9e, Possibilit\u00e9 de paiement en 3 fois.<\/span><\/p>\n<p><a href=\"http:\/\/annexeromainville.com\/wp-content\/uploads\/2021\/08\/fiche-inscription-atelier-musique-21-22-Enfant.pdf\">Fiche d'Inscription 2021 \/ 2022<\/a><\/p>\n<\/div>\n<\/div><\/div><\/div><\/div><div id=\"pg-5574-6\"  class=\"panel-grid panel-no-style\" ><div id=\"pgc-5574-6-0\"  class=\"panel-grid-cell\" ><div id=\"panel-5574-6-0-0\" class=\"so-panel widget widget_sow-editor panel-first-child panel-last-child\" data-index=\"11\" ><div\n\t\t\t\n\t\t\tclass=\"so-widget-sow-editor so-widget-sow-editor-base\"\n\t\t\t\n\t\t>\n<div class=\"siteorigin-widget-tinymce textwidget\">\n\t<h2><span style=\"color: #ffcc00;\"><strong>L\u2019\u00c9QUIPE<\/strong><\/span><\/h2>\n<p><span style=\"color: #000000;\">Atelier propos\u00e9 par la Compagnie JETZT.<\/span><br \/>\n<span style=\"color: #000000;\">Musicien professionnel<\/span><\/p>\n<\/div>\n<\/div><\/div><\/div><div id=\"pgc-5574-6-1\"  class=\"panel-grid-cell\" ><div id=\"panel-5574-6-1-0\" class=\"so-panel widget widget_sow-editor panel-first-child panel-last-child\" data-index=\"12\" ><div\n\t\t\t\n\t\t\tclass=\"so-widget-sow-editor so-widget-sow-editor-base\"\n\t\t\t\n\t\t>\n<div class=\"siteorigin-widget-tinymce textwidget\">\n\t<h2><span style=\"color: #ffcc00;\"><strong>CONTACT<\/strong><\/span><\/h2>\n<p><span style=\"color: #000000;\">09 53 14 50 99<\/span><br \/>\n<span style=\"color: #000000;\">contact@annexeromainville.com<\/span><br \/>\n<span style=\"color: #000000;\">annexeromainville.com<\/span><\/p>\n<\/div>\n<\/div><\/div><\/div><\/div><\/div>","protected":false},"excerpt":{"rendered":"<p>Si nous regardons dans des dictionnaires la d\u00e9finition du mot \u00ab Solf\u00e8ge \u00bb, dans ces th\u00e9saurus de la connaissance, nous trouvons \u00ab outil visant \u00e0 former des musiciens en bons<span class=\"read-more-wrap\"><a class=\"moretag\" href=\"https:\/\/annexeromainville.com\/index.php\/atelier-formation-musicale\/\">Lire la suite<span class=\"screen-reader-text\">ATELIER FORMATION MUSICALE<\/span><\/a><\/span><\/p>\n","protected":false},"author":2,"featured_media":0,"parent":0,"menu_order":0,"comment_status":"closed","ping_status":"closed","template":"","meta":{"_bbp_topic_count":0,"_bbp_reply_count":0,"_bbp_total_topic_count":0,"_bbp_total_reply_count":0,"_bbp_voice_count":0,"_bbp_anonymous_reply_count":0,"_bbp_topic_count_hidden":0,"_bbp_reply_count_hidden":0,"_bbp_forum_subforum_count":0,"ngg_post_thumbnail":0},"_links":{"self":[{"href":"https:\/\/annexeromainville.com\/index.php\/wp-json\/wp\/v2\/pages\/5574"}],"collection":[{"href":"https:\/\/annexeromainville.com\/index.php\/wp-json\/wp\/v2\/pages"}],"about":[{"href":"https:\/\/annexeromainville.com\/index.php\/wp-json\/wp\/v2\/types\/page"}],"author":[{"embeddable":true,"href":"https:\/\/annexeromainville.com\/index.php\/wp-json\/wp\/v2\/users\/2"}],"replies":[{"embeddable":true,"href":"https:\/\/annexeromainville.com\/index.php\/wp-json\/wp\/v2\/comments?post=5574"}],"version-history":[{"count":16,"href":"https:\/\/annexeromainville.com\/index.php\/wp-json\/wp\/v2\/pages\/5574\/revisions"}],"predecessor-version":[{"id":5884,"href":"https:\/\/annexeromainville.com\/index.php\/wp-json\/wp\/v2\/pages\/5574\/revisions\/5884"}],"wp:attachment":[{"href":"https:\/\/annexeromainville.com\/index.php\/wp-json\/wp\/v2\/media?parent=5574"}],"curies":[{"name":"wp","href":"https:\/\/api.w.org\/{rel}","templated":true}]}}