{"id":581,"date":"2016-12-28T16:53:54","date_gmt":"2016-12-28T15:53:54","guid":{"rendered":"http:\/\/annexedutraindevie.com\/?page_id=581"},"modified":"2016-12-28T16:56:57","modified_gmt":"2016-12-28T15:56:57","slug":"biographie-fleur-sulmont","status":"publish","type":"page","link":"https:\/\/annexeromainville.com\/index.php\/biographie-fleur-sulmont\/","title":{"rendered":"Biographie : Fleur Sulmont"},"content":{"rendered":"<p><span style=\"color: #000000;\"><a href=\"http:\/\/annexedutraindevie.com\/wp-content\/uploads\/2016\/12\/Fleur-Sulmont.jpg\"><img loading=\"lazy\" class=\" wp-image-582 alignleft\" src=\"http:\/\/annexedutraindevie.com\/wp-content\/uploads\/2016\/12\/Fleur-Sulmont.jpg\" alt=\"\" width=\"260\" height=\"347\" srcset=\"https:\/\/annexeromainville.com\/wp-content\/uploads\/2016\/12\/Fleur-Sulmont.jpg 428w, https:\/\/annexeromainville.com\/wp-content\/uploads\/2016\/12\/Fleur-Sulmont-224x300.jpg 224w\" sizes=\"(max-width: 260px) 100vw, 260px\" \/><\/a><\/span><\/p>\n<p><span style=\"color: #000000;\">Depuis sa sortie du CNSAD en 2001, Fleur Sulmont travaille en tant que com\u00e9dienne dans les spectacles de Fr\u00e9d\u00e9ric Sonntag au sein de la Compagnie AsaNIsiMAsa. Elle travaille \u00e9galement avec H\u00e9di Tillette de Clermont Tonnerre, Jo\u00ebl Jouanneau (<em>Jojo le r\u00e9cidiviste<\/em> de Joseph Danan), Delphine Lamand, Vincent Rafis, Florent Trochel\u2026<\/span><br \/>\n<span style=\"color: #000000;\"> Elle rencontre Jan Fabre lors du stage de <em>l\u2019\u00c9cole des Ma\u00eetres<\/em>, ce qui \u00e9veille son int\u00e9r\u00eat pour une approche plus corporelle de l&#8217;interpr\u00e9tation.<\/span><br \/>\n<span style=\"color: #000000;\"> Elle tourne entre autres des court-m\u00e9trage avec Arnaud Bigeard, et participe au projet <em>Une Histoire de Folie <\/em>avec Mieke Bal et Michelle Williams Gamaker.<\/span><br \/>\n<span style=\"color: #000000;\"> En 2016, elle a assist\u00e9e Odile Grosset-Grange dans sa cr\u00e9ation jeune public <em>Le Gar\u00e7on \u00e0 la valise<\/em> (Mike Kenny) et le circassien Sylvain Julien pour sa prochaine cr\u00e9ation.<\/span><br \/>\n<span style=\"color: #000000;\"> Depuis 2010, Fleur Sulmont dirige \u00e9galement des ateliers de Th\u00e9\u00e2tre et d&#8217;Art Plastique avec des enfants issus de Centres Sociaux. Elle travaille \u00e9galement r\u00e9guli\u00e8rement avec des \u00e9l\u00e8ves dans le cadre d&#8217;actions culturelles.<\/span><\/p>\n","protected":false},"excerpt":{"rendered":"<p>Depuis sa sortie du CNSAD en 2001, Fleur Sulmont travaille en tant que com\u00e9dienne dans les spectacles de Fr\u00e9d\u00e9ric Sonntag au sein de la Compagnie AsaNIsiMAsa. Elle travaille \u00e9galement avec<span class=\"read-more-wrap\"><a class=\"moretag\" href=\"https:\/\/annexeromainville.com\/index.php\/biographie-fleur-sulmont\/\">Lire la suite<span class=\"screen-reader-text\">Biographie : Fleur Sulmont<\/span><\/a><\/span><\/p>\n","protected":false},"author":2,"featured_media":0,"parent":0,"menu_order":0,"comment_status":"closed","ping_status":"closed","template":"","meta":{"_bbp_topic_count":0,"_bbp_reply_count":0,"_bbp_total_topic_count":0,"_bbp_total_reply_count":0,"_bbp_voice_count":0,"_bbp_anonymous_reply_count":0,"_bbp_topic_count_hidden":0,"_bbp_reply_count_hidden":0,"_bbp_forum_subforum_count":0,"ngg_post_thumbnail":0},"_links":{"self":[{"href":"https:\/\/annexeromainville.com\/index.php\/wp-json\/wp\/v2\/pages\/581"}],"collection":[{"href":"https:\/\/annexeromainville.com\/index.php\/wp-json\/wp\/v2\/pages"}],"about":[{"href":"https:\/\/annexeromainville.com\/index.php\/wp-json\/wp\/v2\/types\/page"}],"author":[{"embeddable":true,"href":"https:\/\/annexeromainville.com\/index.php\/wp-json\/wp\/v2\/users\/2"}],"replies":[{"embeddable":true,"href":"https:\/\/annexeromainville.com\/index.php\/wp-json\/wp\/v2\/comments?post=581"}],"version-history":[{"count":2,"href":"https:\/\/annexeromainville.com\/index.php\/wp-json\/wp\/v2\/pages\/581\/revisions"}],"predecessor-version":[{"id":586,"href":"https:\/\/annexeromainville.com\/index.php\/wp-json\/wp\/v2\/pages\/581\/revisions\/586"}],"wp:attachment":[{"href":"https:\/\/annexeromainville.com\/index.php\/wp-json\/wp\/v2\/media?parent=581"}],"curies":[{"name":"wp","href":"https:\/\/api.w.org\/{rel}","templated":true}]}}