{"id":591,"date":"2016-12-28T17:46:05","date_gmt":"2016-12-28T16:46:05","guid":{"rendered":"http:\/\/annexedutraindevie.com\/?page_id=591"},"modified":"2016-12-29T11:33:33","modified_gmt":"2016-12-29T10:33:33","slug":"herve","status":"publish","type":"page","link":"https:\/\/annexeromainville.com\/index.php\/herve\/","title":{"rendered":"Herv\u00e9"},"content":{"rendered":"<h4 style=\"text-align: center;\"><span style=\"color: #000000;\"><strong><a href=\"http:\/\/annexedutraindevie.com\/wp-content\/uploads\/2016\/12\/Herv\u00e9-Affiche.png\"><img loading=\"lazy\" class=\"aligncenter wp-image-594\" src=\"http:\/\/annexedutraindevie.com\/wp-content\/uploads\/2016\/12\/Herv\u00e9-Affiche.png\" alt=\"\" width=\"469\" height=\"664\" srcset=\"https:\/\/annexeromainville.com\/wp-content\/uploads\/2016\/12\/Herv\u00e9-Affiche.png 1272w, https:\/\/annexeromainville.com\/wp-content\/uploads\/2016\/12\/Herv\u00e9-Affiche-212x300.png 212w, https:\/\/annexeromainville.com\/wp-content\/uploads\/2016\/12\/Herv\u00e9-Affiche-768x1087.png 768w, https:\/\/annexeromainville.com\/wp-content\/uploads\/2016\/12\/Herv\u00e9-Affiche-724x1024.png 724w, https:\/\/annexeromainville.com\/wp-content\/uploads\/2016\/12\/Herv\u00e9-Affiche-424x600.png 424w\" sizes=\"(max-width: 469px) 100vw, 469px\" \/><\/a><\/strong><\/span><\/h4>\n<h4 style=\"text-align: center;\"><span style=\"color: #000000;\"><strong>Herv\u00e9<\/strong><\/span><\/h4>\n<p style=\"text-align: center;\"><span style=\"color: #000000;\">Par <strong>Adrienne Olle<\/strong> et <strong>Johann Cuny<\/strong><\/span><br \/>\n<span style=\"color: #000000;\"> Avec <strong>Johann Cuny<\/strong><\/span><br \/>\n<span style=\"color: #000000;\"> Mise en Sc\u00e8ne d&#8217;<strong>Adrienne Olle<\/strong><\/span><\/p>\n<p style=\"text-align: center;\"><span style=\"color: #000000;\">Le vendredi <strong>3 mars<\/strong> \u00e0 20.00 et le samedi <strong>4 mars<\/strong> \u00e0 20.00<\/span><\/p>\n<p style=\"text-align: justify;\"><span style=\"color: #000000;\">Pour r\u00e9pondre \u00e0 l&#8217;appel d&#8217;un concours de po\u00e9sie national, Herv\u00e9, 15 ans, a une nuit pour \u00e9crire les quelques vers qui r\u00e9v\u00e9leront son g\u00e9nie litt\u00e9raire et assureront sa gloire, notamment aupr\u00e8s de ses camarades, qu&#8217;il d\u00e9teste, et de sa professeur de fran\u00e7ais dont il est follement amoureux. Il est d&#8217;embl\u00e9e emp\u00each\u00e9 dans sa qu\u00eate d&#8217;absolu po\u00e9tique par l&#8217;\u00e9nonc\u00e9 m\u00eame du concours, qui lui demande de s&#8217;inspirer de son quotidien trop m\u00e9diocre selon lui pour inspirer une quelconque \u0153uvre litt\u00e9raire. Il s&#8217;engage alors dans une longue errance sur le net, au cours de laquelle il doit faire face aux doutes et aux fantasmes que font na\u00eetre en lui les affronts de ses camarades de classe, et l&#8217;h\u00e9ritage \u00e9crasant des auteurs qu&#8217;il r\u00e9v\u00e8re.<\/span><\/p>\n<p style=\"text-align: justify;\"><span style=\"color: #000000;\">Le Spectacle a \u00e9t\u00e9 cr\u00e9e pour le Festival Mises en Capsules 2015 et a particip\u00e9 au Festival international francophone des arts vivants Passe Portes 2016, au cours duquel il s&#8217;est vu d\u00e9cern\u00e9 le Grand Prix du Jury<\/span><\/p>\n<p><span style=\"color: #000000;\"><span style=\"text-decoration: underline;\">Collaboration artistiqu<\/span>e : Alice B\u00e9roud \/ <span style=\"text-decoration: underline;\">Sc\u00e9nographie<\/span> : Emmanuel Maz\u00e9 \/ <span style=\"text-decoration: underline;\">Conception Vid\u00e9o<\/span> : Coffee and TV et Sammy Moron \/ <span style=\"text-decoration: underline;\">Musique<\/span> : Victor Suire<\/span><\/p>\n<hr \/>\n<p style=\"text-align: justify;\"><a href=\"http:\/\/annexedutraindevie.com\/index.php\/biographie-adrienne-olle\/\">Biographie d&#8217;Adrienne Olle<\/a><\/p>\n<p style=\"text-align: justify;\"><a href=\"http:\/\/annexedutraindevie.com\/index.php\/biographie-johann-cuny\/\">Biographie de Johann Cuny<\/a><\/p>\n<hr \/>\n<p style=\"text-align: justify;\"><a href=\"http:\/\/annexedutraindevie.com\/index.php\/reservation\/\">R\u00e9servation<\/a><\/p>\n","protected":false},"excerpt":{"rendered":"<p>Herv\u00e9 Par Adrienne Olle et Johann Cuny Avec Johann Cuny Mise en Sc\u00e8ne d&#8217;Adrienne Olle Le vendredi 3 mars \u00e0 20.00 et le samedi 4 mars \u00e0 20.00 Pour r\u00e9pondre<span class=\"read-more-wrap\"><a class=\"moretag\" href=\"https:\/\/annexeromainville.com\/index.php\/herve\/\">Lire la suite<span class=\"screen-reader-text\">Herv\u00e9<\/span><\/a><\/span><\/p>\n","protected":false},"author":2,"featured_media":0,"parent":0,"menu_order":0,"comment_status":"closed","ping_status":"closed","template":"","meta":{"_bbp_topic_count":0,"_bbp_reply_count":0,"_bbp_total_topic_count":0,"_bbp_total_reply_count":0,"_bbp_voice_count":0,"_bbp_anonymous_reply_count":0,"_bbp_topic_count_hidden":0,"_bbp_reply_count_hidden":0,"_bbp_forum_subforum_count":0,"ngg_post_thumbnail":0},"_links":{"self":[{"href":"https:\/\/annexeromainville.com\/index.php\/wp-json\/wp\/v2\/pages\/591"}],"collection":[{"href":"https:\/\/annexeromainville.com\/index.php\/wp-json\/wp\/v2\/pages"}],"about":[{"href":"https:\/\/annexeromainville.com\/index.php\/wp-json\/wp\/v2\/types\/page"}],"author":[{"embeddable":true,"href":"https:\/\/annexeromainville.com\/index.php\/wp-json\/wp\/v2\/users\/2"}],"replies":[{"embeddable":true,"href":"https:\/\/annexeromainville.com\/index.php\/wp-json\/wp\/v2\/comments?post=591"}],"version-history":[{"count":10,"href":"https:\/\/annexeromainville.com\/index.php\/wp-json\/wp\/v2\/pages\/591\/revisions"}],"predecessor-version":[{"id":616,"href":"https:\/\/annexeromainville.com\/index.php\/wp-json\/wp\/v2\/pages\/591\/revisions\/616"}],"wp:attachment":[{"href":"https:\/\/annexeromainville.com\/index.php\/wp-json\/wp\/v2\/media?parent=591"}],"curies":[{"name":"wp","href":"https:\/\/api.w.org\/{rel}","templated":true}]}}