{"id":593,"date":"2016-12-28T17:45:12","date_gmt":"2016-12-28T16:45:12","guid":{"rendered":"http:\/\/annexedutraindevie.com\/?page_id=593"},"modified":"2016-12-29T11:08:24","modified_gmt":"2016-12-29T10:08:24","slug":"biographie-adrienne-olle","status":"publish","type":"page","link":"https:\/\/annexeromainville.com\/index.php\/biographie-adrienne-olle\/","title":{"rendered":"Biographie : Adrienne Olle"},"content":{"rendered":"<p><span style=\"color: #000000;\"><a href=\"http:\/\/annexedutraindevie.com\/wp-content\/uploads\/2016\/12\/adrienne-olle.jpg\"><img loading=\"lazy\" class=\" wp-image-596 alignleft\" src=\"http:\/\/annexedutraindevie.com\/wp-content\/uploads\/2016\/12\/adrienne-olle.jpg\" alt=\"\" width=\"281\" height=\"387\" srcset=\"https:\/\/annexeromainville.com\/wp-content\/uploads\/2016\/12\/adrienne-olle.jpg 465w, https:\/\/annexeromainville.com\/wp-content\/uploads\/2016\/12\/adrienne-olle-218x300.jpg 218w, https:\/\/annexeromainville.com\/wp-content\/uploads\/2016\/12\/adrienne-olle-436x600.jpg 436w\" sizes=\"(max-width: 281px) 100vw, 281px\" \/><\/a><\/span><\/p>\n<p>&nbsp;<\/p>\n<p style=\"text-align: justify;\"><span style=\"color: #000000;\">En 2011, Adrienne Olle int\u00e8gre le master professionnel de mise en sc\u00e8ne de Nanterre et participe \u00e0 des ateliers sous la direction de Fran\u00e7ois Rancillac, David Lescot, Jean Jourdheuil, Daniel Jeanneteu, Phillipe Adrien et Georges Lavaudant.<\/span><br \/>\n<span style=\"color: #000000;\"> Elle a auparavant suivi les cours de Francine Walter, dont elle a \u00e9t\u00e9 l&#8217;assistante, puis de l&#8217;\u00e9cole Claude Mathieu et de Delphine Eliet \u00e0 l\u2019\u00c9cole du Jeu, apr\u00e8s avoir suivit une Hypokh\u00e2gne et une Kh\u00e2gne au lyc\u00e9e Louis le Grand en 2004 et 2005. Elle signe la mise en sc\u00e8ne d&#8217;<em>Italienne Sc\u00e8ne<\/em> de Jean-Fran\u00e7ois Sivadier en 2008 pour le festival Mise en Capsules au Cin\u00e9 XIII Th\u00e9\u00e2tre, de <em>Gouaches<\/em> de Jacques Serena en r\u00e9sidence aux Ar\u00e8nes de Nanterre en 2009 et de <em>Rituels<\/em>, spectacle r\u00e9alis\u00e9 \u00e0 partir d&#8217;un montage de textes de Philip Roth et d&#8217;Obaldia, en 2010.<\/span><br \/>\n<span style=\"color: #000000;\"> Depuis 2009 elle travaille au sein de la compagnie des Al\u00e9as et collabore avec eux \u00e0 la traduction et \u00e0 la mise en sc\u00e8ne de pi\u00e8ces d&#8217;Isara\u00ebl Horovitz. Elle y a mis en sc\u00e8ne <em>Phone Tag<\/em>, une pi\u00e8ce radiophonique in\u00e9dite du dramaturge am\u00e9ricain, cr\u00e9\u00e9e \u00e0 Paris en 2014 et jou\u00e9e \u00e0 Avignon et en tourn\u00e9e en 2014\/2015.<\/span><br \/>\n<span style=\"color: #000000;\"> Elle assure depuis 2013 \u00e0 Sciences-Po Paris un atelier de pratique artistique dispens\u00e9 aux \u00e9tudiants du double cursus Sciences-Po\/Sorbonne<\/span><\/p>\n","protected":false},"excerpt":{"rendered":"<p>&nbsp; En 2011, Adrienne Olle int\u00e8gre le master professionnel de mise en sc\u00e8ne de Nanterre et participe \u00e0 des ateliers sous la direction de Fran\u00e7ois Rancillac, David Lescot, Jean Jourdheuil,<span class=\"read-more-wrap\"><a class=\"moretag\" href=\"https:\/\/annexeromainville.com\/index.php\/biographie-adrienne-olle\/\">Lire la suite<span class=\"screen-reader-text\">Biographie : Adrienne Olle<\/span><\/a><\/span><\/p>\n","protected":false},"author":2,"featured_media":0,"parent":0,"menu_order":0,"comment_status":"closed","ping_status":"closed","template":"","meta":{"_bbp_topic_count":0,"_bbp_reply_count":0,"_bbp_total_topic_count":0,"_bbp_total_reply_count":0,"_bbp_voice_count":0,"_bbp_anonymous_reply_count":0,"_bbp_topic_count_hidden":0,"_bbp_reply_count_hidden":0,"_bbp_forum_subforum_count":0,"ngg_post_thumbnail":0},"_links":{"self":[{"href":"https:\/\/annexeromainville.com\/index.php\/wp-json\/wp\/v2\/pages\/593"}],"collection":[{"href":"https:\/\/annexeromainville.com\/index.php\/wp-json\/wp\/v2\/pages"}],"about":[{"href":"https:\/\/annexeromainville.com\/index.php\/wp-json\/wp\/v2\/types\/page"}],"author":[{"embeddable":true,"href":"https:\/\/annexeromainville.com\/index.php\/wp-json\/wp\/v2\/users\/2"}],"replies":[{"embeddable":true,"href":"https:\/\/annexeromainville.com\/index.php\/wp-json\/wp\/v2\/comments?post=593"}],"version-history":[{"count":4,"href":"https:\/\/annexeromainville.com\/index.php\/wp-json\/wp\/v2\/pages\/593\/revisions"}],"predecessor-version":[{"id":604,"href":"https:\/\/annexeromainville.com\/index.php\/wp-json\/wp\/v2\/pages\/593\/revisions\/604"}],"wp:attachment":[{"href":"https:\/\/annexeromainville.com\/index.php\/wp-json\/wp\/v2\/media?parent=593"}],"curies":[{"name":"wp","href":"https:\/\/api.w.org\/{rel}","templated":true}]}}