{"id":5943,"date":"2021-09-01T17:01:28","date_gmt":"2021-09-01T16:01:28","guid":{"rendered":"http:\/\/annexeromainville.com\/?page_id=5943"},"modified":"2021-09-01T17:16:16","modified_gmt":"2021-09-01T16:16:16","slug":"soiree-de-rentree-de-lannexe","status":"publish","type":"page","link":"https:\/\/annexeromainville.com\/index.php\/soiree-de-rentree-de-lannexe\/","title":{"rendered":"Soir\u00e9e de Rentr\u00e9e de L&#8217;Annexe"},"content":{"rendered":"<div id=\"pl-5943\"  class=\"panel-layout\" ><div id=\"pg-5943-0\"  class=\"panel-grid panel-no-style\" ><div id=\"pgc-5943-0-0\"  class=\"panel-grid-cell\" ><div id=\"panel-5943-0-0-0\" class=\"so-panel widget widget_sow-image panel-first-child panel-last-child\" data-index=\"0\" ><div\n\t\t\t\n\t\t\tclass=\"so-widget-sow-image so-widget-sow-image-default-113ccd71f3e6-5943\"\n\t\t\t\n\t\t>\n<div class=\"sow-image-container\">\n\t\t<img \n\tsrc=\"https:\/\/annexeromainville.com\/wp-content\/uploads\/2021\/09\/AFFICHE-A1-SOIREE-RENTREE.png\" width=\"1684\" height=\"2384\" srcset=\"https:\/\/annexeromainville.com\/wp-content\/uploads\/2021\/09\/AFFICHE-A1-SOIREE-RENTREE.png 1684w, https:\/\/annexeromainville.com\/wp-content\/uploads\/2021\/09\/AFFICHE-A1-SOIREE-RENTREE-212x300.png 212w, https:\/\/annexeromainville.com\/wp-content\/uploads\/2021\/09\/AFFICHE-A1-SOIREE-RENTREE-723x1024.png 723w, https:\/\/annexeromainville.com\/wp-content\/uploads\/2021\/09\/AFFICHE-A1-SOIREE-RENTREE-768x1087.png 768w, https:\/\/annexeromainville.com\/wp-content\/uploads\/2021\/09\/AFFICHE-A1-SOIREE-RENTREE-1085x1536.png 1085w, https:\/\/annexeromainville.com\/wp-content\/uploads\/2021\/09\/AFFICHE-A1-SOIREE-RENTREE-1447x2048.png 1447w\" sizes=\"(max-width: 1684px) 100vw, 1684px\" title=\"AFFICHE A1 SOIREE RENTREE\" alt=\"\" loading=\"lazy\" \t\tclass=\"so-widget-image\"\/>\n\t<\/div>\n\n<\/div><\/div><\/div><div id=\"pgc-5943-0-1\"  class=\"panel-grid-cell\" ><div id=\"panel-5943-0-1-0\" class=\"so-panel widget widget_sow-editor panel-first-child\" data-index=\"1\" ><div\n\t\t\t\n\t\t\tclass=\"so-widget-sow-editor so-widget-sow-editor-base\"\n\t\t\t\n\t\t>\n<div class=\"siteorigin-widget-tinymce textwidget\">\n\t<div class=\"page\" title=\"Page 8\">\n<div class=\"layoutArea\">\n<div class=\"kvgmc6g5 cxmmr5t8 oygrvhab hcukyx3x c1et5uql\" style=\"text-align: justify;\"><span style=\"color: #000000;\"><strong>Venez f\u00eater avec nous cette rentr\u00e9e ET notre salle r\u00e9am\u00e9nag\u00e9e !<\/strong><\/span><\/div>\n<\/div>\n<div>\n<div>&nbsp;<\/div>\n<div class=\"o9v6fnle cxmmr5t8 oygrvhab hcukyx3x c1et5uql\" style=\"text-align: justify;\"><span style=\"color: #000000;\">Vendredi 18 septembre, nous vous donnons rendez-vous \u00e0 partir de 19h pour une soir\u00e9e festive et conviviale, au cours de laquelle vous pourrez d\u00e9couvrir la programmation de la saison 21\/22 de l'Annexe aux c\u00f4t\u00e9s des artistes et de l'\u00e9quipe !<\/span><\/div>\n<div>&nbsp;<\/div>\n<div class=\"o9v6fnle cxmmr5t8 oygrvhab hcukyx3x c1et5uql\" style=\"text-align: justify;\"><span style=\"color: #000000;\"><strong>18h30<\/strong> : ouverture des portes<\/span><\/div>\n<div class=\"o9v6fnle cxmmr5t8 oygrvhab hcukyx3x c1et5uql\" style=\"text-align: justify;\"><span style=\"color: #000000;\"><strong>19h<\/strong> : d\u00e9but du concert de Karine Huet &amp; Thomas Laurent<\/span><\/div>\n<div class=\"o9v6fnle cxmmr5t8 oygrvhab hcukyx3x c1et5uql\" style=\"text-align: justify;\"><span style=\"color: #000000;\"><strong>19h30<\/strong> : d\u00e9couvrez la saison 2021-22, guid\u00e9s par D\u00e9borah Banoun, directrice artistique de l'Annexe.<\/span><\/div>\n<div class=\"o9v6fnle cxmmr5t8 oygrvhab hcukyx3x c1et5uql\" style=\"text-align: justify;\"><span style=\"color: #000000;\"><strong>20h<\/strong> : Verre offert, discutez si vous le souhaitez avec les artistes de la saison, notre \u00e9quipe, inscrivez vous aux ateliers de l'ann\u00e9e... dans une ambiance festive !<\/span><\/div>\n<div>&nbsp;<\/div>\n<div class=\"o9v6fnle cxmmr5t8 oygrvhab hcukyx3x c1et5uql\" style=\"text-align: justify;\"><span style=\"color: #000000;\"><strong>Soir\u00e9e gratuite, sur r\u00e9servation<\/strong><\/span><\/div>\n<\/div>\n<\/div>\n<\/div>\n<\/div><\/div><div id=\"panel-5943-0-1-1\" class=\"so-panel widget widget_sow-button\" data-index=\"2\" ><div\n\t\t\t\n\t\t\tclass=\"so-widget-sow-button so-widget-sow-button-wire-e7929c76966e-5943\"\n\t\t\t\n\t\t><div class=\"ow-button-base ow-button-align-center\"\n>\n\t\t\t<a\n\t\t\t\t\thref=\"https:\/\/www.helloasso.com\/associations\/jetzt\/evenements\/soiree-de-rentree-de-l-annexe-concert\"\n\t\t\t\t\tclass=\"sowb-button ow-icon-placement-left ow-button-hover\" target=\"_blank\" rel=\"noopener noreferrer\" \t>\n\t\t<span>\n\t\t\t<span class=\"sow-icon-ionicons\" data-sow-icon=\"&#xf373;\"\n\t\tstyle=\"color: #dd9933\" \n\t\taria-hidden=\"true\"><\/span>\n\t\t\tR\u00e9server\t\t<\/span>\n\t\t\t<\/a>\n\t<\/div>\n<\/div><\/div><div id=\"panel-5943-0-1-2\" class=\"so-panel widget widget_sow-image panel-last-child\" data-index=\"3\" ><div\n\t\t\t\n\t\t\tclass=\"so-widget-sow-image so-widget-sow-image-default-c67d20f9f743-5943\"\n\t\t\t\n\t\t>\n<div class=\"sow-image-container\">\n\t\t\t<a href=\"https:\/\/fb.me\/e\/1KVsYgtC4\"\n\t\t\ttarget=\"_blank\" rel=\"noopener noreferrer\" \t\t>\n\t\t\t<img \n\tsrc=\"https:\/\/annexeromainville.com\/wp-content\/uploads\/2020\/08\/Logo-Facebook-50x50-1.png\" width=\"50\" height=\"50\" sizes=\"(max-width: 50px) 100vw, 50px\" title=\"Logo Facebook 50&#215;50\" alt=\"\" loading=\"lazy\" \t\tclass=\"so-widget-image\"\/>\n\t\t\t<\/a><\/div>\n\n<\/div><\/div><\/div><\/div><div id=\"pg-5943-1\"  class=\"panel-grid panel-no-style\" ><div id=\"pgc-5943-1-0\"  class=\"panel-grid-cell panel-grid-cell-empty\" ><\/div><\/div><div id=\"pg-5943-2\"  class=\"panel-grid panel-no-style\" ><div id=\"pgc-5943-2-0\"  class=\"panel-grid-cell panel-grid-cell-empty\" ><\/div><\/div><div id=\"pg-5943-3\"  class=\"panel-grid panel-no-style\" ><div id=\"pgc-5943-3-0\"  class=\"panel-grid-cell panel-grid-cell-empty\" ><\/div><div id=\"pgc-5943-3-1\"  class=\"panel-grid-cell panel-grid-cell-empty\" ><\/div><div id=\"pgc-5943-3-2\"  class=\"panel-grid-cell panel-grid-cell-empty\" ><\/div><div id=\"pgc-5943-3-3\"  class=\"panel-grid-cell panel-grid-cell-empty\" ><\/div><div id=\"pgc-5943-3-4\"  class=\"panel-grid-cell panel-grid-cell-empty panel-grid-cell-mobile-last\" ><\/div><div id=\"pgc-5943-3-5\"  class=\"panel-grid-cell panel-grid-cell-empty\" ><\/div><\/div><div id=\"pg-5943-4\"  class=\"panel-grid panel-no-style\" ><div id=\"pgc-5943-4-0\"  class=\"panel-grid-cell\" ><div id=\"panel-5943-4-0-0\" class=\"so-panel widget widget_sow-editor panel-first-child\" data-index=\"4\" ><div\n\t\t\t\n\t\t\tclass=\"so-widget-sow-editor so-widget-sow-editor-base\"\n\t\t\t\n\t\t>\n<div class=\"siteorigin-widget-tinymce textwidget\">\n\t<p style=\"text-align: justify;\">&nbsp;<\/p>\n<p style=\"text-align: justify;\"><span style=\"color: #000000;\">&nbsp;<\/span><\/p>\n<\/div>\n<\/div><\/div><div id=\"panel-5943-4-0-1\" class=\"so-panel widget widget_sow-editor panel-last-child\" data-index=\"5\" ><div\n\t\t\t\n\t\t\tclass=\"so-widget-sow-editor so-widget-sow-editor-base\"\n\t\t\t\n\t\t>\n<div class=\"siteorigin-widget-tinymce textwidget\">\n\t<p style=\"text-align: justify;\"><span style=\"color: #000000;\">&nbsp;<\/span><\/p>\n<\/div>\n<\/div><\/div><\/div><div id=\"pgc-5943-4-1\"  class=\"panel-grid-cell\" ><div id=\"panel-5943-4-1-0\" class=\"so-panel widget widget_sow-editor panel-first-child\" data-index=\"6\" ><div\n\t\t\t\n\t\t\tclass=\"so-widget-sow-editor so-widget-sow-editor-base\"\n\t\t\t\n\t\t>\n<div class=\"siteorigin-widget-tinymce textwidget\">\n\t<\/div>\n<\/div><\/div><div id=\"panel-5943-4-1-1\" class=\"so-panel widget widget_sow-editor panel-last-child\" data-index=\"7\" ><div\n\t\t\t\n\t\t\tclass=\"so-widget-sow-editor so-widget-sow-editor-base\"\n\t\t\t\n\t\t>\n<div class=\"siteorigin-widget-tinymce textwidget\">\n\t<\/div>\n<\/div><\/div><\/div><\/div><\/div>","protected":false},"excerpt":{"rendered":"<p>Venez f\u00eater avec nous cette rentr\u00e9e ET notre salle r\u00e9am\u00e9nag\u00e9e ! &nbsp; Vendredi 18 septembre, nous vous donnons rendez-vous \u00e0 partir de 19h pour une soir\u00e9e festive et conviviale, au<span class=\"read-more-wrap\"><a class=\"moretag\" href=\"https:\/\/annexeromainville.com\/index.php\/soiree-de-rentree-de-lannexe\/\">Lire la suite<span class=\"screen-reader-text\">Soir\u00e9e de Rentr\u00e9e de L&#8217;Annexe<\/span><\/a><\/span><\/p>\n","protected":false},"author":2,"featured_media":5946,"parent":0,"menu_order":0,"comment_status":"closed","ping_status":"closed","template":"","meta":{"_bbp_topic_count":0,"_bbp_reply_count":0,"_bbp_total_topic_count":0,"_bbp_total_reply_count":0,"_bbp_voice_count":0,"_bbp_anonymous_reply_count":0,"_bbp_topic_count_hidden":0,"_bbp_reply_count_hidden":0,"_bbp_forum_subforum_count":0,"ngg_post_thumbnail":0},"_links":{"self":[{"href":"https:\/\/annexeromainville.com\/index.php\/wp-json\/wp\/v2\/pages\/5943"}],"collection":[{"href":"https:\/\/annexeromainville.com\/index.php\/wp-json\/wp\/v2\/pages"}],"about":[{"href":"https:\/\/annexeromainville.com\/index.php\/wp-json\/wp\/v2\/types\/page"}],"author":[{"embeddable":true,"href":"https:\/\/annexeromainville.com\/index.php\/wp-json\/wp\/v2\/users\/2"}],"replies":[{"embeddable":true,"href":"https:\/\/annexeromainville.com\/index.php\/wp-json\/wp\/v2\/comments?post=5943"}],"version-history":[{"count":7,"href":"https:\/\/annexeromainville.com\/index.php\/wp-json\/wp\/v2\/pages\/5943\/revisions"}],"predecessor-version":[{"id":5954,"href":"https:\/\/annexeromainville.com\/index.php\/wp-json\/wp\/v2\/pages\/5943\/revisions\/5954"}],"wp:featuredmedia":[{"embeddable":true,"href":"https:\/\/annexeromainville.com\/index.php\/wp-json\/wp\/v2\/media\/5946"}],"wp:attachment":[{"href":"https:\/\/annexeromainville.com\/index.php\/wp-json\/wp\/v2\/media?parent=5943"}],"curies":[{"name":"wp","href":"https:\/\/api.w.org\/{rel}","templated":true}]}}