{"id":605,"date":"2016-12-29T11:26:43","date_gmt":"2016-12-29T10:26:43","guid":{"rendered":"http:\/\/annexedutraindevie.com\/?page_id=605"},"modified":"2016-12-29T11:26:43","modified_gmt":"2016-12-29T10:26:43","slug":"biographie-johann-cuny","status":"publish","type":"page","link":"https:\/\/annexeromainville.com\/index.php\/biographie-johann-cuny\/","title":{"rendered":"Biographie : Johann Cuny"},"content":{"rendered":"<p style=\"text-align: justify;\"><span style=\"color: #000000;\"><a href=\"http:\/\/annexedutraindevie.com\/wp-content\/uploads\/2016\/12\/Johan-Cuny.jpg\"><img loading=\"lazy\" class=\" wp-image-606 alignleft\" src=\"http:\/\/annexedutraindevie.com\/wp-content\/uploads\/2016\/12\/Johan-Cuny.jpg\" alt=\"\" width=\"280\" height=\"388\" srcset=\"https:\/\/annexeromainville.com\/wp-content\/uploads\/2016\/12\/Johan-Cuny.jpg 460w, https:\/\/annexeromainville.com\/wp-content\/uploads\/2016\/12\/Johan-Cuny-217x300.jpg 217w, https:\/\/annexeromainville.com\/wp-content\/uploads\/2016\/12\/Johan-Cuny-433x600.jpg 433w\" sizes=\"(max-width: 280px) 100vw, 280px\" \/><\/a><\/span><\/p>\n<p style=\"text-align: justify;\"><span style=\"color: #000000;\">Johann Cuny entre au CNSAD en 2009 o\u00f9 il travaille notamment avec Daniel Mesguich et G\u00e9rard Desarthe. Il participe aux ateliers de clown et masque o\u00f9 il rencontre Yvo Mentens (NOTT), Mariana Araoz et Mario Gonzalez. Il est com\u00e9dien sur les spectacles de Bruno Bayen <em>Faites avancer l&#8217;esp\u00e8ce<\/em> d&#8217;apr\u00e8s W.H. Auden et Shakespeare, et de Moustafa Bena\u00efbout dans <em>Contre le monstre<\/em> de Nosgoth. Il joue sous la direction de Daniel Mesguich dans la <em>Fianc\u00e9e aux yeux band\u00e9s<\/em> de Cixous et <em>Le bain vapeur<\/em> de Dubillard. Il travaille sous la direction de Xavier Marchaud dans <em>Au bois lact\u00e9<\/em> de Dylan Thomas, de Julia Zimina dans <em>Seules ce soir<\/em> de Michel Cochet et <em>Porcherie<\/em> de Pasolini.<\/span><br \/>\n<span style=\"color: #000000;\"> Il joue et co-met en sc\u00e8ne avec Rosa Bursztejn <em>La Ravissante Ronde<\/em> de Schwab. Il cr\u00e9e, met en sc\u00e8ne et joue <em>La vie r\u00eav\u00e9e des profs<\/em> avec Guarani Feitosa-Neves et leur collectif des &#8220;Soir\u00e9e Plaisantes&#8221; au th\u00e9\u00e2tre de la Boussole en 2014.<\/span><br \/>\n<span style=\"color: #000000;\"> Depuis 2013, Il dirige avec Moustafa Bena\u00efbout et Bertrand Usclat le collectif &#8220;YES&#8221; qui s\u00e9vit avec ses vid\u00e9os et ses web-s\u00e9ries sur Youtube, Dailymotion, Meltyoriginal et France 4. Depuis septembre 2016, ils apparaissent \u00e9galement dans une \u00e9mission Hebdomadaire sur Canal Plus avec &#8220;La Conf&#8221;.<\/span><br \/>\n<span style=\"color: #000000;\"> Il fait partie de la distribution des <em>Lettres de non motivation<\/em> de Julien Pr\u00e9vieux, mis en sc\u00e8ne par Vincent Thomasset dans le cadre du festival d&#8217;automne 2015au 104 et au Th\u00e9\u00e2tre de la Bastille.<\/span><\/p>\n","protected":false},"excerpt":{"rendered":"<p>Johann Cuny entre au CNSAD en 2009 o\u00f9 il travaille notamment avec Daniel Mesguich et G\u00e9rard Desarthe. Il participe aux ateliers de clown et masque o\u00f9 il rencontre Yvo Mentens<span class=\"read-more-wrap\"><a class=\"moretag\" href=\"https:\/\/annexeromainville.com\/index.php\/biographie-johann-cuny\/\">Lire la suite<span class=\"screen-reader-text\">Biographie : Johann Cuny<\/span><\/a><\/span><\/p>\n","protected":false},"author":2,"featured_media":0,"parent":0,"menu_order":0,"comment_status":"closed","ping_status":"closed","template":"","meta":{"_bbp_topic_count":0,"_bbp_reply_count":0,"_bbp_total_topic_count":0,"_bbp_total_reply_count":0,"_bbp_voice_count":0,"_bbp_anonymous_reply_count":0,"_bbp_topic_count_hidden":0,"_bbp_reply_count_hidden":0,"_bbp_forum_subforum_count":0,"ngg_post_thumbnail":0},"_links":{"self":[{"href":"https:\/\/annexeromainville.com\/index.php\/wp-json\/wp\/v2\/pages\/605"}],"collection":[{"href":"https:\/\/annexeromainville.com\/index.php\/wp-json\/wp\/v2\/pages"}],"about":[{"href":"https:\/\/annexeromainville.com\/index.php\/wp-json\/wp\/v2\/types\/page"}],"author":[{"embeddable":true,"href":"https:\/\/annexeromainville.com\/index.php\/wp-json\/wp\/v2\/users\/2"}],"replies":[{"embeddable":true,"href":"https:\/\/annexeromainville.com\/index.php\/wp-json\/wp\/v2\/comments?post=605"}],"version-history":[{"count":1,"href":"https:\/\/annexeromainville.com\/index.php\/wp-json\/wp\/v2\/pages\/605\/revisions"}],"predecessor-version":[{"id":607,"href":"https:\/\/annexeromainville.com\/index.php\/wp-json\/wp\/v2\/pages\/605\/revisions\/607"}],"wp:attachment":[{"href":"https:\/\/annexeromainville.com\/index.php\/wp-json\/wp\/v2\/media?parent=605"}],"curies":[{"name":"wp","href":"https:\/\/api.w.org\/{rel}","templated":true}]}}