{"id":6440,"date":"2022-02-01T10:52:14","date_gmt":"2022-02-01T09:52:14","guid":{"rendered":"http:\/\/annexeromainville.com\/?page_id=6440"},"modified":"2022-02-15T11:01:17","modified_gmt":"2022-02-15T10:01:17","slug":"monstres","status":"publish","type":"page","link":"https:\/\/annexeromainville.com\/index.php\/monstres\/","title":{"rendered":"MONSTRE(S)"},"content":{"rendered":"<div id=\"pl-6440\"  class=\"panel-layout\" ><div id=\"pg-6440-0\"  class=\"panel-grid panel-no-style\" ><div id=\"pgc-6440-0-0\"  class=\"panel-grid-cell\" ><div id=\"panel-6440-0-0-0\" class=\"so-panel widget widget_sow-image panel-first-child panel-last-child\" data-index=\"0\" ><div\n\t\t\t\n\t\t\tclass=\"so-widget-sow-image so-widget-sow-image-default-113ccd71f3e6-6440\"\n\t\t\t\n\t\t>\n<div class=\"sow-image-container\">\n\t\t<img \n\tsrc=\"https:\/\/annexeromainville.com\/wp-content\/uploads\/2021\/09\/AFFICHE-A1-CIE-VISCERALE.png\" width=\"1684\" height=\"2384\" srcset=\"https:\/\/annexeromainville.com\/wp-content\/uploads\/2021\/09\/AFFICHE-A1-CIE-VISCERALE.png 1684w, https:\/\/annexeromainville.com\/wp-content\/uploads\/2021\/09\/AFFICHE-A1-CIE-VISCERALE-212x300.png 212w, https:\/\/annexeromainville.com\/wp-content\/uploads\/2021\/09\/AFFICHE-A1-CIE-VISCERALE-723x1024.png 723w, https:\/\/annexeromainville.com\/wp-content\/uploads\/2021\/09\/AFFICHE-A1-CIE-VISCERALE-768x1087.png 768w, https:\/\/annexeromainville.com\/wp-content\/uploads\/2021\/09\/AFFICHE-A1-CIE-VISCERALE-1085x1536.png 1085w, https:\/\/annexeromainville.com\/wp-content\/uploads\/2021\/09\/AFFICHE-A1-CIE-VISCERALE-1447x2048.png 1447w\" sizes=\"(max-width: 1684px) 100vw, 1684px\" title=\"AFFICHE A1 CIE VISCERALE\" alt=\"\" loading=\"lazy\" \t\tclass=\"so-widget-image\"\/>\n\t<\/div>\n\n<\/div><\/div><\/div><div id=\"pgc-6440-0-1\"  class=\"panel-grid-cell\" ><div id=\"panel-6440-0-1-0\" class=\"so-panel widget widget_sow-editor panel-first-child\" data-index=\"1\" ><div\n\t\t\t\n\t\t\tclass=\"so-widget-sow-editor so-widget-sow-editor-base\"\n\t\t\t\n\t\t>\n<div class=\"siteorigin-widget-tinymce textwidget\">\n\t<div class=\"page\" title=\"Page 8\">\n<div class=\"layoutArea\">\n<div class=\"column\"><span style=\"color: #000000;\"><span style=\"color: #000000;\"><strong>COMPAGNIE VISC\u00c9RALE <span style=\"color: #000000;\"><strong>\/ Th\u00e9\u00e2tre Contemporain<\/strong><\/span><\/strong><\/span><\/span><\/div>\n<div>&nbsp;<\/div>\n<div class=\"column\"><span style=\"color: #000000;\">Texte :<strong> Claire Bosse-Plati\u00e8re<\/strong><br \/>\nDistribution : <strong>Claire Bosse-Plati\u00e8re<\/strong><\/span><br \/>\n<span style=\"color: #000000;\">Mise en sc\u00e8ne :&nbsp;<strong>Claire Bosse-Plati\u00e8re<\/strong><\/span><\/div>\n<div class=\"column\"><span style=\"color: #000000;\">Cr\u00e9ation Sc\u00e9nique : <strong>Claire Bosse-Plati\u00e8re<\/strong><strong><br \/>\n<\/strong><\/span><\/div>\n<div>&nbsp;<\/div>\n<div class=\"column\"><span style=\"color: #000000;\"><strong>Le 18 F\u00e9vrier 2022 \u00e0 15H<\/strong><\/span><\/div>\n<div class=\"column\"><span style=\"color: #000000;\">ouverture des portes \u00e0 14H30<\/span><\/div>\n<div>&nbsp;<\/div>\n<div class=\"column\"><span style=\"color: #000000;\">DUR\u00c9E : 40 min<br \/>\n<\/span><\/div>\n<div>&nbsp;<\/div>\n<div class=\"column\"><span style=\"color: #000000;\">\u00c2GE :<strong> TOUT PUBLIC \u00c0 PARTIR DE 6 ANS<\/strong><\/span><\/div>\n<\/div>\n<\/div>\n<\/div>\n<\/div><\/div><div id=\"panel-6440-0-1-1\" class=\"so-panel widget widget_sow-editor\" data-index=\"2\" ><div\n\t\t\t\n\t\t\tclass=\"so-widget-sow-editor so-widget-sow-editor-base\"\n\t\t\t\n\t\t><h3 class=\"widget-title\">R\u00e9sum\u00e9<\/h3>\n<div class=\"siteorigin-widget-tinymce textwidget\">\n\t<p style=\"text-align: justify;\"><span style=\"color: #000000;\"><em>Monstre(s)<\/em> c\u2019est l\u2019histoire d\u2019une femme adulte qui ne sort plus de chez elle depuis un an.<\/span><br \/>\n<span style=\"color: #000000;\">Hant\u00e9e par ses peurs, elle sombre peu \u00e0 peu et ne sait plus comment s\u2019en sortir. Alors qu\u2019elle regarde des vid\u00e9os d\u2019elle petite, elle questionne l\u2019image en d\u00e9sespoir de cause. Ce qu\u2019elle n\u2019attendait pas, c\u2019est que cette petite fille lui r\u00e9ponde. D\u00e9marre alors une relation fantastique, inattendue, surprenante et dr\u00f4le. <em>Monstre(s)<\/em> est un spectacle sur les peurs et les moyens que l\u2019on trouve pour les surpasser.<\/span><br \/>\n<span style=\"color: #000000;\">C\u2019est aussi une pi\u00e8ce sur l\u2019enfance, et cette petite voix qui nous suit en grandissant et qui nous pousse dans les moments difficiles.<\/span><br \/>\n<span style=\"color: #000000;\">Le texte a \u00e9t\u00e9 \u00e9crit directement en contact avec des enfants de 6 \u00e0 11 ans, lors d\u2019ateliers d\u2019\u00e9criture et de jeu, dans le cadre du dispositif Cr\u00e9ation en Cours des Ateliers M\u00e9dicis. C\u2019est leur fougue, leur humour et leurs \u00e9critures qui composent la voix de la petite fille de 7 ans. C\u2019est un spectacle tout public, cr\u00e9ateur de dialogue autour des peurs et des r\u00eaves. Il r\u00e9pond \u00e0 une probl\u00e9matique pos\u00e9 par le Covid et le confinement<\/span><\/p>\n<p style=\"text-align: justify;\">&nbsp;<\/p>\n<p style=\"text-align: justify;\"><span style=\"color: #000000;\"><em>Monstre(s) propose une plong\u00e9e en enfance, une rencontre improbable. Laissez-vous aller au fantastique \u00e0 travers cette jolie fable sur le passage \u00e0 l'\u00e2ge adulte.<\/em><\/span><\/p>\n<\/div>\n<\/div><\/div><div id=\"panel-6440-0-1-2\" class=\"so-panel widget widget_sow-button panel-last-child\" data-index=\"3\" ><div\n\t\t\t\n\t\t\tclass=\"so-widget-sow-button so-widget-sow-button-wire-e7929c76966e-6440\"\n\t\t\t\n\t\t><div class=\"ow-button-base ow-button-align-center\"\n>\n\t\t\t<a\n\t\t\t\t\thref=\"https:\/\/annexeromainville.com\/index.php\/reservation\/\"\n\t\t\t\t\tclass=\"sowb-button ow-icon-placement-left ow-button-hover\" target=\"_blank\" rel=\"noopener noreferrer\" \t>\n\t\t<span>\n\t\t\t<span class=\"sow-icon-ionicons\" data-sow-icon=\"&#xf373;\"\n\t\tstyle=\"color: #dd9933\" \n\t\taria-hidden=\"true\"><\/span>\n\t\t\tR\u00e9server\t\t<\/span>\n\t\t\t<\/a>\n\t<\/div>\n<\/div><\/div><\/div><\/div><div id=\"pg-6440-1\"  class=\"panel-grid panel-no-style\" ><div id=\"pgc-6440-1-0\"  class=\"panel-grid-cell\" ><div id=\"panel-6440-1-0-0\" class=\"so-panel widget widget_sow-editor panel-first-child panel-last-child\" data-index=\"4\" ><div class=\"panel-widget-style panel-widget-style-for-6440-1-0-0\" ><div\n\t\t\t\n\t\t\tclass=\"so-widget-sow-editor so-widget-sow-editor-base\"\n\t\t\t\n\t\t><h3 class=\"widget-title\">COMPAGNIE VISC\u00c9RALE<\/h3>\n<div class=\"siteorigin-widget-tinymce textwidget\">\n\t<p style=\"text-align: justify;\"><span style=\"color: #000000;\">La Compagnie Visc\u00e9rale est n\u00e9e en Septembre 2019. C'est une compagnie th\u00e9\u00e2trale dont l'axe de recherche est l'\u00e9criture et la mise au plateau de la trag\u00e9die contemporaine, en utilisant le r\u00e9cit comme mati\u00e8re \u00e0 raconter.<\/span><\/p>\n<\/div>\n<\/div><\/div><\/div><\/div><div id=\"pgc-6440-1-1\"  class=\"panel-grid-cell\" ><div id=\"panel-6440-1-1-0\" class=\"so-panel widget widget_sow-editor panel-first-child panel-last-child\" data-index=\"5\" ><div class=\"panel-widget-style panel-widget-style-for-6440-1-1-0\" ><div\n\t\t\t\n\t\t\tclass=\"so-widget-sow-editor so-widget-sow-editor-base\"\n\t\t\t\n\t\t><h3 class=\"widget-title\">CLAIRE BOSSE-PLATI\u00c8RE<\/h3>\n<div class=\"siteorigin-widget-tinymce textwidget\">\n\t<p style=\"text-align: justify;\"><span style=\"color: #000000;\"><img loading=\"lazy\" class=\" wp-image-6460 alignleft\" src=\"http:\/\/annexeromainville.com\/wp-content\/uploads\/2022\/02\/Claire-Bosse-Platiere-1-200x300.png\" alt=\"\" width=\"151\" height=\"227\" srcset=\"https:\/\/annexeromainville.com\/wp-content\/uploads\/2022\/02\/Claire-Bosse-Platiere-1-200x300.png 200w, https:\/\/annexeromainville.com\/wp-content\/uploads\/2022\/02\/Claire-Bosse-Platiere-1.png 239w\" sizes=\"(max-width: 151px) 100vw, 151px\" \/>Artiste franco-britannique Claire Bosse-Plati\u00e8re \u00e9tudie un temps \u00e0 la London Academy of Music and Dramatic Art (LAMDA), o\u00f9 elle travaille sur le th\u00e9\u00e2tre \u00c9lisab\u00e9thain. En 2016 elle int\u00e8gre l'Ecole Sup\u00e9rieure d'Art Dramatique de Paris et \u00e9tudie aupr\u00e8s de grands artistes comme Pascal Rambert, Val\u00e9rie Dr\u00e9ville, Phillipe Malone, Anne Monfort ou encore Fr\u00e9d\u00e9ric Sonntag.<br \/>\nEn 2017 elle joue dans Foyer(s) mise en sc\u00e8ne par St\u00e9phane Schoukroun. C'est un th\u00e9\u00e2tre documentaire performatif consrtuit \u00e0 partir d'un travail pr\u00e9paratoire d'un an dans un centre d'h\u00e9bergement d'urgence parisien. En Avril 2019 elle joue dans le moyen m\u00e9trage d'Igor Mendjisky Notre Songe et en Juillet de la m\u00eame ann\u00e9e, elle joue au 73\u00e8me Festival IN d'Avignon, dans D\u00e9votion de Cl\u00e9ment Bondu, au gymnase du Lyc\u00e9e Saint Joseph.<br \/>\nEn Septembre 2019 elle cr\u00e9e la compagnie Visc\u00e9rale, dont elle \u00e9crit et dirige tous les projets.<\/span><\/p>\n<p>&nbsp;<\/p>\n<p>&nbsp;<\/p>\n<\/div>\n<\/div><\/div><\/div><\/div><\/div><div id=\"pg-6440-2\"  class=\"panel-grid panel-no-style\" ><div id=\"pgc-6440-2-0\"  class=\"panel-grid-cell panel-grid-cell-empty\" ><\/div><\/div><\/div>","protected":false},"excerpt":{"rendered":"<p>COMPAGNIE VISC\u00c9RALE \/ Th\u00e9\u00e2tre Contemporain &nbsp; Texte : Claire Bosse-Plati\u00e8re Distribution : Claire Bosse-Plati\u00e8re Mise en sc\u00e8ne :&nbsp;Claire Bosse-Plati\u00e8re Cr\u00e9ation Sc\u00e9nique : Claire Bosse-Plati\u00e8re &nbsp; Le 18 F\u00e9vrier 2022 \u00e0<span class=\"read-more-wrap\"><a class=\"moretag\" href=\"https:\/\/annexeromainville.com\/index.php\/monstres\/\">Lire la suite<span class=\"screen-reader-text\">MONSTRE(S)<\/span><\/a><\/span><\/p>\n","protected":false},"author":2,"featured_media":0,"parent":0,"menu_order":0,"comment_status":"closed","ping_status":"closed","template":"","meta":{"_bbp_topic_count":0,"_bbp_reply_count":0,"_bbp_total_topic_count":0,"_bbp_total_reply_count":0,"_bbp_voice_count":0,"_bbp_anonymous_reply_count":0,"_bbp_topic_count_hidden":0,"_bbp_reply_count_hidden":0,"_bbp_forum_subforum_count":0,"ngg_post_thumbnail":0},"_links":{"self":[{"href":"https:\/\/annexeromainville.com\/index.php\/wp-json\/wp\/v2\/pages\/6440"}],"collection":[{"href":"https:\/\/annexeromainville.com\/index.php\/wp-json\/wp\/v2\/pages"}],"about":[{"href":"https:\/\/annexeromainville.com\/index.php\/wp-json\/wp\/v2\/types\/page"}],"author":[{"embeddable":true,"href":"https:\/\/annexeromainville.com\/index.php\/wp-json\/wp\/v2\/users\/2"}],"replies":[{"embeddable":true,"href":"https:\/\/annexeromainville.com\/index.php\/wp-json\/wp\/v2\/comments?post=6440"}],"version-history":[{"count":7,"href":"https:\/\/annexeromainville.com\/index.php\/wp-json\/wp\/v2\/pages\/6440\/revisions"}],"predecessor-version":[{"id":6490,"href":"https:\/\/annexeromainville.com\/index.php\/wp-json\/wp\/v2\/pages\/6440\/revisions\/6490"}],"wp:attachment":[{"href":"https:\/\/annexeromainville.com\/index.php\/wp-json\/wp\/v2\/media?parent=6440"}],"curies":[{"name":"wp","href":"https:\/\/api.w.org\/{rel}","templated":true}]}}