{"id":6609,"date":"2022-03-15T12:49:16","date_gmt":"2022-03-15T11:49:16","guid":{"rendered":"http:\/\/annexeromainville.com\/?page_id=6609"},"modified":"2023-02-27T15:23:38","modified_gmt":"2023-02-27T14:23:38","slug":"an-evening-about-love-and-other-stuff","status":"publish","type":"page","link":"https:\/\/annexeromainville.com\/index.php\/an-evening-about-love-and-other-stuff\/","title":{"rendered":"An Evening about Love and Other Stuff"},"content":{"rendered":"<div id=\"pl-6609\"  class=\"panel-layout\" ><div id=\"pg-6609-0\"  class=\"panel-grid panel-no-style\" ><div id=\"pgc-6609-0-0\"  class=\"panel-grid-cell\" ><div id=\"panel-6609-0-0-0\" class=\"so-panel widget widget_sow-image panel-first-child panel-last-child\" data-index=\"0\" ><div\n\t\t\t\n\t\t\tclass=\"so-widget-sow-image so-widget-sow-image-default-113ccd71f3e6-6609\"\n\t\t\t\n\t\t><\/div><\/div><\/div><div id=\"pgc-6609-0-1\"  class=\"panel-grid-cell\" ><div id=\"panel-6609-0-1-0\" class=\"so-panel widget widget_sow-editor panel-first-child panel-last-child\" data-index=\"1\" ><div\n\t\t\t\n\t\t\tclass=\"so-widget-sow-editor so-widget-sow-editor-base\"\n\t\t\t\n\t\t>\n<div class=\"siteorigin-widget-tinymce textwidget\">\n\t<div class=\"page\" title=\"Page 8\">\n<div class=\"layoutArea\">\n<p><span style=\"color: #ff0000;\"><strong>CABARET :&nbsp; <\/strong><\/span><\/p>\n<p>Pass soir\u00e9e + Grignotage sal\u00e9e + un verre --&gt; 15\u20ac<\/p>\n<p>Pass soir\u00e9e + un verre --&gt; 7\u20ac<\/p>\n<ul>\n<li class=\"column\">\n<div class=\"column\"><strong><span style=\"color: #000000;\">Le 31 mars 2023, 20H<\/span><\/strong><\/div>\n<\/li>\n<li><span style=\"color: #000000;\"><strong>Le 1er avril 2023, 20H<\/strong><br \/>\nOuverture des portes 30 minutes avant le spectacle<\/span><\/li>\n<\/ul>\n<\/div>\n<div class=\"layoutArea\">\n<div>&nbsp;<\/div>\n<div class=\"column\"><span style=\"color: #000000;\"><span style=\"text-decoration: underline;\">Conception &amp; Voix<\/span> : MONARCHIE<\/span><\/div>\n<div><span style=\"color: #000000;\"><span style=\"text-decoration: underline;\">Piano<\/span> : David Boin-Carly<\/span><\/div>\n<div><span style=\"color: #000000;\"><span style=\"text-decoration: underline;\">R\u00e9gie lumi\u00e8re et Son<\/span> : Jules Poucet \/ Filipe.<br \/>\n<\/span><\/div>\n<div><span style=\"color: #000000;\">&nbsp;<\/span><\/div>\n<div class=\"column\"><span style=\"color: #000000;\"><span style=\"text-decoration: underline;\">DUR\u00c9E<\/span> : 75 min<br \/>\n<\/span><\/div>\n<div>&nbsp;<\/div>\n<div class=\"column\"><span style=\"color: #000000;\"><span style=\"text-decoration: underline;\">\u00c2GE<\/span> : TOUT PUBLIC \u00c0 PARTIR DE 6 ANS<strong><br \/>\n<\/strong><\/span><\/div>\n<\/div>\n<\/div>\n<\/div>\n<\/div><\/div><\/div><\/div><div id=\"pg-6609-1\"  class=\"panel-grid panel-no-style\" ><div id=\"pgc-6609-1-0\"  class=\"panel-grid-cell\" ><div id=\"panel-6609-1-0-0\" class=\"so-panel widget widget_sow-editor panel-first-child\" data-index=\"2\" ><div\n\t\t\t\n\t\t\tclass=\"so-widget-sow-editor so-widget-sow-editor-base\"\n\t\t\t\n\t\t>\n<div class=\"siteorigin-widget-tinymce textwidget\">\n\t<h2 style=\"text-align: center;\"><span style=\"color: #000000;\">31 mars<\/span><\/h2>\n<\/div>\n<\/div><\/div><div id=\"panel-6609-1-0-1\" class=\"so-panel widget widget_sow-image panel-last-child\" data-index=\"3\" ><div\n\t\t\t\n\t\t\tclass=\"so-widget-sow-image so-widget-sow-image-default-8b5b6f678277-6609\"\n\t\t\t\n\t\t><\/div><\/div><\/div><div id=\"pgc-6609-1-1\"  class=\"panel-grid-cell\" ><div id=\"panel-6609-1-1-0\" class=\"so-panel widget widget_sow-editor panel-first-child\" data-index=\"4\" ><div\n\t\t\t\n\t\t\tclass=\"so-widget-sow-editor so-widget-sow-editor-base\"\n\t\t\t\n\t\t>\n<div class=\"siteorigin-widget-tinymce textwidget\">\n\t<h2 style=\"text-align: center;\"><span style=\"color: #000000;\">1er avril<br \/>\n<\/span><\/h2>\n<\/div>\n<\/div><\/div><div id=\"panel-6609-1-1-1\" class=\"so-panel widget widget_sow-image panel-last-child\" data-index=\"5\" ><div\n\t\t\t\n\t\t\tclass=\"so-widget-sow-image so-widget-sow-image-default-8b5b6f678277-6609\"\n\t\t\t\n\t\t><\/div><\/div><\/div><\/div><div id=\"pg-6609-2\"  class=\"panel-grid panel-no-style\" ><div id=\"pgc-6609-2-0\"  class=\"panel-grid-cell\" ><div id=\"panel-6609-2-0-0\" class=\"so-panel widget widget_sow-editor panel-first-child panel-last-child\" data-index=\"6\" ><div class=\"panel-widget-style panel-widget-style-for-6609-2-0-0\" ><div\n\t\t\t\n\t\t\tclass=\"so-widget-sow-editor so-widget-sow-editor-base\"\n\t\t\t\n\t\t><h3 class=\"widget-title\">MONARCHIE<\/h3>\n<div class=\"siteorigin-widget-tinymce textwidget\">\n\t<p style=\"text-align: justify;\"><span style=\"color: #000000;\">Chanteur autodidacte, Monarchie sort son premier EP D\u00e9mo en 2011, <em>Let's Pretend We're Insane<\/em>, en collaboration avec D\u00e9h\u00e0. Il se dirige ensuite vers la production de spectacles et en 2017, il lance Wild Card Prod, qui initie, d\u00e9veloppe et produit des spectacles et des artistes.<\/span><\/p>\n<p style=\"text-align: justify;\"><span style=\"color: #000000;\">2022 sonne le retour de Monarchie \u00e0 la sc\u00e8ne et \u00e0 de nouvelles collaborations musicales.<\/span><\/p>\n<p><img loading=\"lazy\" class=\"size-medium wp-image-6940 aligncenter\" src=\"https:\/\/annexeromainville.com\/wp-content\/uploads\/2022\/06\/renduV5.vignette-300x300.png\" alt=\"\" width=\"300\" height=\"300\"\/><\/p>\n<p style=\"text-align: justify;\"><span style=\"color: #000000;\">&nbsp;<\/span><\/p>\n<\/div>\n<\/div><\/div><\/div><\/div><div id=\"pgc-6609-2-1\"  class=\"panel-grid-cell\" ><div id=\"panel-6609-2-1-0\" class=\"so-panel widget widget_sow-editor panel-first-child panel-last-child\" data-index=\"7\" ><div\n\t\t\t\n\t\t\tclass=\"so-widget-sow-editor so-widget-sow-editor-base\"\n\t\t\t\n\t\t>\n<div class=\"siteorigin-widget-tinymce textwidget\">\n\t<p style=\"text-align: justify;\"><span style=\"color: #000000;\">Monarchie vous invite \u00e0 une soir\u00e9e musicale. Effeuillage du sentiment amoureux : d\u00e9sir, amiti\u00e9, amour fraternel, perte, haine, rupture\u2026 Ces abandons de soi qui nous font sentir vivant. Cette soir\u00e9e vous r\u00e9servera quelques surprises<\/span><\/p>\n<p style=\"text-align: justify;\"><span style=\"color: #000000;\">Les sentiments, notre vie amoureuse, nos \u00e9motions face aux in\u00e9vitables \u00e9lans et blessures personnelles, c'est ce que chacun et chacune ressent. C\u2019est ce que <\/span><br \/>\n<span style=\"color: #000000;\">chacun et chacune veut communiquer, exprimer, partager. Ou au contraire ce que l\u2019on veut garder pour soi. <\/span><br \/>\n<span style=\"color: #000000;\">Sur la sc\u00e8ne de L\u2019Annexe, <strong>Monarchie<\/strong>, lui, va en parler, il va m\u00eame le chanter. Aux sons de musiques issues de tous les genres il va transporter son auditoire au sein de sa propre histoire, de ses propres aventures, humaines et intimes. <\/span><br \/>\n<span style=\"color: #000000;\">Ce seul-en-sc\u00e8ne avec un musicien s\u2019apparente \u00e0 un v\u00e9ritable journal intime oral et musical. A travers des connexions entre chant et paroles il va tenter d\u2019\u00e9mouvoir et de faire comprendre qu\u2019un spectacle ce peut \u00eatre bien plus qu\u2019une repr\u00e9sentation, ce peut \u00eatre une transmission. <\/span><br \/>\n<span style=\"color: #000000;\">Cabaret intime donc, o\u00f9 l\u2019artiste invite ses spectateurs \u00e0 r\u00e9fl\u00e9chir, au travers de son exp\u00e9rience, \u00e0 la leur propre, et peut-\u00eatre, pourquoi pas, \u00e0 les exprimer en chansons. Qui d\u2019entre nous en effet n\u2019a jamais pens\u00e9 en \u00e9coutant la radio ou en surfant sur Youtube que telle ou telle musique ne nous correspondait pas si merveilleusement ou si douloureusement bien ?<\/span><\/p>\n<p style=\"text-align: justify;\"><span style=\"color: #000000;\">\u201c<em>Ici et maintenant. Ressentir l\u2019instant. S\u2019ouvrir \u00e0 l\u2019autre, au monde, \u00e0 soi-m\u00eame\u201d<\/em><\/span><\/p>\n<\/div>\n<\/div><\/div><\/div><\/div><\/div>","protected":false},"excerpt":{"rendered":"<p>CABARET :&nbsp; Pass soir\u00e9e + Grignotage sal\u00e9e + un verre &#8211;&gt; 15\u20ac Pass soir\u00e9e + un verre &#8211;&gt; 7\u20ac Le 31 mars 2023, 20H Le 1er avril 2023, 20H Ouverture<span class=\"read-more-wrap\"><a class=\"moretag\" href=\"https:\/\/annexeromainville.com\/index.php\/an-evening-about-love-and-other-stuff\/\">Lire la suite<span class=\"screen-reader-text\">An Evening about Love and Other Stuff<\/span><\/a><\/span><\/p>\n","protected":false},"author":2,"featured_media":0,"parent":0,"menu_order":0,"comment_status":"closed","ping_status":"closed","template":"","meta":{"_bbp_topic_count":0,"_bbp_reply_count":0,"_bbp_total_topic_count":0,"_bbp_total_reply_count":0,"_bbp_voice_count":0,"_bbp_anonymous_reply_count":0,"_bbp_topic_count_hidden":0,"_bbp_reply_count_hidden":0,"_bbp_forum_subforum_count":0,"ngg_post_thumbnail":0},"_links":{"self":[{"href":"https:\/\/annexeromainville.com\/index.php\/wp-json\/wp\/v2\/pages\/6609"}],"collection":[{"href":"https:\/\/annexeromainville.com\/index.php\/wp-json\/wp\/v2\/pages"}],"about":[{"href":"https:\/\/annexeromainville.com\/index.php\/wp-json\/wp\/v2\/types\/page"}],"author":[{"embeddable":true,"href":"https:\/\/annexeromainville.com\/index.php\/wp-json\/wp\/v2\/users\/2"}],"replies":[{"embeddable":true,"href":"https:\/\/annexeromainville.com\/index.php\/wp-json\/wp\/v2\/comments?post=6609"}],"version-history":[{"count":71,"href":"https:\/\/annexeromainville.com\/index.php\/wp-json\/wp\/v2\/pages\/6609\/revisions"}],"predecessor-version":[{"id":8259,"href":"https:\/\/annexeromainville.com\/index.php\/wp-json\/wp\/v2\/pages\/6609\/revisions\/8259"}],"wp:attachment":[{"href":"https:\/\/annexeromainville.com\/index.php\/wp-json\/wp\/v2\/media?parent=6609"}],"curies":[{"name":"wp","href":"https:\/\/api.w.org\/{rel}","templated":true}]}}