{"id":6646,"date":"2022-04-22T15:35:19","date_gmt":"2022-04-22T14:35:19","guid":{"rendered":"http:\/\/annexeromainville.com\/?page_id=6646"},"modified":"2022-05-27T10:36:22","modified_gmt":"2022-05-27T09:36:22","slug":"votez-pour-moi-6","status":"publish","type":"page","link":"https:\/\/annexeromainville.com\/index.php\/votez-pour-moi-6\/","title":{"rendered":"Votez pour moi #6"},"content":{"rendered":"<div id=\"pl-6646\"  class=\"panel-layout\" ><div id=\"pg-6646-0\"  class=\"panel-grid panel-no-style\" ><div id=\"pgc-6646-0-0\"  class=\"panel-grid-cell panel-grid-cell-empty\" ><\/div><\/div><div id=\"pg-6646-1\"  class=\"panel-grid panel-no-style\" ><div id=\"pgc-6646-1-0\"  class=\"panel-grid-cell\" ><div id=\"panel-6646-1-0-0\" class=\"so-panel widget widget_sow-image panel-first-child panel-last-child\" data-index=\"0\" ><div\n\t\t\t\n\t\t\tclass=\"so-widget-sow-image so-widget-sow-image-default-8b5b6f678277-6646\"\n\t\t\t\n\t\t>\n<div class=\"sow-image-container\">\n\t\t<img \n\tsrc=\"https:\/\/annexeromainville.com\/wp-content\/uploads\/2022\/04\/CARRE-PROGRAMMATION-VOTEZ-POUR-MOI-1.png\" width=\"768\" height=\"768\" srcset=\"https:\/\/annexeromainville.com\/wp-content\/uploads\/2022\/04\/CARRE-PROGRAMMATION-VOTEZ-POUR-MOI-1.png 768w, https:\/\/annexeromainville.com\/wp-content\/uploads\/2022\/04\/CARRE-PROGRAMMATION-VOTEZ-POUR-MOI-1-300x300.png 300w, https:\/\/annexeromainville.com\/wp-content\/uploads\/2022\/04\/CARRE-PROGRAMMATION-VOTEZ-POUR-MOI-1-150x150.png 150w\" sizes=\"(max-width: 768px) 100vw, 768px\" title=\"CARRE PROGRAMMATION VOTEZ POUR MOI\" alt=\"\" loading=\"lazy\" \t\tclass=\"so-widget-image\"\/>\n\t<\/div>\n\n<\/div><\/div><\/div><div id=\"pgc-6646-1-1\"  class=\"panel-grid-cell\" ><div id=\"panel-6646-1-1-0\" class=\"so-panel widget widget_sow-editor panel-first-child\" data-index=\"1\" ><div\n\t\t\t\n\t\t\tclass=\"so-widget-sow-editor so-widget-sow-editor-base\"\n\t\t\t\n\t\t>\n<div class=\"siteorigin-widget-tinymce textwidget\">\n\t<h3><span style=\"color: #000000;\"><em><strong>Votez pour Moi! #6<\/strong><\/em>,<\/span><\/h3>\n<p><span style=\"color: #000000;\">Vendredi <strong>3 Juin<\/strong> 2022, \u00e0 <strong>20h<\/strong><\/span><br \/>\n<span style=\"color: #000000;\">Pour tous, <strong>\u00e0 partir de 8 ans<\/strong>.<\/span><br \/>\n<span style=\"color: #000000;\">Ouverture des portes \u00e0 19h45<\/span><\/p>\n<\/div>\n<\/div><\/div><div id=\"panel-6646-1-1-1\" class=\"so-panel widget widget_sow-button panel-last-child\" data-index=\"2\" ><div class=\"panel-widget-style panel-widget-style-for-6646-1-1-1\" ><div\n\t\t\t\n\t\t\tclass=\"so-widget-sow-button so-widget-sow-button-atom-4171141498f5-6646\"\n\t\t\t\n\t\t><div class=\"ow-button-base ow-button-align-left\"\n>\n\t\t\t<a\n\t\t\t\t\thref=\"https:\/\/www.helloasso.com\/associations\/jetzt\/evenements\/votez-pour-moi-5-la-finale\"\n\t\t\t\t\tclass=\"sowb-button ow-icon-placement-left ow-button-hover\" target=\"_blank\" rel=\"noopener noreferrer\" \t>\n\t\t<span>\n\t\t\t\n\t\t\tR\u00e9server\t\t<\/span>\n\t\t\t<\/a>\n\t<\/div>\n<\/div><\/div><\/div><\/div><\/div><div id=\"pg-6646-2\"  class=\"panel-grid panel-no-style\" ><div id=\"pgc-6646-2-0\"  class=\"panel-grid-cell panel-grid-cell-empty\" ><\/div><\/div><div id=\"pg-6646-3\"  class=\"panel-grid panel-no-style\" ><div id=\"pgc-6646-3-0\"  class=\"panel-grid-cell\" ><div id=\"panel-6646-3-0-0\" class=\"so-panel widget widget_sow-editor panel-first-child panel-last-child\" data-index=\"3\" ><div\n\t\t\t\n\t\t\tclass=\"so-widget-sow-editor so-widget-sow-editor-base\"\n\t\t\t\n\t\t>\n<div class=\"siteorigin-widget-tinymce textwidget\">\n\t<hr \/>\n<h3 style=\"text-align: center;\"><span style=\"color: #000000;\">Les Finalistes<\/span><\/h3>\n<hr \/>\n<p>&nbsp;<\/p>\n<\/div>\n<\/div><\/div><\/div><\/div><div id=\"pg-6646-4\"  class=\"panel-grid panel-no-style\" ><div id=\"pgc-6646-4-0\"  class=\"panel-grid-cell\" ><div id=\"panel-6646-4-0-0\" class=\"so-panel widget widget_sow-editor panel-first-child\" data-index=\"4\" ><div class=\"panel-widget-style panel-widget-style-for-6646-4-0-0\" ><div\n\t\t\t\n\t\t\tclass=\"so-widget-sow-editor so-widget-sow-editor-base\"\n\t\t\t\n\t\t><h3 class=\"widget-title\">Compagnie Madame M - Dans Les Phares<\/h3>\n<div class=\"siteorigin-widget-tinymce textwidget\">\n\t<p><span style=\"color: #000000;\">Ecrite par Maryvette Lair<\/span><br \/>\n<span style=\"color: #000000;\">Mise en sc\u00e8ne : Jessica Fouch\u00e9<\/span><br \/>\n<span style=\"color: #000000;\">Distribtion :<br \/>\n<\/span><\/p>\n<p style=\"text-align: justify;\"><span style=\"text-decoration: underline; color: #000000;\">Le synopsis ?<\/span><\/p>\n<p><span style=\"color: #000000;\">Dans les phares raconte l'histoire d'une femme bloqu\u00e9e sur sa route, comme un lapin pris dans les lumi\u00e8res des phares. Une histoire personnelle mais cependant romanc\u00e9e, une histoire sombre non d\u00e9nu\u00e9e d'humour. Un conte hybride qui m\u00eale th\u00e9\u00e2tre, musique, danse et cirque sur la qu\u00eate d'identit\u00e9, la peur de grandir, l'affirmation de soi.<\/span><\/p>\n<div class=\"page\" data-page-number=\"5\" data-loaded=\"true\">&nbsp;<\/div>\n<p>&nbsp;<\/p>\n<\/div>\n<\/div><\/div><\/div><div id=\"panel-6646-4-0-1\" class=\"so-panel widget widget_sow-editor\" data-index=\"5\" ><div class=\"panel-widget-style panel-widget-style-for-6646-4-0-1\" ><div\n\t\t\t\n\t\t\tclass=\"so-widget-sow-editor so-widget-sow-editor-base\"\n\t\t\t\n\t\t>\n<div class=\"siteorigin-widget-tinymce textwidget\">\n\t<p style=\"text-align: justify;\"><span style=\"text-decoration: underline; color: #000000;\">Le projet ?<\/span><\/p>\n<p><span style=\"color: #000000;\">Le spectacle sera construit comme une enqu\u00eate qui part du mobile, navigue d\u2019indice en indice, reconstitue la sc\u00e8ne du crime, interroge les t\u00e9moins et livre sa conclusion. La r\u00e9v\u00e9lation d\u2019une trahison : la vie n\u2019est pas celle que l\u2019on croit.<\/span><\/p>\n<p>&nbsp;<\/p>\n<p>&nbsp;<\/p>\n<\/div>\n<\/div><\/div><\/div><div id=\"panel-6646-4-0-2\" class=\"so-panel widget widget_sow-editor panel-last-child\" data-index=\"6\" ><div\n\t\t\t\n\t\t\tclass=\"so-widget-sow-editor so-widget-sow-editor-base\"\n\t\t\t\n\t\t>\n<div class=\"siteorigin-widget-tinymce textwidget\">\n\t<p style=\"text-align: justify;\"><span style=\"text-decoration: underline; color: #000000;\"><span>La compagnie ?<\/span><\/span><\/p>\n<div><span style=\"color: #000000;\">MADAME M (et la sid\u00e9ration des brouillards) est une compagnie n\u00e9e en 2019.<\/span><\/div>\n<div><span style=\"color: #000000;\">Elle a pour objectif de cr\u00e9er des spectacles pluridisciplinaires o\u00f9 s'entrem\u00ealent le th\u00e9\u00e2tre, la musique, le cirque et la danse.<\/span><\/div>\n<div><span style=\"color: #000000;\"><em>Dans les phares&nbsp;<\/em>est son premier spectacle, un seule en sc\u00e8ne \u00e9crit et interpr\u00e9t\u00e9 par Maryvette Lair.<\/span><\/div>\n<div><span style=\"color: #000000;\">La compagnie propose aussi des ateliers artistiques li\u00e9s \u00e0 ses cr\u00e9ations.<\/span><\/div>\n<\/div>\n<\/div><\/div><\/div><div id=\"pgc-6646-4-1\"  class=\"panel-grid-cell\" ><div id=\"panel-6646-4-1-0\" class=\"so-panel widget widget_sow-editor panel-first-child\" data-index=\"7\" ><div\n\t\t\t\n\t\t\tclass=\"so-widget-sow-editor so-widget-sow-editor-base\"\n\t\t\t\n\t\t><h3 class=\"widget-title\">Collectif La Grosse Plateforme - Mon  coeur  est  grav\u00e9  dans  mes  chansons<\/h3>\n<div class=\"siteorigin-widget-tinymce textwidget\">\n\t<p><span style=\"color: #000000;\">\u00c9crit par Charlotte Arnaud et Maryse Rousseau<\/span><br \/>\n<strong><span style=\"color: #000000;\">Mise en sc\u00e8ne Charlotte Arnaud<\/span><\/strong><br \/>\n<span style=\"color: #000000;\">Distribution : Maryse Rousseau<br \/>\n<\/span><\/p>\n<p><span style=\"text-decoration: underline;\"><span style=\"color: #000000; text-decoration: underline;\">Le synopsis ?<\/span><\/span><\/p>\n<p style=\"text-align: justify;\"><span style=\"color: #000000;\"><em> Mon c\u0153ur est grav\u00e9 dans mes chansons<\/em> raconte l\u2019histoire d\u2019une femme qui enqu\u00eate sur la vie d\u2019une idole et qui y lit ses propres r\u00eaves, ses propres gloires et ses propres \u00e9checs.<\/span><\/p>\n<\/div>\n<\/div><\/div><div id=\"panel-6646-4-1-1\" class=\"so-panel widget widget_sow-editor\" data-index=\"8\" ><div\n\t\t\t\n\t\t\tclass=\"so-widget-sow-editor so-widget-sow-editor-base\"\n\t\t\t\n\t\t>\n<div class=\"siteorigin-widget-tinymce textwidget\">\n\t<p style=\"text-align: justify;\"><span style=\"text-decoration: underline; color: #000000;\">Le projet ?<\/span><\/p>\n<p style=\"text-align: justify;\"><span style=\"color: #000000;\">Entre 2019 et 2021 une partie du collectif La Grosse Plateforme arpente les karaokes et les f\u00eates de village, \u00e0 la recherche d\u2019une r\u00e9ponse : comment une chanson peut-elle me donner la sensation d\u2019avoir \u00e9t\u00e9 \u00e9crite pour moi, pr\u00e9cis\u00e9ment, et pourtant rassembler autant de monde ?<\/span><\/p>\n<p style=\"text-align: justify;\"><span style=\"color: #000000;\">Leur recherche les a fait croiser la route de beaucoup d\u2019amateur.ices de tubes et de vari\u00e9t\u00e9. Certain.e.s des auditeur.ices avaient un rapport particulier, non pas \u00e0 une chanson, mais \u00e0 un ou une artiste. Iels connaissaient toute sa discographie, mais aussi sa vie personnelle, des d\u00e9tails pr\u00e9cis de son existence. Des fans.<\/span><\/p>\n<p style=\"text-align: justify;\"><span style=\"color: #000000;\"><em>Mon coeur est grav\u00e9 dans mes chansons<\/em> raconte l\u2019histoire d\u2019une femme qui enqu\u00eate sur la vie d\u2019une idole et qui y lit ses propres r\u00eaves, ses propres gloires et ses propres \u00e9checs.<\/span><\/p>\n<\/div>\n<\/div><\/div><div id=\"panel-6646-4-1-2\" class=\"so-panel widget widget_sow-editor panel-last-child\" data-index=\"9\" ><div\n\t\t\t\n\t\t\tclass=\"so-widget-sow-editor so-widget-sow-editor-base\"\n\t\t\t\n\t\t>\n<div class=\"siteorigin-widget-tinymce textwidget\">\n\t<p style=\"text-align: justify;\"><span style=\"text-decoration: underline;\"><span style=\"color: #000000; text-decoration: underline;\">La compagnie ?<\/span><\/span><\/p>\n<p style=\"text-align: justify;\"><span style=\"color: #000000;\"> La Grosse Plateforme est un collectif pluridisciplinaire rassemblant<br \/>\n17 acteurices du spectacle vivant.<\/span><\/p>\n<p style=\"text-align: justify;\"><span style=\"color: #000000;\">Com\u00e9dien.e.s, danseur.euse.s, administrateurices, sc\u00e9nographes, chanteur.euses et p\u00e9dagogues partagent une vision commune de la cr\u00e9ation artistique et de son d\u00e9ploiement dans le contexte actuel.<\/span><\/p>\n<p style=\"text-align: justify;\"><span style=\"color: #000000;\">Depuis 2017, la Grosse Plateforme cr\u00e9\u00e9 des spectacles, m\u00e8ne des actions artistiques et p\u00e9dagogiques avec les publics, et organisons des \u00e9v\u00e8nements festifs et exp\u00e9rimentaux.<\/span><\/p>\n<\/div>\n<\/div><\/div><\/div><\/div><div id=\"pg-6646-5\"  class=\"panel-grid panel-no-style\" ><div id=\"pgc-6646-5-0\"  class=\"panel-grid-cell\" ><div id=\"panel-6646-5-0-0\" class=\"so-panel widget widget_sow-editor panel-first-child\" data-index=\"10\" ><div class=\"panel-widget-style panel-widget-style-for-6646-5-0-0\" ><div\n\t\t\t\n\t\t\tclass=\"so-widget-sow-editor so-widget-sow-editor-base\"\n\t\t\t\n\t\t><h3 class=\"widget-title\">Compagnie Les Voix InPopulaires - Il CavalieRE<\/h3>\n<div class=\"siteorigin-widget-tinymce textwidget\">\n\t<p><span style=\"color: #000000;\">Cr\u00e9ation originale librement inspir\u00e9e de <em>Don Quichotte<\/em> de Miguel de Cervant\u00e8s <\/span><br \/>\n<span style=\"color: #000000;\">Mise en sc\u00e8ne par : Igor GEAT<\/span><br \/>\n<span style=\"color: #000000;\">Distribtion : C.A.M.I. et LES VOIX INPOPULAIRES<\/span><\/p>\n<p style=\"text-align: justify;\"><span style=\"text-decoration: underline; color: #000000;\">Le synopsis ?<\/span><\/p>\n<div class=\"page\" data-page-number=\"5\" data-loaded=\"true\">\n<div class=\"textLayer\"><span style=\"color: #000000;\">Suite au traumatisme de la gal\u00e8re et de la prison, Cervant\u00e8s ne se reconna\u00eet plus et se prend pour un autre, tout comme Don Quichotte se prend pour Sancho Panza et pense avoir \u00e9t\u00e9 emprisonn\u00e9 pour avoir servi le noble Chevalier et \u00eatre r\u00e9duit au silence.<\/span><\/div>\n<div>&nbsp;<\/div>\n<div class=\"textLayer\"><span style=\"color: #000000;\">Le ge\u00f4lier, sa seule compagnie, garde la porte de sa cellule d\u2019o\u00f9 affluent des souvenirs et des fragments de m\u00e9moire. Ce sont des bouts de sa propre histoire qu\u2019il ne parvient pas encore \u00e0 reconstituer. Son ge\u00f4lier lui tient compagnie, le sermonne et l\u2019accompagne, lui offrant parfois, pour assaisonner sa soupe, quelques notes de musiques.<\/span><\/div>\n<\/div>\n<p>&nbsp;<\/p>\n<\/div>\n<\/div><\/div><\/div><div id=\"panel-6646-5-0-1\" class=\"so-panel widget widget_sow-editor\" data-index=\"11\" ><div class=\"panel-widget-style panel-widget-style-for-6646-5-0-1\" ><div\n\t\t\t\n\t\t\tclass=\"so-widget-sow-editor so-widget-sow-editor-base\"\n\t\t\t\n\t\t>\n<div class=\"siteorigin-widget-tinymce textwidget\">\n\t<p style=\"text-align: justify;\"><span style=\"text-decoration: underline; color: #000000;\">Le projet ?<\/span><\/p>\n<p style=\"text-align: justify;\"><span style=\"color: #000000;\">L\u2019\u00e9criture de \u00ab Il CavalieRE \u00bb s\u2019appuie sur l\u2019id\u00e9e que le roman du Don Quichotte est une \u00e9laboration issue des traumatismes de Cervant\u00e8s caus\u00e9s par la guerre. Une sorte r\u00e9action post-traumatique due au refoulement de son exp\u00e9rience \u00e0 la bataille de L\u00e9pante et aggrav\u00e9e par sa captivit\u00e9. Sublim\u00e9e par l\u2019\u00e9criture, elle prend la forme du c\u00e9l\u00e8bre roman que nous connaissons tous : Don Quichotte.<\/span><\/p>\n<p><span style=\"color: #000000;\">L\u2019\u00e9criture et la litt\u00e9rature peuvent \u00eatre des instruments de gu\u00e9rison \u00e0 travers lesquels il est possible d\u2019\u00e9laborer un processus cathartique de la douleur, un moyen de \u00ab sauver sa peau \u00bb et de conjurer la folie qui accompagne souvent les \u00e9pisodes de guerre<\/span><\/p>\n<\/div>\n<\/div><\/div><\/div><div id=\"panel-6646-5-0-2\" class=\"so-panel widget widget_sow-editor panel-last-child\" data-index=\"12\" ><div\n\t\t\t\n\t\t\tclass=\"so-widget-sow-editor so-widget-sow-editor-base\"\n\t\t\t\n\t\t>\n<div class=\"siteorigin-widget-tinymce textwidget\">\n\t<p style=\"text-align: justify;\"><span style=\"text-decoration: underline; color: #000000;\"><span>La compagnie ?<\/span><\/span><\/p>\n<div class=\"page\" title=\"Page 1\">\n<div class=\"layoutArea\">\n<div class=\"column\">\n<p><span style=\"color: #000000;\">La Compagnie Les Voix InPopulaires est un ensemble italo-franc\u0327ais de musiciens, danseurs et come\u0301diens, dont le travail repose sur la re\u0301interpre\u0301tation de textes, danses, et musiques de la tradition \u00ab populaire \u00bb.<\/span><\/p>\n<p><span style=\"color: #000000;\">Le but de la compagnie est celui d\u2019enque\u0302ter sur la socie\u0301te\u0301 d\u2019aujourd\u2019hui a\u0300 travers les re\u0301cits du peuple, mais aussi de s\u2019inspirer des grands auteurs de the\u0301a\u0302tre.<\/span><br \/>\n<span style=\"color: #000000;\">La re\u0301\u00e9criture des \u0153uvres du the\u0301a\u0302tre classique peut \u00eatre le point de de\u0301part de leurs cre\u0301ations, mais ils travaillent aussi a\u0300 partir d\u2019improvisations et cre\u0301ent directement sur le plateau.<\/span><\/p>\n<p><span style=\"color: #000000;\">Andrea Colangelo, interpre\u0300te principal de la compagnie, s\u2019est installe\u0301 a\u0300 Paris en 2018 et c\u2019est ainsi que Les Voix InPopulaires, employant de\u0301ja\u0300 des langues et des dialectes diffe\u0301rents, a commence\u0301 a\u0300 cre\u0301er ses pie\u0300ces en franc\u0327ais.<\/span><\/p>\n<\/div>\n<\/div>\n<\/div>\n<\/div>\n<\/div><\/div><\/div><div id=\"pgc-6646-5-1\"  class=\"panel-grid-cell\" ><div id=\"panel-6646-5-1-0\" class=\"so-panel widget widget_sow-editor panel-first-child\" data-index=\"13\" ><div\n\t\t\t\n\t\t\tclass=\"so-widget-sow-editor so-widget-sow-editor-base\"\n\t\t\t\n\t\t>\n<div class=\"siteorigin-widget-tinymce textwidget\">\n\t<\/div>\n<\/div><\/div><div id=\"panel-6646-5-1-1\" class=\"so-panel widget widget_sow-editor\" data-index=\"14\" ><div\n\t\t\t\n\t\t\tclass=\"so-widget-sow-editor so-widget-sow-editor-base\"\n\t\t\t\n\t\t>\n<div class=\"siteorigin-widget-tinymce textwidget\">\n\t<\/div>\n<\/div><\/div><div id=\"panel-6646-5-1-2\" class=\"so-panel widget widget_sow-editor panel-last-child\" data-index=\"15\" ><div\n\t\t\t\n\t\t\tclass=\"so-widget-sow-editor so-widget-sow-editor-base\"\n\t\t\t\n\t\t>\n<div class=\"siteorigin-widget-tinymce textwidget\">\n\t<\/div>\n<\/div><\/div><\/div><\/div><\/div>","protected":false},"excerpt":{"rendered":"<p>Votez pour Moi! #6, Vendredi 3 Juin 2022, \u00e0 20h Pour tous, \u00e0 partir de 8 ans. Ouverture des portes \u00e0 19h45<\/p>\n","protected":false},"author":2,"featured_media":0,"parent":0,"menu_order":0,"comment_status":"closed","ping_status":"closed","template":"","meta":{"_bbp_topic_count":0,"_bbp_reply_count":0,"_bbp_total_topic_count":0,"_bbp_total_reply_count":0,"_bbp_voice_count":0,"_bbp_anonymous_reply_count":0,"_bbp_topic_count_hidden":0,"_bbp_reply_count_hidden":0,"_bbp_forum_subforum_count":0,"ngg_post_thumbnail":0},"_links":{"self":[{"href":"https:\/\/annexeromainville.com\/index.php\/wp-json\/wp\/v2\/pages\/6646"}],"collection":[{"href":"https:\/\/annexeromainville.com\/index.php\/wp-json\/wp\/v2\/pages"}],"about":[{"href":"https:\/\/annexeromainville.com\/index.php\/wp-json\/wp\/v2\/types\/page"}],"author":[{"embeddable":true,"href":"https:\/\/annexeromainville.com\/index.php\/wp-json\/wp\/v2\/users\/2"}],"replies":[{"embeddable":true,"href":"https:\/\/annexeromainville.com\/index.php\/wp-json\/wp\/v2\/comments?post=6646"}],"version-history":[{"count":71,"href":"https:\/\/annexeromainville.com\/index.php\/wp-json\/wp\/v2\/pages\/6646\/revisions"}],"predecessor-version":[{"id":6926,"href":"https:\/\/annexeromainville.com\/index.php\/wp-json\/wp\/v2\/pages\/6646\/revisions\/6926"}],"wp:attachment":[{"href":"https:\/\/annexeromainville.com\/index.php\/wp-json\/wp\/v2\/media?parent=6646"}],"curies":[{"name":"wp","href":"https:\/\/api.w.org\/{rel}","templated":true}]}}