{"id":675,"date":"2016-12-29T16:16:43","date_gmt":"2016-12-29T15:16:43","guid":{"rendered":"http:\/\/annexedutraindevie.com\/?page_id=675"},"modified":"2016-12-29T16:16:43","modified_gmt":"2016-12-29T15:16:43","slug":"biographie-gaetan-peau","status":"publish","type":"page","link":"https:\/\/annexeromainville.com\/index.php\/biographie-gaetan-peau\/","title":{"rendered":"Biographie : Ga\u00ebtan Peau"},"content":{"rendered":"<p><span style=\"color: #000000;\"><a href=\"http:\/\/annexedutraindevie.com\/wp-content\/uploads\/2016\/12\/gaetan-peau.jpg\"><img loading=\"lazy\" class=\" wp-image-676 alignleft\" src=\"http:\/\/annexedutraindevie.com\/wp-content\/uploads\/2016\/12\/gaetan-peau.jpg\" alt=\"\" width=\"116\" height=\"154\" \/><\/a>Ga\u00ebtan Peau entre \u00e0 l\u2019ESAD en 1998. Il suit l\u2019enseignement d\u2019Yves Pignot, de Jean-claude Cotillard, de Nicolas Brian\u00e7on\u2026 Il y fait la rencontre de notamment de Quentin Defalt, metteur en sc\u00e8ne de la compagnie Teknai, avec qui il travaille toujours aujourd\u2019hui. Il fut auteur, co-auteur et com\u00e9diens sur de nombreuses cr\u00e9ations avec cette compagnie, notamment la trilogie des <em>Cadouin<\/em>, ainsi que <em>Lancelot, un chevalier de Merlin<\/em>. En 2014, il cr\u00e9e sa propre compagnie, Cousin d\u2019Edgar, avec laquelle il dispense de nombreux cours.\u00a0\u00c0 ce jour, une centaine d\u2019\u00e9l\u00e8ves y trouvent un enseignement th\u00e9\u00e2tral. Com\u00e9dien et auteur, il \u00e9crit en 2016 deux nouvelles pi\u00e8ces toujours au sein de cette compagnie. (<em>Le corps en obstacle<\/em>, <em>Faire qqchose<\/em>.) R\u00e9cemment, il a jou\u00e9 dans <em>Carter est un porc<\/em> de Romain Duquesne, et participera \u00e0 sa prochaine cr\u00e9ation, <em>\u0152dipe<\/em>.<\/span><\/p>\n<p><span style=\"color: #000000;\">C\u2019est en 1998, \u00e0 l\u2019ESAD toujours que Ga\u00ebtan Peau rencontre David Seigneur, avec qui, il noue tr\u00e8s rapidement une intime complicit\u00e9 qui ne se d\u00e9ment pas. C\u2019est en toute logique qu\u2019ils d\u00e9cident de travailler ensemble sur <em>Le corps en obstacle<\/em>.<\/span><\/p>\n","protected":false},"excerpt":{"rendered":"<p>Ga\u00ebtan Peau entre \u00e0 l\u2019ESAD en 1998. Il suit l\u2019enseignement d\u2019Yves Pignot, de Jean-claude Cotillard, de Nicolas Brian\u00e7on\u2026 Il y fait la rencontre de notamment de Quentin Defalt, metteur en<span class=\"read-more-wrap\"><a class=\"moretag\" href=\"https:\/\/annexeromainville.com\/index.php\/biographie-gaetan-peau\/\">Lire la suite<span class=\"screen-reader-text\">Biographie : Ga\u00ebtan Peau<\/span><\/a><\/span><\/p>\n","protected":false},"author":2,"featured_media":0,"parent":0,"menu_order":0,"comment_status":"closed","ping_status":"closed","template":"","meta":{"_bbp_topic_count":0,"_bbp_reply_count":0,"_bbp_total_topic_count":0,"_bbp_total_reply_count":0,"_bbp_voice_count":0,"_bbp_anonymous_reply_count":0,"_bbp_topic_count_hidden":0,"_bbp_reply_count_hidden":0,"_bbp_forum_subforum_count":0,"ngg_post_thumbnail":0},"_links":{"self":[{"href":"https:\/\/annexeromainville.com\/index.php\/wp-json\/wp\/v2\/pages\/675"}],"collection":[{"href":"https:\/\/annexeromainville.com\/index.php\/wp-json\/wp\/v2\/pages"}],"about":[{"href":"https:\/\/annexeromainville.com\/index.php\/wp-json\/wp\/v2\/types\/page"}],"author":[{"embeddable":true,"href":"https:\/\/annexeromainville.com\/index.php\/wp-json\/wp\/v2\/users\/2"}],"replies":[{"embeddable":true,"href":"https:\/\/annexeromainville.com\/index.php\/wp-json\/wp\/v2\/comments?post=675"}],"version-history":[{"count":1,"href":"https:\/\/annexeromainville.com\/index.php\/wp-json\/wp\/v2\/pages\/675\/revisions"}],"predecessor-version":[{"id":677,"href":"https:\/\/annexeromainville.com\/index.php\/wp-json\/wp\/v2\/pages\/675\/revisions\/677"}],"wp:attachment":[{"href":"https:\/\/annexeromainville.com\/index.php\/wp-json\/wp\/v2\/media?parent=675"}],"curies":[{"name":"wp","href":"https:\/\/api.w.org\/{rel}","templated":true}]}}