{"id":6822,"date":"2022-04-29T14:32:11","date_gmt":"2022-04-29T13:32:11","guid":{"rendered":"http:\/\/annexeromainville.com\/?page_id=6822"},"modified":"2022-08-31T09:38:35","modified_gmt":"2022-08-31T08:38:35","slug":"culture-sur-rue-2022","status":"publish","type":"page","link":"https:\/\/annexeromainville.com\/index.php\/actualite\/culture-sur-rue-2022\/","title":{"rendered":"Culture Sur Rue 2022"},"content":{"rendered":"<div id=\"pl-6822\"  class=\"panel-layout\" ><div id=\"pg-6822-0\"  class=\"panel-grid panel-no-style\" ><div id=\"pgc-6822-0-0\"  class=\"panel-grid-cell\" ><div id=\"panel-6822-0-0-0\" class=\"so-panel widget widget_sow-image panel-first-child panel-last-child\" data-index=\"0\" ><div\n\t\t\t\n\t\t\tclass=\"so-widget-sow-image so-widget-sow-image-default-8b5b6f678277-6822\"\n\t\t\t\n\t\t>\n<div class=\"sow-image-container\">\n\t\t<img \n\tsrc=\"https:\/\/annexeromainville.com\/wp-content\/uploads\/2022\/06\/affiche-Culture-Sur-Rue.jpg\" width=\"1587\" height=\"2245\" srcset=\"https:\/\/annexeromainville.com\/wp-content\/uploads\/2022\/06\/affiche-Culture-Sur-Rue.jpg 1587w, https:\/\/annexeromainville.com\/wp-content\/uploads\/2022\/06\/affiche-Culture-Sur-Rue-212x300.jpg 212w, https:\/\/annexeromainville.com\/wp-content\/uploads\/2022\/06\/affiche-Culture-Sur-Rue-724x1024.jpg 724w, https:\/\/annexeromainville.com\/wp-content\/uploads\/2022\/06\/affiche-Culture-Sur-Rue-768x1086.jpg 768w, https:\/\/annexeromainville.com\/wp-content\/uploads\/2022\/06\/affiche-Culture-Sur-Rue-1086x1536.jpg 1086w, https:\/\/annexeromainville.com\/wp-content\/uploads\/2022\/06\/affiche-Culture-Sur-Rue-1448x2048.jpg 1448w\" sizes=\"(max-width: 1587px) 100vw, 1587px\" title=\"affiche Culture Sur Rue\" alt=\"\" loading=\"lazy\" \t\tclass=\"so-widget-image\"\/>\n\t<\/div>\n\n<\/div><\/div><\/div><div id=\"pgc-6822-0-1\"  class=\"panel-grid-cell\" ><div id=\"panel-6822-0-1-0\" class=\"so-panel widget widget_sow-editor panel-first-child panel-last-child\" data-index=\"1\" ><div\n\t\t\t\n\t\t\tclass=\"so-widget-sow-editor so-widget-sow-editor-base\"\n\t\t\t\n\t\t>\n<div class=\"siteorigin-widget-tinymce textwidget\">\n\t<h3><span style=\"color: #000000;\"><em><strong>Culture sur Rue<\/strong><\/em>,<\/span><\/h3>\n<p><span style=\"color: #000000;\">Dimanche <strong>26 Juin 2022<\/strong>, <strong>10h \u00e0 19<\/strong><strong>h <\/strong>sur l'Esplanade Cachin (plaine centrale, mail des \u00e9coles)<\/span><br \/>\n<span style=\"color: #000000;\">Pour tous,<strong> Spectacles, ateliers, concerts et initiations.<\/strong> <\/span><\/p>\n<div class=\"gl3lb2sf\">&nbsp;<\/div>\n<div class=\"dati1w0a hv4rvrfc\">\n<div class=\"kvgmc6g5 cxmmr5t8 oygrvhab hcukyx3x c1et5uql\" style=\"text-align: justify;\"><span style=\"color: #000000;\">Festival annuel de l'Annexe, Culture sur Rue m\u00eale concerts, danse, chant, spectacles, marionnettes, photographie, ateliers d'\u00e9criture et plus encore !<\/span><\/div>\n<div>&nbsp;<\/div>\n<div class=\"kvgmc6g5 cxmmr5t8 oygrvhab hcukyx3x c1et5uql\" style=\"text-align: justify;\"><span style=\"color: #000000;\">Situ\u00e9 au c\u0153ur de l'Esplanade Cachin \u00e0 Romainville, le festival s'accompagne \u00e9galement d'un vide-greniers ! <\/span><\/div>\n<div>&nbsp;<\/div>\n<div class=\"kvgmc6g5 cxmmr5t8 oygrvhab hcukyx3x c1et5uql\" style=\"text-align: justify;\"><span style=\"color: #000000;\">Toutes les activit\u00e9s sont gratuites et enfants comme adultes pourront y trouver leur bonheur.<\/span><\/div>\n<div>&nbsp;<\/div>\n<div class=\"kvgmc6g5 cxmmr5t8 oygrvhab hcukyx3x c1et5uql\" style=\"text-align: justify;\"><span style=\"color: #000000;\">Venez nombreux !<\/span><\/div>\n<\/div>\n<p>&nbsp;<\/p>\n<\/div>\n<\/div><\/div><\/div><\/div><div id=\"pg-6822-1\"  class=\"panel-grid panel-no-style\" ><div id=\"pgc-6822-1-0\"  class=\"panel-grid-cell\" ><div id=\"panel-6822-1-0-0\" class=\"so-panel widget widget_sow-editor panel-first-child panel-last-child\" data-index=\"2\" ><div\n\t\t\t\n\t\t\tclass=\"so-widget-sow-editor so-widget-sow-editor-base\"\n\t\t\t\n\t\t><h3 class=\"widget-title\">PROGRAMMATION<\/h3>\n<div class=\"siteorigin-widget-tinymce textwidget\">\n\t<p>D\u00e9couvrez le d\u00e9roul\u00e9 de Culture Sur Rue !<\/p>\n<\/div>\n<\/div><\/div><\/div><\/div><div id=\"pg-6822-2\"  class=\"panel-grid panel-no-style\" ><div id=\"pgc-6822-2-0\"  class=\"panel-grid-cell\" ><div id=\"panel-6822-2-0-0\" class=\"so-panel widget widget_sow-image panel-first-child panel-last-child\" data-index=\"3\" ><div\n\t\t\t\n\t\t\tclass=\"so-widget-sow-image so-widget-sow-image-default-8b5b6f678277-6822\"\n\t\t\t\n\t\t>\n<div class=\"sow-image-container\">\n\t\t<img \n\tsrc=\"https:\/\/annexeromainville.com\/wp-content\/uploads\/2022\/06\/CULTURE-SUR-RUE-de\u0301roule\u0301-Flyer-Portrait.jpg\" width=\"1240\" height=\"1748\" srcset=\"https:\/\/annexeromainville.com\/wp-content\/uploads\/2022\/06\/CULTURE-SUR-RUE-de\u0301roule\u0301-Flyer-Portrait.jpg 1240w, https:\/\/annexeromainville.com\/wp-content\/uploads\/2022\/06\/CULTURE-SUR-RUE-de\u0301roule\u0301-Flyer-Portrait-213x300.jpg 213w, https:\/\/annexeromainville.com\/wp-content\/uploads\/2022\/06\/CULTURE-SUR-RUE-de\u0301roule\u0301-Flyer-Portrait-726x1024.jpg 726w, https:\/\/annexeromainville.com\/wp-content\/uploads\/2022\/06\/CULTURE-SUR-RUE-de\u0301roule\u0301-Flyer-Portrait-768x1083.jpg 768w, https:\/\/annexeromainville.com\/wp-content\/uploads\/2022\/06\/CULTURE-SUR-RUE-de\u0301roule\u0301-Flyer-Portrait-1090x1536.jpg 1090w\" sizes=\"(max-width: 1240px) 100vw, 1240px\" title=\"CULTURE SUR RUE de\u0301roule\u0301 (Flyer (Portrait))\" alt=\"\" loading=\"lazy\" \t\tclass=\"so-widget-image\"\/>\n\t<\/div>\n\n<\/div><\/div><\/div><div id=\"pgc-6822-2-1\"  class=\"panel-grid-cell\" ><div id=\"panel-6822-2-1-0\" class=\"so-panel widget widget_sow-image panel-first-child panel-last-child\" data-index=\"4\" ><div\n\t\t\t\n\t\t\tclass=\"so-widget-sow-image so-widget-sow-image-default-8b5b6f678277-6822\"\n\t\t\t\n\t\t>\n<div class=\"sow-image-container\">\n\t\t<img \n\tsrc=\"https:\/\/annexeromainville.com\/wp-content\/uploads\/2022\/06\/CULTURE-SUR-RUE-de\u0301roule\u0301-Flyer-Portrait1.jpg\" width=\"1240\" height=\"1748\" srcset=\"https:\/\/annexeromainville.com\/wp-content\/uploads\/2022\/06\/CULTURE-SUR-RUE-de\u0301roule\u0301-Flyer-Portrait1.jpg 1240w, https:\/\/annexeromainville.com\/wp-content\/uploads\/2022\/06\/CULTURE-SUR-RUE-de\u0301roule\u0301-Flyer-Portrait1-213x300.jpg 213w, https:\/\/annexeromainville.com\/wp-content\/uploads\/2022\/06\/CULTURE-SUR-RUE-de\u0301roule\u0301-Flyer-Portrait1-726x1024.jpg 726w, https:\/\/annexeromainville.com\/wp-content\/uploads\/2022\/06\/CULTURE-SUR-RUE-de\u0301roule\u0301-Flyer-Portrait1-768x1083.jpg 768w, https:\/\/annexeromainville.com\/wp-content\/uploads\/2022\/06\/CULTURE-SUR-RUE-de\u0301roule\u0301-Flyer-Portrait1-1090x1536.jpg 1090w\" sizes=\"(max-width: 1240px) 100vw, 1240px\" title=\"CULTURE SUR RUE de\u0301roule\u0301 (Flyer (Portrait))(1)\" alt=\"\" loading=\"lazy\" \t\tclass=\"so-widget-image\"\/>\n\t<\/div>\n\n<\/div><\/div><\/div><\/div><div id=\"pg-6822-3\"  class=\"panel-grid panel-no-style\" ><div id=\"pgc-6822-3-0\"  class=\"panel-grid-cell panel-grid-cell-empty\" ><\/div><div id=\"pgc-6822-3-1\"  class=\"panel-grid-cell panel-grid-cell-mobile-last\" ><div id=\"panel-6822-3-1-0\" class=\"so-panel widget widget_sow-slider panel-first-child panel-last-child\" data-index=\"5\" ><div\n\t\t\t\n\t\t\tclass=\"so-widget-sow-slider so-widget-sow-slider-default-20435477b006-6822\"\n\t\t\t\n\t\t>\t\t\t\t<div class=\"sow-slider-base\" style=\"display: none\" tabindex=\"0\">\n\t\t\t\t\t<ul\n\t\t\t\t\tclass=\"sow-slider-images\"\n\t\t\t\t\tdata-settings=\"{&quot;pagination&quot;:true,&quot;speed&quot;:800,&quot;timeout&quot;:8000,&quot;paused&quot;:false,&quot;pause_on_hover&quot;:true,&quot;swipe&quot;:true,&quot;nav_always_show_desktop&quot;:true,&quot;nav_always_show_mobile&quot;:true,&quot;breakpoint&quot;:&quot;780px&quot;,&quot;unmute&quot;:false,&quot;anchor&quot;:null}\"\n\t\t\t\t\t\t\t\t\t\tdata-anchor-id=\"\"\n\t\t\t\t>\t\t<li class=\"sow-slider-image\" style=\"visibility: visible;\" >\n\t\t\t\t\t\t<img width=\"2560\" height=\"1920\" src=\"https:\/\/annexeromainville.com\/wp-content\/uploads\/2022\/08\/IMG20220626174334-scaled.jpg\" class=\"sow-slider-background-image\" alt=\"\" loading=\"lazy\" style=\"\" srcset=\"https:\/\/annexeromainville.com\/wp-content\/uploads\/2022\/08\/IMG20220626174334-scaled.jpg 2560w, https:\/\/annexeromainville.com\/wp-content\/uploads\/2022\/08\/IMG20220626174334-300x225.jpg 300w, https:\/\/annexeromainville.com\/wp-content\/uploads\/2022\/08\/IMG20220626174334-1024x768.jpg 1024w, https:\/\/annexeromainville.com\/wp-content\/uploads\/2022\/08\/IMG20220626174334-768x576.jpg 768w, https:\/\/annexeromainville.com\/wp-content\/uploads\/2022\/08\/IMG20220626174334-1536x1152.jpg 1536w, https:\/\/annexeromainville.com\/wp-content\/uploads\/2022\/08\/IMG20220626174334-2048x1536.jpg 2048w\" sizes=\"(max-width: 2560px) 100vw, 2560px\" \/>\t\t<\/li>\n\t\t\t\t<li class=\"sow-slider-image\" style=\"visibility: hidden;\" >\n\t\t\t\t\t\t\t\t<\/li>\n\t\t\t\t<li class=\"sow-slider-image\" style=\"visibility: hidden;\" >\n\t\t\t\t\t\t<img width=\"2560\" height=\"1920\" src=\"https:\/\/annexeromainville.com\/wp-content\/uploads\/2022\/08\/IMG20220626113948-scaled.jpg\" class=\"sow-slider-background-image\" alt=\"\" loading=\"lazy\" style=\"\" srcset=\"https:\/\/annexeromainville.com\/wp-content\/uploads\/2022\/08\/IMG20220626113948-scaled.jpg 2560w, https:\/\/annexeromainville.com\/wp-content\/uploads\/2022\/08\/IMG20220626113948-300x225.jpg 300w, https:\/\/annexeromainville.com\/wp-content\/uploads\/2022\/08\/IMG20220626113948-1024x768.jpg 1024w, https:\/\/annexeromainville.com\/wp-content\/uploads\/2022\/08\/IMG20220626113948-768x576.jpg 768w, https:\/\/annexeromainville.com\/wp-content\/uploads\/2022\/08\/IMG20220626113948-1536x1152.jpg 1536w, https:\/\/annexeromainville.com\/wp-content\/uploads\/2022\/08\/IMG20220626113948-2048x1536.jpg 2048w\" sizes=\"(max-width: 2560px) 100vw, 2560px\" \/>\t\t<\/li>\n\t\t\t\t<li class=\"sow-slider-image\" style=\"visibility: hidden;\" >\n\t\t\t\t\t\t\t\t<\/li>\n\t\t<\/ul>\t\t\t\t<ol class=\"sow-slider-pagination\">\n\t\t\t\t\t\t\t\t\t\t\t<li><a href=\"#\" data-goto=\"0\" aria-label=\"Display slide 1\"><\/a><\/li>\n\t\t\t\t\t\t\t\t\t\t\t<li><a href=\"#\" data-goto=\"1\" aria-label=\"Display slide 2\"><\/a><\/li>\n\t\t\t\t\t\t\t\t\t\t\t<li><a href=\"#\" data-goto=\"2\" aria-label=\"Display slide 3\"><\/a><\/li>\n\t\t\t\t\t\t\t\t\t\t\t<li><a href=\"#\" data-goto=\"3\" aria-label=\"Display slide 4\"><\/a><\/li>\n\t\t\t\t\t\t\t\t\t<\/ol>\n\n\t\t\t\t<div class=\"sow-slide-nav sow-slide-nav-next\">\n\t\t\t\t\t<a href=\"#\" data-goto=\"next\" aria-label=\"Next slide\" data-action=\"next\">\n\t\t\t\t\t\t<em class=\"sow-sld-icon-medium-rounded-right\"><\/em>\n\t\t\t\t\t<\/a>\n\t\t\t\t<\/div>\n\n\t\t\t\t<div class=\"sow-slide-nav sow-slide-nav-prev\">\n\t\t\t\t\t<a href=\"#\" data-goto=\"previous\" aria-label=\"Previous slide\" data-action=\"prev\">\n\t\t\t\t\t\t<em class=\"sow-sld-icon-medium-rounded-left\"><\/em>\n\t\t\t\t\t<\/a>\n\t\t\t\t<\/div>\n\t\t\t\t<\/div><\/div><\/div><\/div><div id=\"pgc-6822-3-2\"  class=\"panel-grid-cell panel-grid-cell-empty\" ><\/div><\/div><\/div>","protected":false},"excerpt":{"rendered":"<p>Culture sur Rue, Dimanche 26 Juin 2022, 10h \u00e0 19h sur l&#8217;Esplanade Cachin (plaine centrale, mail des \u00e9coles) Pour tous, Spectacles, ateliers, concerts et initiations. &nbsp; Festival annuel de l&#8217;Annexe,<span class=\"read-more-wrap\"><a class=\"moretag\" href=\"https:\/\/annexeromainville.com\/index.php\/actualite\/culture-sur-rue-2022\/\">Lire la suite<span class=\"screen-reader-text\">Culture Sur Rue 2022<\/span><\/a><\/span><\/p>\n","protected":false},"author":2,"featured_media":0,"parent":46,"menu_order":0,"comment_status":"closed","ping_status":"closed","template":"","meta":{"_bbp_topic_count":0,"_bbp_reply_count":0,"_bbp_total_topic_count":0,"_bbp_total_reply_count":0,"_bbp_voice_count":0,"_bbp_anonymous_reply_count":0,"_bbp_topic_count_hidden":0,"_bbp_reply_count_hidden":0,"_bbp_forum_subforum_count":0,"ngg_post_thumbnail":0},"_links":{"self":[{"href":"https:\/\/annexeromainville.com\/index.php\/wp-json\/wp\/v2\/pages\/6822"}],"collection":[{"href":"https:\/\/annexeromainville.com\/index.php\/wp-json\/wp\/v2\/pages"}],"about":[{"href":"https:\/\/annexeromainville.com\/index.php\/wp-json\/wp\/v2\/types\/page"}],"author":[{"embeddable":true,"href":"https:\/\/annexeromainville.com\/index.php\/wp-json\/wp\/v2\/users\/2"}],"replies":[{"embeddable":true,"href":"https:\/\/annexeromainville.com\/index.php\/wp-json\/wp\/v2\/comments?post=6822"}],"version-history":[{"count":31,"href":"https:\/\/annexeromainville.com\/index.php\/wp-json\/wp\/v2\/pages\/6822\/revisions"}],"predecessor-version":[{"id":6830,"href":"https:\/\/annexeromainville.com\/index.php\/wp-json\/wp\/v2\/pages\/6822\/revisions\/6830"}],"up":[{"embeddable":true,"href":"https:\/\/annexeromainville.com\/index.php\/wp-json\/wp\/v2\/pages\/46"}],"wp:attachment":[{"href":"https:\/\/annexeromainville.com\/index.php\/wp-json\/wp\/v2\/media?parent=6822"}],"curies":[{"name":"wp","href":"https:\/\/api.w.org\/{rel}","templated":true}]}}