{"id":7186,"date":"2022-07-08T11:18:08","date_gmt":"2022-07-08T10:18:08","guid":{"rendered":"https:\/\/annexeromainville.com\/?page_id=7186"},"modified":"2022-08-24T15:37:31","modified_gmt":"2022-08-24T14:37:31","slug":"il-cavaliere","status":"publish","type":"page","link":"https:\/\/annexeromainville.com\/index.php\/il-cavaliere\/","title":{"rendered":"IL CAVALIERE"},"content":{"rendered":"<div id=\"pl-7186\"  class=\"panel-layout\" ><div id=\"pg-7186-0\"  class=\"panel-grid panel-no-style\" ><div id=\"pgc-7186-0-0\"  class=\"panel-grid-cell\" ><div id=\"panel-7186-0-0-0\" class=\"so-panel widget widget_sow-image panel-first-child panel-last-child\" data-index=\"0\" ><div\n\t\t\t\n\t\t\tclass=\"so-widget-sow-image so-widget-sow-image-default-8b5b6f678277-7186\"\n\t\t\t\n\t\t>\n<div class=\"sow-image-container\">\n\t\t<img \n\tsrc=\"https:\/\/annexeromainville.com\/wp-content\/uploads\/2022\/08\/Carre\u0301-Programmation-IL-CAVALIERE.jpg\" width=\"1080\" height=\"1080\" srcset=\"https:\/\/annexeromainville.com\/wp-content\/uploads\/2022\/08\/Carre\u0301-Programmation-IL-CAVALIERE.jpg 1080w, https:\/\/annexeromainville.com\/wp-content\/uploads\/2022\/08\/Carre\u0301-Programmation-IL-CAVALIERE-300x300.jpg 300w, https:\/\/annexeromainville.com\/wp-content\/uploads\/2022\/08\/Carre\u0301-Programmation-IL-CAVALIERE-1024x1024.jpg 1024w, https:\/\/annexeromainville.com\/wp-content\/uploads\/2022\/08\/Carre\u0301-Programmation-IL-CAVALIERE-150x150.jpg 150w, https:\/\/annexeromainville.com\/wp-content\/uploads\/2022\/08\/Carre\u0301-Programmation-IL-CAVALIERE-768x768.jpg 768w\" sizes=\"(max-width: 1080px) 100vw, 1080px\" title=\"Il CavalieRe\" alt=\"\" loading=\"lazy\" \t\tclass=\"so-widget-image\"\/>\n\t<\/div>\n\n<\/div><\/div><\/div><div id=\"pgc-7186-0-1\"  class=\"panel-grid-cell\" ><div id=\"panel-7186-0-1-0\" class=\"so-panel widget widget_sow-editor panel-first-child\" data-index=\"1\" ><div\n\t\t\t\n\t\t\tclass=\"so-widget-sow-editor so-widget-sow-editor-base\"\n\t\t\t\n\t\t>\n<div class=\"siteorigin-widget-tinymce textwidget\">\n\t<ul>\n<li><span style=\"color: #000000;\"><strong>Le 16 d\u00e9cembre 2022, 15H<\/strong><\/span><br \/>\n<span style=\"color: #000000;\">Ouverture des portes \u00e0 14h30<\/span><\/li>\n<\/ul>\n<p><span style=\"color: #000000;\">(Pr\u00e9sentation r\u00e9serv\u00e9e aux professionnels)<\/span><\/p>\n<p>&nbsp;<\/p>\n<p><span style=\"color: #000000;\"><strong>Compagnie Les Voix InPopulaires <\/strong><\/span><br \/>\n<span style=\"color: #000000;\"><span class=\"JsGRdQ\">Inspir\u00e9 de <\/span><span class=\"JsGRdQ\">Don Quichotte<\/span><span class=\"JsGRdQ\"> de Miguel de Cervant\u00e8s <\/span><\/span><br \/>\n<span style=\"color: #000000;\"><span class=\"JsGRdQ\">Mise en sc\u00e8ne : <\/span><strong><span class=\"JsGRdQ\">Igor Geat <\/span><\/strong><\/span><br \/>\n<span style=\"color: #000000;\"><span class=\"JsGRdQ\">Compositeurs : <\/span><strong><span class=\"JsGRdQ\">Andrea Marchesino Andrea Colangelo<\/span><\/strong><\/span><\/p>\n<p>&nbsp;<\/p>\n<p><span style=\"color: #000000;\"><strong>Dur\u00e9e<\/strong> : 1h15<\/span><br \/>\n<span style=\"color: #000000;\">\u00c0 partir de 12 ans<\/span><\/p>\n<\/div>\n<\/div><\/div><div id=\"panel-7186-0-1-1\" class=\"so-panel widget widget_sow-image panel-last-child\" data-index=\"2\" ><div\n\t\t\t\n\t\t\tclass=\"so-widget-sow-image so-widget-sow-image-default-8b5b6f678277-7186\"\n\t\t\t\n\t\t><\/div><\/div><\/div><\/div><div id=\"pg-7186-1\"  class=\"panel-grid panel-no-style\" ><div id=\"pgc-7186-1-0\"  class=\"panel-grid-cell\" ><div id=\"panel-7186-1-0-0\" class=\"so-panel widget widget_sow-editor panel-first-child panel-last-child\" data-index=\"3\" ><div\n\t\t\t\n\t\t\tclass=\"so-widget-sow-editor so-widget-sow-editor-base\"\n\t\t\t\n\t\t><h3 class=\"widget-title\">Les Voix InPopulaires<\/h3>\n<div class=\"siteorigin-widget-tinymce textwidget\">\n\t<div class=\"page\" title=\"Page 1\">\n<div class=\"layoutArea\">\n<div class=\"column\">\n<p><span style=\"color: #000000;\">La Compagnie Les Voix InPopulaires est un ensemble italo-franc\u0327ais de musiciens, danseurs et come\u0301diens, dont le travail repose sur la re\u0301interpre\u0301tation de textes, danses, et musiques de la tradition \u00ab populaire \u00bb.<\/span><\/p>\n<p><span style=\"color: #000000;\">Le but de la compagnie est celui d\u2019enque\u0302ter sur la socie\u0301te\u0301 d\u2019aujourd\u2019hui, a\u0300 travers les re\u0301cits du peuple, mais aussi de s\u2019inspirer des grands auteurs de the\u0301a\u0302tre.<\/span><\/p>\n<p><span style=\"color: #000000;\">La re\u0301\u00e9criture des \u0153uvres du the\u0301a\u0302tre classique peut \u00eatre le point de de\u0301part de leurs cre\u0301ations, mais ils travaillent aussi a\u0300 partir d\u2019improvisations et cre\u0301ent directement sur le plateau.<\/span><\/p>\n<p><span style=\"color: #000000;\">Andrea Colangelo, interpre\u0300te principal de la compagnie, s\u2019est installe\u0301 a\u0300 Paris en 2018. C\u2019est ainsi que Les Voix InPopulaires, employant de\u0301ja\u0300 des langues et des dialectes diffe\u0301rents, a commence\u0301 a\u0300 cre\u0301er ses pie\u0300ces en franc\u0327ais.<\/span><\/p>\n<\/div>\n<\/div>\n<\/div>\n<\/div>\n<\/div><\/div><\/div><div id=\"pgc-7186-1-1\"  class=\"panel-grid-cell\" ><div id=\"panel-7186-1-1-0\" class=\"so-panel widget widget_sow-editor panel-first-child panel-last-child\" data-index=\"4\" ><div\n\t\t\t\n\t\t\tclass=\"so-widget-sow-editor so-widget-sow-editor-base\"\n\t\t\t\n\t\t>\n<div class=\"siteorigin-widget-tinymce textwidget\">\n\t<div class=\"page\" data-page-number=\"5\" data-loaded=\"true\">\n<div class=\"textLayer\"><span style=\"color: #000000;\">Suite au traumatisme de la gal\u00e8re et de la prison, Cervant\u00e8s ne se reconna\u00eet plus.<\/span><\/div>\n<div class=\"textLayer\"><span style=\"color: #000000;\">Il se prend pour un autre, tout comme Don Quichotte se prend pour Sancho Panza et pense avoir \u00e9t\u00e9 emprisonn\u00e9 pour avoir servi le noble Chevalier et \u00eatre r\u00e9duit au silence.<\/span><\/div>\n<div>&nbsp;<\/div>\n<div class=\"textLayer\"><span style=\"color: #000000;\">Le ge\u00f4lier, sa seule compagnie, garde la porte de sa cellule d\u2019o\u00f9 affluent des souvenirs et des fragments de m\u00e9moire. Ce sont des bouts de sa propre histoire qu\u2019il ne parvient pas encore \u00e0 reconstituer. Son ge\u00f4lier lui tient compagnie, le sermonne et l\u2019accompagne, lui offrant parfois, pour assaisonner sa soupe, quelques notes de musiques.<\/span><\/div>\n<\/div>\n<div>\n<p class=\"_04xlpA direction-ltr align-justify para-style-body\"><span style=\"color: #000000;\"><em><span class=\"JsGRdQ\">Cette cr\u00e9ation nous vient tout droit d'Italie, elle m\u00eale musique, danse et chant.<\/span> <span class=\"JsGRdQ\">Un th\u00e9\u00e2tre total !<\/span><\/em><\/span><\/p>\n<\/div>\n<\/div>\n<\/div><\/div><\/div><\/div><\/div>","protected":false},"excerpt":{"rendered":"<p>Le 16 d\u00e9cembre 2022, 15H Ouverture des portes \u00e0 14h30 (Pr\u00e9sentation r\u00e9serv\u00e9e aux professionnels) &nbsp; Compagnie Les Voix InPopulaires Inspir\u00e9 de Don Quichotte de Miguel de Cervant\u00e8s Mise en sc\u00e8ne<span class=\"read-more-wrap\"><a class=\"moretag\" href=\"https:\/\/annexeromainville.com\/index.php\/il-cavaliere\/\">Lire la suite<span class=\"screen-reader-text\">IL CAVALIERE<\/span><\/a><\/span><\/p>\n","protected":false},"author":2,"featured_media":0,"parent":0,"menu_order":0,"comment_status":"closed","ping_status":"closed","template":"","meta":{"_bbp_topic_count":0,"_bbp_reply_count":0,"_bbp_total_topic_count":0,"_bbp_total_reply_count":0,"_bbp_voice_count":0,"_bbp_anonymous_reply_count":0,"_bbp_topic_count_hidden":0,"_bbp_reply_count_hidden":0,"_bbp_forum_subforum_count":0,"ngg_post_thumbnail":0},"_links":{"self":[{"href":"https:\/\/annexeromainville.com\/index.php\/wp-json\/wp\/v2\/pages\/7186"}],"collection":[{"href":"https:\/\/annexeromainville.com\/index.php\/wp-json\/wp\/v2\/pages"}],"about":[{"href":"https:\/\/annexeromainville.com\/index.php\/wp-json\/wp\/v2\/types\/page"}],"author":[{"embeddable":true,"href":"https:\/\/annexeromainville.com\/index.php\/wp-json\/wp\/v2\/users\/2"}],"replies":[{"embeddable":true,"href":"https:\/\/annexeromainville.com\/index.php\/wp-json\/wp\/v2\/comments?post=7186"}],"version-history":[{"count":29,"href":"https:\/\/annexeromainville.com\/index.php\/wp-json\/wp\/v2\/pages\/7186\/revisions"}],"predecessor-version":[{"id":7858,"href":"https:\/\/annexeromainville.com\/index.php\/wp-json\/wp\/v2\/pages\/7186\/revisions\/7858"}],"wp:attachment":[{"href":"https:\/\/annexeromainville.com\/index.php\/wp-json\/wp\/v2\/media?parent=7186"}],"curies":[{"name":"wp","href":"https:\/\/api.w.org\/{rel}","templated":true}]}}