{"id":7275,"date":"2022-07-12T11:42:11","date_gmt":"2022-07-12T10:42:11","guid":{"rendered":"https:\/\/annexeromainville.com\/?page_id=7275"},"modified":"2022-08-12T15:08:49","modified_gmt":"2022-08-12T14:08:49","slug":"dans-les-phares","status":"publish","type":"page","link":"https:\/\/annexeromainville.com\/index.php\/dans-les-phares\/","title":{"rendered":"DANS LES PHARES"},"content":{"rendered":"<div id=\"pl-7275\"  class=\"panel-layout\" ><div id=\"pg-7275-0\"  class=\"panel-grid panel-no-style\" ><div id=\"pgc-7275-0-0\"  class=\"panel-grid-cell\" ><div id=\"panel-7275-0-0-0\" class=\"so-panel widget widget_sow-image panel-first-child panel-last-child\" data-index=\"0\" ><div\n\t\t\t\n\t\t\tclass=\"so-widget-sow-image so-widget-sow-image-default-8b5b6f678277-7275\"\n\t\t\t\n\t\t>\n<div class=\"sow-image-container\">\n\t\t<img \n\tsrc=\"https:\/\/annexeromainville.com\/wp-content\/uploads\/2022\/07\/Carre\u0301-programmation-DANS-LES-PHARES.jpg\" width=\"1080\" height=\"1080\" srcset=\"https:\/\/annexeromainville.com\/wp-content\/uploads\/2022\/07\/Carre\u0301-programmation-DANS-LES-PHARES.jpg 1080w, https:\/\/annexeromainville.com\/wp-content\/uploads\/2022\/07\/Carre\u0301-programmation-DANS-LES-PHARES-300x300.jpg 300w, https:\/\/annexeromainville.com\/wp-content\/uploads\/2022\/07\/Carre\u0301-programmation-DANS-LES-PHARES-1024x1024.jpg 1024w, https:\/\/annexeromainville.com\/wp-content\/uploads\/2022\/07\/Carre\u0301-programmation-DANS-LES-PHARES-150x150.jpg 150w, https:\/\/annexeromainville.com\/wp-content\/uploads\/2022\/07\/Carre\u0301-programmation-DANS-LES-PHARES-768x768.jpg 768w\" sizes=\"(max-width: 1080px) 100vw, 1080px\" title=\"DANS LES PHARES\" alt=\"\" loading=\"lazy\" \t\tclass=\"so-widget-image\"\/>\n\t<\/div>\n\n<\/div><\/div><\/div><div id=\"pgc-7275-0-1\"  class=\"panel-grid-cell\" ><div id=\"panel-7275-0-1-0\" class=\"so-panel widget widget_sow-editor panel-first-child\" data-index=\"1\" ><div\n\t\t\t\n\t\t\tclass=\"so-widget-sow-editor so-widget-sow-editor-base\"\n\t\t\t\n\t\t>\n<div class=\"siteorigin-widget-tinymce textwidget\">\n\t<div id=\"pgc-5516-0-1\" class=\"panel-grid-cell\">\n<div id=\"panel-5516-0-1-0\" class=\"so-panel widget widget_sow-editor panel-first-child panel-last-child\" data-index=\"1\">\n<div class=\"so-widget-sow-editor so-widget-sow-editor-base\">\n<div class=\"siteorigin-widget-tinymce textwidget\">\n<ul>\n<li><span style=\"color: #000000;\"><strong>Le 24 mars 2023, 15H<br \/>\n<\/strong>Ouverture des portes \u00e0 14h30<\/span><\/li>\n<\/ul>\n<p><span style=\"color: #000000;\">(Pr\u00e9sentation r\u00e9serv\u00e9e aux professionnels)<\/span><\/p>\n<p>&nbsp;<\/p>\n<p><span style=\"color: #000000;\"><strong>Compagnie Madame M<\/strong><\/span><\/p>\n<p><span style=\"color: #000000;\">Texte - Distribution <strong>Maryvette Lair<\/strong><\/span><br \/>\n<span style=\"color: #000000;\">Mise en Sc\u00e8ne <strong>Jessica Fouch\u00e9<\/strong><\/span><br \/>\n<span style=\"color: #000000;\">Compositeur.rices<strong> Maryvette Lair, Simon Goubert<\/strong><\/span><\/p>\n<p><span style=\"color: #000000;\"><strong>Dur\u00e9e<\/strong> : 1h15<\/span><\/p>\n<p><span style=\"color: #000000;\">\u00c0 partir de 7 ans<\/span><\/p>\n<\/div>\n<\/div>\n<\/div>\n<\/div>\n<\/div>\n<\/div><\/div><div id=\"panel-7275-0-1-1\" class=\"so-panel widget widget_sow-image panel-last-child\" data-index=\"2\" ><div\n\t\t\t\n\t\t\tclass=\"so-widget-sow-image so-widget-sow-image-default-8b5b6f678277-7275\"\n\t\t\t\n\t\t><\/div><\/div><\/div><\/div><div id=\"pg-7275-1\"  class=\"panel-grid panel-no-style\" ><div id=\"pgc-7275-1-0\"  class=\"panel-grid-cell\" ><div id=\"panel-7275-1-0-0\" class=\"so-panel widget widget_sow-editor panel-first-child panel-last-child\" data-index=\"3\" ><div\n\t\t\t\n\t\t\tclass=\"so-widget-sow-editor so-widget-sow-editor-base\"\n\t\t\t\n\t\t><h3 class=\"widget-title\">Compagnie Madame M<\/h3>\n<div class=\"siteorigin-widget-tinymce textwidget\">\n\t<div><span style=\"color: #000000;\">MADAME M (et la sid\u00e9ration des brouillards) est une compagnie n\u00e9e en 2019.<\/span><\/div>\n<div>&nbsp;<\/div>\n<div><span style=\"color: #000000;\">Elle a pour objectif de cr\u00e9er des spectacles pluridisciplinaires o\u00f9 s'entrem\u00ealent le th\u00e9\u00e2tre, la musique, le cirque et la danse.<\/span><\/div>\n<div>&nbsp;<\/div>\n<div><span style=\"color: #000000;\"><em>Dans les phares&nbsp;<\/em>est son premier spectacle, un seule en sc\u00e8ne \u00e9crit et interpr\u00e9t\u00e9 par Maryvette Lair.<\/span><\/div>\n<div><span style=\"color: #000000;\">La compagnie propose aussi des ateliers artistiques li\u00e9s \u00e0 ses cr\u00e9ations.<\/span><\/div>\n<\/div>\n<\/div><\/div><\/div><div id=\"pgc-7275-1-1\"  class=\"panel-grid-cell\" ><div id=\"panel-7275-1-1-0\" class=\"so-panel widget widget_sow-editor panel-first-child panel-last-child\" data-index=\"4\" ><div\n\t\t\t\n\t\t\tclass=\"so-widget-sow-editor so-widget-sow-editor-base\"\n\t\t\t\n\t\t>\n<div class=\"siteorigin-widget-tinymce textwidget\">\n\t<p class=\"_04xlpA direction-ltr align-justify para-style-body\"><span style=\"color: #000000;\"><em><span class=\"JsGRdQ\">Dans les phares<\/span><\/em><span class=\"JsGRdQ\"> raconte l'histoire d'une femme bloqu\u00e9e sur sa route, comme un lapin pris dans les lumi\u00e8res des phares.<\/span><\/span><\/p>\n<p class=\"_04xlpA direction-ltr align-justify para-style-body\"><span style=\"color: #000000;\"><em><span class=\"JsGRdQ\">Dans les phares<\/span><\/em><span class=\"JsGRdQ\"> est un conte hybride qui m\u00eale th\u00e9\u00e2tre, musique, danse et cirque.<\/span><\/span><\/p>\n<p class=\"_04xlpA direction-ltr align-justify para-style-body\"><span class=\"JsGRdQ\" style=\"color: #000000;\">Un spectacle qui questionne l'identit\u00e9, la peur de grandir, l'affirmation de soi.<\/span><\/p>\n<p class=\"_04xlpA direction-ltr align-justify para-style-body\">&nbsp;<\/p>\n<p class=\"_04xlpA direction-ltr align-justify para-style-body\"><span style=\"color: #000000;\"><em><span class=\"JsGRdQ\">Le spectacle est construit comme une enqu\u00eate,<\/span> <span class=\"JsGRdQ\">on navigue d\u2019indice en indice, on reconstitue la sc\u00e8ne du crime, on s'interroge...<\/span><\/em><\/span><\/p>\n<\/div>\n<\/div><\/div><\/div><\/div><div id=\"pg-7275-2\"  class=\"panel-grid panel-no-style\" ><div id=\"pgc-7275-2-0\"  class=\"panel-grid-cell panel-grid-cell-empty\" ><\/div><\/div><\/div>","protected":false},"excerpt":{"rendered":"<p>Le 24 mars 2023, 15H Ouverture des portes \u00e0 14h30 (Pr\u00e9sentation r\u00e9serv\u00e9e aux professionnels) &nbsp; Compagnie Madame M Texte &#8211; Distribution Maryvette Lair Mise en Sc\u00e8ne Jessica Fouch\u00e9 Compositeur.rices Maryvette<span class=\"read-more-wrap\"><a class=\"moretag\" href=\"https:\/\/annexeromainville.com\/index.php\/dans-les-phares\/\">Lire la suite<span class=\"screen-reader-text\">DANS LES PHARES<\/span><\/a><\/span><\/p>\n","protected":false},"author":2,"featured_media":0,"parent":0,"menu_order":0,"comment_status":"closed","ping_status":"closed","template":"","meta":{"_bbp_topic_count":0,"_bbp_reply_count":0,"_bbp_total_topic_count":0,"_bbp_total_reply_count":0,"_bbp_voice_count":0,"_bbp_anonymous_reply_count":0,"_bbp_topic_count_hidden":0,"_bbp_reply_count_hidden":0,"_bbp_forum_subforum_count":0,"ngg_post_thumbnail":0},"_links":{"self":[{"href":"https:\/\/annexeromainville.com\/index.php\/wp-json\/wp\/v2\/pages\/7275"}],"collection":[{"href":"https:\/\/annexeromainville.com\/index.php\/wp-json\/wp\/v2\/pages"}],"about":[{"href":"https:\/\/annexeromainville.com\/index.php\/wp-json\/wp\/v2\/types\/page"}],"author":[{"embeddable":true,"href":"https:\/\/annexeromainville.com\/index.php\/wp-json\/wp\/v2\/users\/2"}],"replies":[{"embeddable":true,"href":"https:\/\/annexeromainville.com\/index.php\/wp-json\/wp\/v2\/comments?post=7275"}],"version-history":[{"count":24,"href":"https:\/\/annexeromainville.com\/index.php\/wp-json\/wp\/v2\/pages\/7275\/revisions"}],"predecessor-version":[{"id":7612,"href":"https:\/\/annexeromainville.com\/index.php\/wp-json\/wp\/v2\/pages\/7275\/revisions\/7612"}],"wp:attachment":[{"href":"https:\/\/annexeromainville.com\/index.php\/wp-json\/wp\/v2\/media?parent=7275"}],"curies":[{"name":"wp","href":"https:\/\/api.w.org\/{rel}","templated":true}]}}