{"id":7338,"date":"2022-07-13T11:20:40","date_gmt":"2022-07-13T10:20:40","guid":{"rendered":"https:\/\/annexeromainville.com\/?page_id=7338"},"modified":"2023-02-22T11:47:05","modified_gmt":"2023-02-22T10:47:05","slug":"deus-ex-machina-cafe","status":"publish","type":"page","link":"https:\/\/annexeromainville.com\/index.php\/deus-ex-machina-cafe\/","title":{"rendered":"DEUS EX MACHINA CAF\u00c9"},"content":{"rendered":"<div id=\"pl-7338\"  class=\"panel-layout\" ><div id=\"pg-7338-0\"  class=\"panel-grid panel-no-style\" ><div id=\"pgc-7338-0-0\"  class=\"panel-grid-cell\" ><div id=\"panel-7338-0-0-0\" class=\"so-panel widget widget_sow-image panel-first-child panel-last-child\" data-index=\"0\" ><div\n\t\t\t\n\t\t\tclass=\"so-widget-sow-image so-widget-sow-image-default-8b5b6f678277-7338\"\n\t\t\t\n\t\t>\n<div class=\"sow-image-container\">\n\t\t<img \n\tsrc=\"https:\/\/annexeromainville.com\/wp-content\/uploads\/2022\/07\/Carre\u0301-programmation-DEUS-EX-MACHINA-CAFE\u0301.jpg\" width=\"1080\" height=\"1080\" srcset=\"https:\/\/annexeromainville.com\/wp-content\/uploads\/2022\/07\/Carre\u0301-programmation-DEUS-EX-MACHINA-CAFE\u0301.jpg 1080w, https:\/\/annexeromainville.com\/wp-content\/uploads\/2022\/07\/Carre\u0301-programmation-DEUS-EX-MACHINA-CAFE\u0301-300x300.jpg 300w, https:\/\/annexeromainville.com\/wp-content\/uploads\/2022\/07\/Carre\u0301-programmation-DEUS-EX-MACHINA-CAFE\u0301-1024x1024.jpg 1024w, https:\/\/annexeromainville.com\/wp-content\/uploads\/2022\/07\/Carre\u0301-programmation-DEUS-EX-MACHINA-CAFE\u0301-150x150.jpg 150w, https:\/\/annexeromainville.com\/wp-content\/uploads\/2022\/07\/Carre\u0301-programmation-DEUS-EX-MACHINA-CAFE\u0301-768x768.jpg 768w\" sizes=\"(max-width: 1080px) 100vw, 1080px\" title=\"DEUS EX MACHINA CAF\u00c9\" alt=\"\" loading=\"lazy\" \t\tclass=\"so-widget-image\"\/>\n\t<\/div>\n\n<\/div><\/div><\/div><div id=\"pgc-7338-0-1\"  class=\"panel-grid-cell\" ><div id=\"panel-7338-0-1-0\" class=\"so-panel widget widget_sow-editor panel-first-child panel-last-child\" data-index=\"1\" ><div\n\t\t\t\n\t\t\tclass=\"so-widget-sow-editor so-widget-sow-editor-base\"\n\t\t\t\n\t\t>\n<div class=\"siteorigin-widget-tinymce textwidget\">\n\t<ul>\n<li><span style=\"color: #000000;\"><strong>Le 2 juin 2023, 20H<br \/>\n<\/strong>Ouverture des portes \u00e0 19h30<\/span><\/li>\n<\/ul>\n<p>&nbsp;<\/p>\n<p><span style=\"color: #000000;\"><strong>Compagnie Bacchus+5<br \/>\n<\/strong><\/span><\/p>\n<p class=\"_04xlpA direction-ltr align-end para-style-body\"><span style=\"color: #000000;\"><span class=\"JsGRdQ\">Mise en Sc\u00e8ne <\/span><strong><span class=\"JsGRdQ\">Nicolas Quelquejay<\/span><\/strong><\/span><\/p>\n<p class=\"_04xlpA direction-ltr align-end para-style-body\"><span style=\"color: #000000;\"><span class=\"JsGRdQ\">Distribution <\/span><span class=\"JsGRdQ\"><strong>Samuel Labrousse<\/strong>, <\/span><span class=\"JsGRdQ\"><strong>Marine Lansman<\/strong>, <\/span><span class=\"JsGRdQ\"><strong>Nicolas Quelquejay<\/strong>, <\/span><strong><span class=\"JsGRdQ\">Zo\u00e9 Van Herck<\/span><\/strong><\/span><\/p>\n<p><span style=\"color: #000000;\"><strong>&nbsp;<\/strong><\/span><\/p>\n<p><span style=\"color: #000000;\"><strong>Dur\u00e9e<\/strong> : 1h<\/span><\/p>\n<p><span style=\"color: #000000;\">\u00c0 partir de 12 ans<\/span><\/p>\n<p class=\"_04xlpA direction-ltr align-end para-style-body\"><span style=\"color: #000000;\"><em><span class=\"JsGRdQ\">Cr\u00e9ation gagnante du concours Votez Pour Moi #4 - <\/span><span class=\"JsGRdQ\">R\u00e9sidence d'accompagnement 2020-2023<\/span><\/em><\/span><\/p>\n<\/div>\n<\/div><\/div><\/div><\/div><div id=\"pg-7338-1\"  class=\"panel-grid panel-no-style\" ><div id=\"pgc-7338-1-0\"  class=\"panel-grid-cell\" ><div id=\"panel-7338-1-0-0\" class=\"so-panel widget widget_sow-editor panel-first-child panel-last-child\" data-index=\"2\" ><div\n\t\t\t\n\t\t\tclass=\"so-widget-sow-editor so-widget-sow-editor-base\"\n\t\t\t\n\t\t><h3 class=\"widget-title\">Bacchus+5<\/h3>\n<div class=\"siteorigin-widget-tinymce textwidget\">\n\t<p><span style=\"color: #000000;\">Cr\u00e9\u00e9e en f\u00e9vrier 2018 par Nicolas Quelquejay, la compagnie Bacchus+5 rassemble essentiellement des camarades de promotion dipl\u00f4m\u00e9s du conservatoire Fr\u00e9d\u00e9ric Chopin.<\/span><\/p>\n<p><span style=\"color: #000000;\">Elle r\u00e9pond au d\u00e9sir de ses membres de porter professionnellement les projets qu'ils souhaitent cr\u00e9er.<\/span><\/p>\n<p><span style=\"color: #000000;\">Bacchus+5 a pour vocation de travailler sur des probl\u00e9matiques \u00e9thiques actuelles, \u00e0 travers la mise en sc\u00e8ne de textes contemporains ou de cr\u00e9ations originales. D'o\u00f9 l'association fac\u00e9tieuse dans son nom m\u00eame de la divinit\u00e9 festive et th\u00e9\u00e2trale et du \"bac+5\", synonyme de rigueur et jalon social d\u00e9terminant dans un monde du travail aujourd'hui secou\u00e9 de questionnements.<\/span><\/p>\n<\/div>\n<\/div><\/div><\/div><div id=\"pgc-7338-1-1\"  class=\"panel-grid-cell\" ><div id=\"panel-7338-1-1-0\" class=\"so-panel widget widget_sow-image panel-first-child\" data-index=\"3\" ><div\n\t\t\t\n\t\t\tclass=\"so-widget-sow-image so-widget-sow-image-default-8b5b6f678277-7338\"\n\t\t\t\n\t\t><\/div><\/div><div id=\"panel-7338-1-1-1\" class=\"so-panel widget widget_sow-editor panel-last-child\" data-index=\"4\" ><div\n\t\t\t\n\t\t\tclass=\"so-widget-sow-editor so-widget-sow-editor-base\"\n\t\t\t\n\t\t>\n<div class=\"siteorigin-widget-tinymce textwidget\">\n\t<p class=\"_04xlpA direction-ltr align-justify para-style-body\"><span class=\"JsGRdQ\" style=\"color: #000000;\">Un monde en tout point identique au n\u00f4tre. Du moins \u00e0 premi\u00e8re vue.<\/span><\/p>\n<p class=\"_04xlpA direction-ltr align-justify para-style-body\"><span style=\"color: #000000;\"><span class=\"JsGRdQ\">Mais au fil de sa journ\u00e9e a priori banale, une jeune femme fait face \u00e0 une escalade de situations de plus en plus absurdes. Le petit d\u00e9jeuner<\/span> <span class=\"JsGRdQ\">prend soudain vie...<\/span><\/span><\/p>\n<p class=\"_04xlpA direction-ltr align-justify para-style-body\"><span class=\"JsGRdQ\" style=\"color: #000000;\">Une com\u00e9die burlesque qui questionne le capitalisme et la mondialisation.<\/span><\/p>\n<p class=\"_04xlpA direction-ltr align-justify para-style-body\"><span style=\"color: #000000;\"><em><span class=\"JsGRdQ\">Deus ex machina caf\u00e9 s'inspire des Monthy Python, des com\u00e9dies de boulevard et de Buster Keaton, un m\u00e9lange des genres savoureux !<\/span><\/em><\/span><\/p>\n<\/div>\n<\/div><\/div><\/div><\/div><\/div>","protected":false},"excerpt":{"rendered":"<p>Le 2 juin 2023, 20H Ouverture des portes \u00e0 19h30 &nbsp; Compagnie Bacchus+5 Mise en Sc\u00e8ne Nicolas Quelquejay Distribution Samuel Labrousse, Marine Lansman, Nicolas Quelquejay, Zo\u00e9 Van Herck &nbsp; Dur\u00e9e<span class=\"read-more-wrap\"><a class=\"moretag\" href=\"https:\/\/annexeromainville.com\/index.php\/deus-ex-machina-cafe\/\">Lire la suite<span class=\"screen-reader-text\">DEUS EX MACHINA CAF\u00c9<\/span><\/a><\/span><\/p>\n","protected":false},"author":2,"featured_media":0,"parent":0,"menu_order":0,"comment_status":"closed","ping_status":"closed","template":"","meta":{"_bbp_topic_count":0,"_bbp_reply_count":0,"_bbp_total_topic_count":0,"_bbp_total_reply_count":0,"_bbp_voice_count":0,"_bbp_anonymous_reply_count":0,"_bbp_topic_count_hidden":0,"_bbp_reply_count_hidden":0,"_bbp_forum_subforum_count":0,"ngg_post_thumbnail":0},"_links":{"self":[{"href":"https:\/\/annexeromainville.com\/index.php\/wp-json\/wp\/v2\/pages\/7338"}],"collection":[{"href":"https:\/\/annexeromainville.com\/index.php\/wp-json\/wp\/v2\/pages"}],"about":[{"href":"https:\/\/annexeromainville.com\/index.php\/wp-json\/wp\/v2\/types\/page"}],"author":[{"embeddable":true,"href":"https:\/\/annexeromainville.com\/index.php\/wp-json\/wp\/v2\/users\/2"}],"replies":[{"embeddable":true,"href":"https:\/\/annexeromainville.com\/index.php\/wp-json\/wp\/v2\/comments?post=7338"}],"version-history":[{"count":15,"href":"https:\/\/annexeromainville.com\/index.php\/wp-json\/wp\/v2\/pages\/7338\/revisions"}],"predecessor-version":[{"id":8236,"href":"https:\/\/annexeromainville.com\/index.php\/wp-json\/wp\/v2\/pages\/7338\/revisions\/8236"}],"wp:attachment":[{"href":"https:\/\/annexeromainville.com\/index.php\/wp-json\/wp\/v2\/media?parent=7338"}],"curies":[{"name":"wp","href":"https:\/\/api.w.org\/{rel}","templated":true}]}}