{"id":7425,"date":"2022-08-10T11:57:56","date_gmt":"2022-08-10T10:57:56","guid":{"rendered":"https:\/\/annexeromainville.com\/?page_id=7425"},"modified":"2023-12-28T15:35:21","modified_gmt":"2023-12-28T14:35:21","slug":"les-stages-ateliers-22-23","status":"publish","type":"page","link":"https:\/\/annexeromainville.com\/index.php\/les-stages-ateliers-22-23\/","title":{"rendered":"SAISON 23-24"},"content":{"rendered":"<div id=\"pl-7425\"  class=\"panel-layout\" ><div id=\"pg-7425-0\"  class=\"panel-grid panel-no-style\" ><div id=\"pgc-7425-0-0\"  class=\"panel-grid-cell\" ><div id=\"panel-7425-0-0-0\" class=\"so-panel widget widget_sow-headline panel-first-child panel-last-child\" data-index=\"0\" ><div\n\t\t\t\n\t\t\tclass=\"so-widget-sow-headline so-widget-sow-headline-default-d6db24c2db75-7425\"\n\t\t\t\n\t\t><div class=\"sow-headline-container \">\n\t\t\t\t\t\t\t<h2 class=\"sow-headline\">\n\t\t\t\t\t\tATELIERS HEBDOMADAIRES \t\t\t\t\t\t<\/h2>\n\t\t\t\t\t\t\t\t\t\t\t<div class=\"decoration\">\n\t\t\t\t\t\t<div class=\"decoration-inside\"><\/div>\n\t\t\t\t\t<\/div>\n\t\t\t\t\t<\/div>\n<\/div><\/div><\/div><\/div><div id=\"pg-7425-1\"  class=\"panel-grid panel-no-style\" ><div id=\"pgc-7425-1-0\"  class=\"panel-grid-cell\" ><div id=\"panel-7425-1-0-0\" class=\"so-panel widget widget_sow-editor panel-first-child panel-last-child\" data-index=\"1\" ><div\n\t\t\t\n\t\t\tclass=\"so-widget-sow-editor so-widget-sow-editor-base\"\n\t\t\t\n\t\t>\n<div class=\"siteorigin-widget-tinymce textwidget\">\n\t<p style=\"text-align: center;\">Pour cette nouvelle saison, nous vous proposons plusieurs ateliers hebdomadaires pour toutes les \u00e2ges !<\/p>\n<p style=\"text-align: center;\">Les cours d'essai sont enti\u00e8rement gratuits et sans engagement !<\/p>\n<p style=\"text-align: center;\">Toutefois, un ch\u00e8que de caution vous sera demand\u00e9.<\/p>\n<\/div>\n<\/div><\/div><\/div><\/div><div id=\"pg-7425-2\"  class=\"panel-grid panel-no-style\" ><div id=\"pgc-7425-2-0\"  class=\"panel-grid-cell panel-grid-cell-empty panel-grid-cell-mobile-last\" ><\/div><div id=\"pgc-7425-2-1\"  class=\"panel-grid-cell panel-grid-cell-empty\" ><\/div><\/div><div id=\"pg-7425-3\"  class=\"panel-grid panel-no-style\" ><div id=\"pgc-7425-3-0\"  class=\"panel-grid-cell panel-grid-cell-empty panel-grid-cell-mobile-last\" ><\/div><div id=\"pgc-7425-3-1\"  class=\"panel-grid-cell panel-grid-cell-empty\" ><\/div><\/div><div id=\"pg-7425-4\"  class=\"panel-grid panel-no-style\" ><div id=\"pgc-7425-4-0\"  class=\"panel-grid-cell panel-grid-cell-empty panel-grid-cell-mobile-last\" ><\/div><div id=\"pgc-7425-4-1\"  class=\"panel-grid-cell panel-grid-cell-empty\" ><\/div><\/div><\/div>","protected":false},"excerpt":{"rendered":"<p>Pour cette nouvelle saison, nous vous proposons plusieurs ateliers hebdomadaires pour toutes les \u00e2ges ! Les cours d&#8217;essai sont enti\u00e8rement gratuits et sans engagement ! Toutefois, un ch\u00e8que de caution<span class=\"read-more-wrap\"><a class=\"moretag\" href=\"https:\/\/annexeromainville.com\/index.php\/les-stages-ateliers-22-23\/\">Lire la suite<span class=\"screen-reader-text\">SAISON 23-24<\/span><\/a><\/span><\/p>\n","protected":false},"author":2,"featured_media":0,"parent":0,"menu_order":0,"comment_status":"closed","ping_status":"closed","template":"","meta":{"_bbp_topic_count":0,"_bbp_reply_count":0,"_bbp_total_topic_count":0,"_bbp_total_reply_count":0,"_bbp_voice_count":0,"_bbp_anonymous_reply_count":0,"_bbp_topic_count_hidden":0,"_bbp_reply_count_hidden":0,"_bbp_forum_subforum_count":0,"ngg_post_thumbnail":0},"_links":{"self":[{"href":"https:\/\/annexeromainville.com\/index.php\/wp-json\/wp\/v2\/pages\/7425"}],"collection":[{"href":"https:\/\/annexeromainville.com\/index.php\/wp-json\/wp\/v2\/pages"}],"about":[{"href":"https:\/\/annexeromainville.com\/index.php\/wp-json\/wp\/v2\/types\/page"}],"author":[{"embeddable":true,"href":"https:\/\/annexeromainville.com\/index.php\/wp-json\/wp\/v2\/users\/2"}],"replies":[{"embeddable":true,"href":"https:\/\/annexeromainville.com\/index.php\/wp-json\/wp\/v2\/comments?post=7425"}],"version-history":[{"count":82,"href":"https:\/\/annexeromainville.com\/index.php\/wp-json\/wp\/v2\/pages\/7425\/revisions"}],"predecessor-version":[{"id":9344,"href":"https:\/\/annexeromainville.com\/index.php\/wp-json\/wp\/v2\/pages\/7425\/revisions\/9344"}],"wp:attachment":[{"href":"https:\/\/annexeromainville.com\/index.php\/wp-json\/wp\/v2\/media?parent=7425"}],"curies":[{"name":"wp","href":"https:\/\/api.w.org\/{rel}","templated":true}]}}