{"id":8503,"date":"2023-06-19T12:46:41","date_gmt":"2023-06-19T11:46:41","guid":{"rendered":"https:\/\/annexeromainville.com\/?page_id=8503"},"modified":"2025-09-11T15:51:19","modified_gmt":"2025-09-11T14:51:19","slug":"tarifs-adhesions","status":"publish","type":"page","link":"https:\/\/annexeromainville.com\/index.php\/tarifs-adhesions\/","title":{"rendered":"NOS TARIFS POUR LA SAISON 25-26"},"content":{"rendered":"<p><span style=\"color: #000000;\">Pour cette nouvelle saison, L&#8217;Annexe vous proposera une programmation riche en activit\u00e9s, \u00e9v\u00e9nements, plein de surprises, etc<\/span><\/p>\n<p><span style=\"color: #000000;\">Vous pouvez d\u00e9sormais payer vos places, r\u00e9servations avec le <strong>Pass Culture<\/strong>, ainsi qu&#8217;avec le <strong>Pass&#8217;sports-loisirs<\/strong><\/span><\/p>\n<p><span style=\"color: #000000;\"><strong>SPECTACLES JEUNESSE :<\/strong><\/span><\/p>\n<ul>\n<li><span style=\"color: #000000;\">Adultes : 12\u20ac<\/span><\/li>\n<li><span style=\"color: #000000;\">Enfants -12 ans : 7\u20ac<\/span><\/li>\n<li><span style=\"color: #000000;\">\u00c9tudiants : 5\u20ac&nbsp;<\/span><\/li>\n<\/ul>\n<p><span style=\"color: #000000;\"><strong>SPECTACLES EN COURS DE CR\u00c9ATION :<\/strong><\/span><\/p>\n<ul>\n<li><span style=\"color: #000000;\">1 place : 5\u20ac<\/span><\/li>\n<\/ul>\n<p><span style=\"color: #000000;\"><strong>PETIT- D\u00c9JEUNER MUSICAL :<\/strong><\/span><\/p>\n<ul>\n<li><span style=\"color: #000000;\">Adultes : 14\u20ac<\/span><\/li>\n<li><span style=\"color: #000000;\">\u00c9tudiants : 10\u20ac<\/span><\/li>\n<li><span style=\"color: #000000;\">Enfants -12 ans : 7\u20ac<\/span><\/li>\n<li><span style=\"color: #000000;\">Tr\u00e8s jeune public 0-3 ans : 3\u20ac<\/span><\/li>\n<\/ul>\n<p><span style=\"color: #000000;\"><strong>STAGES DE TH\u00c9\u00c2TRE :<\/strong><\/span><\/p>\n<ul>\n<li><span style=\"color: #000000;\">25\u20ac la journ\u00e9e<\/span><\/li>\n<\/ul>\n<p><strong><span style=\"color: #000000;\">ATELIERS HEBDOMADAIRES :<\/span><\/strong><\/p>\n<ul>\n<li><span style=\"color: #000000;\">Prix selon les cours<\/span><\/li>\n<\/ul>\n","protected":false},"excerpt":{"rendered":"<p>Pour cette nouvelle saison, L&#8217;Annexe vous proposera une programmation riche en activit\u00e9s, \u00e9v\u00e9nements, plein de surprises, etc Vous pouvez d\u00e9sormais payer vos places, r\u00e9servations avec le Pass Culture, ainsi qu&#8217;avec<span class=\"read-more-wrap\"><a class=\"moretag\" href=\"https:\/\/annexeromainville.com\/index.php\/tarifs-adhesions\/\">Lire la suite<span class=\"screen-reader-text\">NOS TARIFS POUR LA SAISON 25-26<\/span><\/a><\/span><\/p>\n","protected":false},"author":2,"featured_media":0,"parent":0,"menu_order":0,"comment_status":"closed","ping_status":"closed","template":"","meta":{"_bbp_topic_count":0,"_bbp_reply_count":0,"_bbp_total_topic_count":0,"_bbp_total_reply_count":0,"_bbp_voice_count":0,"_bbp_anonymous_reply_count":0,"_bbp_topic_count_hidden":0,"_bbp_reply_count_hidden":0,"_bbp_forum_subforum_count":0,"ngg_post_thumbnail":0},"_links":{"self":[{"href":"https:\/\/annexeromainville.com\/index.php\/wp-json\/wp\/v2\/pages\/8503"}],"collection":[{"href":"https:\/\/annexeromainville.com\/index.php\/wp-json\/wp\/v2\/pages"}],"about":[{"href":"https:\/\/annexeromainville.com\/index.php\/wp-json\/wp\/v2\/types\/page"}],"author":[{"embeddable":true,"href":"https:\/\/annexeromainville.com\/index.php\/wp-json\/wp\/v2\/users\/2"}],"replies":[{"embeddable":true,"href":"https:\/\/annexeromainville.com\/index.php\/wp-json\/wp\/v2\/comments?post=8503"}],"version-history":[{"count":7,"href":"https:\/\/annexeromainville.com\/index.php\/wp-json\/wp\/v2\/pages\/8503\/revisions"}],"predecessor-version":[{"id":10965,"href":"https:\/\/annexeromainville.com\/index.php\/wp-json\/wp\/v2\/pages\/8503\/revisions\/10965"}],"wp:attachment":[{"href":"https:\/\/annexeromainville.com\/index.php\/wp-json\/wp\/v2\/media?parent=8503"}],"curies":[{"name":"wp","href":"https:\/\/api.w.org\/{rel}","templated":true}]}}