{"id":86,"date":"2016-08-25T09:32:59","date_gmt":"2016-08-25T08:32:59","guid":{"rendered":"http:\/\/annexedutraindevie.com\/?page_id=86"},"modified":"2019-10-03T10:21:06","modified_gmt":"2019-10-03T09:21:06","slug":"location","status":"publish","type":"page","link":"https:\/\/annexeromainville.com\/index.php\/location\/","title":{"rendered":"Location"},"content":{"rendered":"<div id=\"pl-86\"  class=\"panel-layout\" ><div id=\"pg-86-0\"  class=\"panel-grid panel-no-style\" ><div id=\"pgc-86-0-0\"  class=\"panel-grid-cell\" ><div id=\"panel-86-0-0-0\" class=\"so-panel widget widget_sow-editor panel-first-child panel-last-child\" data-index=\"0\" ><div\n\t\t\t\n\t\t\tclass=\"so-widget-sow-editor so-widget-sow-editor-base\"\n\t\t\t\n\t\t>\n<div class=\"siteorigin-widget-tinymce textwidget\">\n\t<p><img loading=\"lazy\" class=\"aligncenter size-full wp-image-1809\" src=\"http:\/\/annexeromainville.com\/wp-content\/uploads\/2018\/03\/annexe.bandeau5.png\" alt=\"\" width=\"944\" height=\"158\" srcset=\"https:\/\/annexeromainville.com\/wp-content\/uploads\/2018\/03\/annexe.bandeau5.png 944w, https:\/\/annexeromainville.com\/wp-content\/uploads\/2018\/03\/annexe.bandeau5-300x50.png 300w, https:\/\/annexeromainville.com\/wp-content\/uploads\/2018\/03\/annexe.bandeau5-768x129.png 768w\" sizes=\"(max-width: 944px) 100vw, 944px\" \/><\/p>\n<p><span style=\"color: #000000;\">L'Annexe peut \u00eatre lou\u00e9e pour des r\u00e9p\u00e9titions, des ateliers, des r\u00e9unions, activit\u00e9s associatives, etc...<\/span><\/p>\n<p><span style=\"color: #000000;\">Nous vous mettons \u00e0 disposition la salle d'une surface d'environ 40 m\u00b2<\/span><\/p>\n<p><span style=\"color: #000000;\">Tarif de location : <\/span><\/p>\n<ul>\n<li><span style=\"color: #000000;\">10\u20ac\/heure pour les associations.<br \/>\n<\/span><\/li>\n<li><span style=\"color: #000000;\">50\u20ac\/heure pour les particuliers<\/span><\/li>\n<\/ul>\n<p><span style=\"color: #000000;\">Pour toute demande de r\u00e9servation, merci de nous contacter \u00e0 l'adresse suivante : administration@annexeromainville.com<\/span><\/p>\n<\/div>\n<\/div><\/div><\/div><\/div><\/div>","protected":false},"excerpt":{"rendered":"<p>L&#8217;Annexe peut \u00eatre lou\u00e9e pour des r\u00e9p\u00e9titions, des ateliers, des r\u00e9unions, activit\u00e9s associatives, etc&#8230; Nous vous mettons \u00e0 disposition la salle d&#8217;une surface d&#8217;environ 40 m\u00b2 Tarif de location :<span class=\"read-more-wrap\"><a class=\"moretag\" href=\"https:\/\/annexeromainville.com\/index.php\/location\/\">Lire la suite<span class=\"screen-reader-text\">Location<\/span><\/a><\/span><\/p>\n","protected":false},"author":2,"featured_media":0,"parent":0,"menu_order":0,"comment_status":"closed","ping_status":"closed","template":"","meta":{"_bbp_topic_count":0,"_bbp_reply_count":0,"_bbp_total_topic_count":0,"_bbp_total_reply_count":0,"_bbp_voice_count":0,"_bbp_anonymous_reply_count":0,"_bbp_topic_count_hidden":0,"_bbp_reply_count_hidden":0,"_bbp_forum_subforum_count":0,"ngg_post_thumbnail":0},"_links":{"self":[{"href":"https:\/\/annexeromainville.com\/index.php\/wp-json\/wp\/v2\/pages\/86"}],"collection":[{"href":"https:\/\/annexeromainville.com\/index.php\/wp-json\/wp\/v2\/pages"}],"about":[{"href":"https:\/\/annexeromainville.com\/index.php\/wp-json\/wp\/v2\/types\/page"}],"author":[{"embeddable":true,"href":"https:\/\/annexeromainville.com\/index.php\/wp-json\/wp\/v2\/users\/2"}],"replies":[{"embeddable":true,"href":"https:\/\/annexeromainville.com\/index.php\/wp-json\/wp\/v2\/comments?post=86"}],"version-history":[{"count":8,"href":"https:\/\/annexeromainville.com\/index.php\/wp-json\/wp\/v2\/pages\/86\/revisions"}],"predecessor-version":[{"id":3045,"href":"https:\/\/annexeromainville.com\/index.php\/wp-json\/wp\/v2\/pages\/86\/revisions\/3045"}],"wp:attachment":[{"href":"https:\/\/annexeromainville.com\/index.php\/wp-json\/wp\/v2\/media?parent=86"}],"curies":[{"name":"wp","href":"https:\/\/api.w.org\/{rel}","templated":true}]}}