{"id":893,"date":"2017-04-07T11:25:46","date_gmt":"2017-04-07T10:25:46","guid":{"rendered":"http:\/\/annexedutraindevie.com\/?page_id=893"},"modified":"2017-04-07T11:25:46","modified_gmt":"2017-04-07T10:25:46","slug":"kaput-system-2","status":"publish","type":"page","link":"https:\/\/annexeromainville.com\/index.php\/kaput-system-2\/","title":{"rendered":"Kaput System"},"content":{"rendered":"<h3><a href=\"http:\/\/annexedutraindevie.com\/wp-content\/uploads\/2016\/09\/kaput-explosion.jpeg\"><img loading=\"lazy\" class=\"aligncenter size-full wp-image-233\" src=\"http:\/\/annexedutraindevie.com\/wp-content\/uploads\/2016\/09\/kaput-explosion.jpeg\" alt=\"kaput-explosion\" height=\"560\" width=\"799\" srcset=\"https:\/\/annexeromainville.com\/wp-content\/uploads\/2016\/09\/kaput-explosion.jpeg 799w, https:\/\/annexeromainville.com\/wp-content\/uploads\/2016\/09\/kaput-explosion-300x210.jpeg 300w, https:\/\/annexeromainville.com\/wp-content\/uploads\/2016\/09\/kaput-explosion-768x538.jpeg 768w\" sizes=\"(max-width: 799px) 100vw, 799px\" \/><\/a><\/h3>\n<h3 style=\"text-align: center;\"><span style=\"color: #000000;\">Kaput System, de Michel Froehly et par Emmanuel Matte<\/span><\/h3>\n<h3 style=\"text-align: center;\"><strong><span style=\"color: #000000;\">vendredi 9 Juin 2017, samedi 10 Juin 2017 \u00e0 20H<\/span><\/strong><\/h3>\n<h3 style=\"text-align: center;\"><span style=\"color: #000000;\">Dimanche 11 Juin 2017 \u00e0 15h<\/span><\/h3>\n<h5 style=\"text-align: center;\"><span style=\"color: #000000;\">\u00e0 partir de 8 ans<\/span><\/h5>\n<p style=\"text-align: justify;\"><span style=\"color: #000000;\">Sous forme d&#8217;une esp\u00e8ce de conf\u00e9rence, harangue inhabituelle et d\u00e9plac\u00e9e, un homme vient nous expliquer, l&#8217;\u00e9tat du monde dans son pr\u00e9sent, son avenir, ses emb\u00fbches, ses espoirs&#8230;<\/span><\/p>\n<p style=\"text-align: justify;\"><span style=\"color: #000000;\">Acteur-Performer pour Vincent Macaigne, Le Collectif l&#8217;Avantage du Doute, et bien d&#8217;autres&#8230; Emmanuel Matte nous livre un spectacle hors du commun.<\/span><\/p>\n<p style=\"text-align: right;\"><strong><span style=\"color: #000000;\">&nbsp;<\/span><\/strong><\/p>\n<hr>\n<p style=\"text-align: justify;\"><a href=\"http:\/\/annexedutraindevie.com\/index.php\/biographie-de-michel-froehly\/\"><span style=\"color: #000000;\">CV de Michel Froehly<\/span><\/a><\/p>\n<p><a href=\"http:\/\/annexedutraindevie.com\/index.php\/biographie-de-emmanuel-matte\/\"><span style=\"color: #000000;\">CV de Emmanuel Matte<\/span><\/a><\/p>\n<hr>\n<p><!-- default-view.php -->\n<div\n\tclass=\"ngg-galleryoverview default-view\n\t ngg-ajax-pagination-none\t\"\n\tid=\"ngg-gallery-868c0f8d747cfdf8b2f522e889facaf2-1\"\n\tdata-nextgen-gallery-id=\"3\"\n\tdata-gallery-id=\"3\"\n\t\tdata-gallery-name=\"Kaput System\"\n\t>\n\n\t\t<!-- Thumbnails -->\n\t\t\t\t<div id=\"ngg-image-0\" class=\"ngg-gallery-thumbnail-box\n\t\t\t\t\t\t\t\t\t\t\t\"\n\t\t\t>\n\t\t\t\t\t\t<div class=\"ngg-gallery-thumbnail\">\n\t\t<a href=\"https:\/\/annexeromainville.com\/wp-content\/gallery\/kaput-system\/IMG_3556.JPG?t=1504019471\"\n\t\t\ttitle=\"\"\n\t\t\tdata-src=\"https:\/\/annexeromainville.com\/wp-content\/gallery\/kaput-system\/IMG_3556.JPG?t=1504019471\"\n\t\t\tdata-thumbnail=\"https:\/\/annexeromainville.com\/wp-content\/gallery\/kaput-system\/thumbs\/thumbs_IMG_3556.JPG?t=1504019471\"\n\t\t\tdata-image-id=\"8\"\n\t\t\tdata-image-name=\"IMG_3556.JPG\"\n\t\t\tdata-title=\"Kaput System\"\n\t\t\tdata-description=\"\"\n\t\t\tdata-image-slug=\"img_3556\"\n\t\t\t\t\t\t\t\t\t\t\t\t\t\t\t\t\t\t\t\tclass=\"ngg-fancybox\" rel=\"868c0f8d747cfdf8b2f522e889facaf2\">\n\t\t\t\t\t\t\t\t<img\n\t\t\t\t\ttitle=\"Kaput System\"\n\t\t\t\t\talt=\"Kaput System\"\n\t\t\t\t\tsrc=\"https:\/\/annexeromainville.com\/wp-content\/gallery\/kaput-system\/thumbs\/thumbs_IMG_3556.JPG?t=1504019471\"\n\t\t\t\t\twidth=\"240\"\n\t\t\t\t\theight=\"160\"\n\t\t\t\t\tstyle=\"max-width:100%;\"\n\t\t\t\t\/>\n\t\t\t<\/a>\n\t\t<\/div>\n\t\t\t\t\t\t\t<\/div>\n\t\t\t\n\t\t\t\t<div id=\"ngg-image-1\" class=\"ngg-gallery-thumbnail-box\n\t\t\t\t\t\t\t\t\t\t\t\"\n\t\t\t>\n\t\t\t\t\t\t<div class=\"ngg-gallery-thumbnail\">\n\t\t<a href=\"https:\/\/annexeromainville.com\/wp-content\/gallery\/kaput-system\/IMG_3558.JPG?t=1476266746\"\n\t\t\ttitle=\"\"\n\t\t\tdata-src=\"https:\/\/annexeromainville.com\/wp-content\/gallery\/kaput-system\/IMG_3558.JPG?t=1476266746\"\n\t\t\tdata-thumbnail=\"https:\/\/annexeromainville.com\/wp-content\/gallery\/kaput-system\/thumbs\/thumbs_IMG_3558.JPG?t=1476266746\"\n\t\t\tdata-image-id=\"9\"\n\t\t\tdata-image-name=\"IMG_3558.JPG\"\n\t\t\tdata-title=\"Kaput System\"\n\t\t\tdata-description=\"\"\n\t\t\tdata-image-slug=\"img_3558\"\n\t\t\t\t\t\t\t\t\t\t\t\t\t\t\t\t\t\t\t\tclass=\"ngg-fancybox\" rel=\"868c0f8d747cfdf8b2f522e889facaf2\">\n\t\t\t\t\t\t\t\t<img\n\t\t\t\t\ttitle=\"Kaput System\"\n\t\t\t\t\talt=\"Kaput System\"\n\t\t\t\t\tsrc=\"https:\/\/annexeromainville.com\/wp-content\/gallery\/kaput-system\/thumbs\/thumbs_IMG_3558.JPG?t=1476266746\"\n\t\t\t\t\twidth=\"240\"\n\t\t\t\t\theight=\"160\"\n\t\t\t\t\tstyle=\"max-width:100%;\"\n\t\t\t\t\/>\n\t\t\t<\/a>\n\t\t<\/div>\n\t\t\t\t\t\t\t<\/div>\n\t\t\t\n\t\t\t\t<div id=\"ngg-image-2\" class=\"ngg-gallery-thumbnail-box\n\t\t\t\t\t\t\t\t\t\t\t\"\n\t\t\t>\n\t\t\t\t\t\t<div class=\"ngg-gallery-thumbnail\">\n\t\t<a href=\"https:\/\/annexeromainville.com\/wp-content\/gallery\/kaput-system\/IMG_3560.JPG?t=1476266746\"\n\t\t\ttitle=\"\"\n\t\t\tdata-src=\"https:\/\/annexeromainville.com\/wp-content\/gallery\/kaput-system\/IMG_3560.JPG?t=1476266746\"\n\t\t\tdata-thumbnail=\"https:\/\/annexeromainville.com\/wp-content\/gallery\/kaput-system\/thumbs\/thumbs_IMG_3560.JPG?t=1476266746\"\n\t\t\tdata-image-id=\"10\"\n\t\t\tdata-image-name=\"IMG_3560.JPG\"\n\t\t\tdata-title=\"Kaput System\"\n\t\t\tdata-description=\"\"\n\t\t\tdata-image-slug=\"img_3560\"\n\t\t\t\t\t\t\t\t\t\t\t\t\t\t\t\t\t\t\t\tclass=\"ngg-fancybox\" rel=\"868c0f8d747cfdf8b2f522e889facaf2\">\n\t\t\t\t\t\t\t\t<img\n\t\t\t\t\ttitle=\"Kaput System\"\n\t\t\t\t\talt=\"Kaput System\"\n\t\t\t\t\tsrc=\"https:\/\/annexeromainville.com\/wp-content\/gallery\/kaput-system\/thumbs\/thumbs_IMG_3560.JPG?t=1476266746\"\n\t\t\t\t\twidth=\"240\"\n\t\t\t\t\theight=\"160\"\n\t\t\t\t\tstyle=\"max-width:100%;\"\n\t\t\t\t\/>\n\t\t\t<\/a>\n\t\t<\/div>\n\t\t\t\t\t\t\t<\/div>\n\t\t\t\n\t\t\t\t<div id=\"ngg-image-3\" class=\"ngg-gallery-thumbnail-box\n\t\t\t\t\t\t\t\t\t\t\t\"\n\t\t\t>\n\t\t\t\t\t\t<div class=\"ngg-gallery-thumbnail\">\n\t\t<a href=\"https:\/\/annexeromainville.com\/wp-content\/gallery\/kaput-system\/IMG_3562.JPG?t=1476266746\"\n\t\t\ttitle=\"\"\n\t\t\tdata-src=\"https:\/\/annexeromainville.com\/wp-content\/gallery\/kaput-system\/IMG_3562.JPG?t=1476266746\"\n\t\t\tdata-thumbnail=\"https:\/\/annexeromainville.com\/wp-content\/gallery\/kaput-system\/thumbs\/thumbs_IMG_3562.JPG?t=1476266746\"\n\t\t\tdata-image-id=\"11\"\n\t\t\tdata-image-name=\"IMG_3562.JPG\"\n\t\t\tdata-title=\"Kaput System\"\n\t\t\tdata-description=\"\"\n\t\t\tdata-image-slug=\"img_3562\"\n\t\t\t\t\t\t\t\t\t\t\t\t\t\t\t\t\t\t\t\tclass=\"ngg-fancybox\" rel=\"868c0f8d747cfdf8b2f522e889facaf2\">\n\t\t\t\t\t\t\t\t<img\n\t\t\t\t\ttitle=\"Kaput System\"\n\t\t\t\t\talt=\"Kaput System\"\n\t\t\t\t\tsrc=\"https:\/\/annexeromainville.com\/wp-content\/gallery\/kaput-system\/thumbs\/thumbs_IMG_3562.JPG?t=1476266746\"\n\t\t\t\t\twidth=\"240\"\n\t\t\t\t\theight=\"160\"\n\t\t\t\t\tstyle=\"max-width:100%;\"\n\t\t\t\t\/>\n\t\t\t<\/a>\n\t\t<\/div>\n\t\t\t\t\t\t\t<\/div>\n\t\t\t\n\t\t\t\t<div id=\"ngg-image-4\" class=\"ngg-gallery-thumbnail-box\n\t\t\t\t\t\t\t\t\t\t\t\"\n\t\t\t>\n\t\t\t\t\t\t<div class=\"ngg-gallery-thumbnail\">\n\t\t<a href=\"https:\/\/annexeromainville.com\/wp-content\/gallery\/kaput-system\/IMG_3564.JPG?t=1476266746\"\n\t\t\ttitle=\"\"\n\t\t\tdata-src=\"https:\/\/annexeromainville.com\/wp-content\/gallery\/kaput-system\/IMG_3564.JPG?t=1476266746\"\n\t\t\tdata-thumbnail=\"https:\/\/annexeromainville.com\/wp-content\/gallery\/kaput-system\/thumbs\/thumbs_IMG_3564.JPG?t=1476266746\"\n\t\t\tdata-image-id=\"12\"\n\t\t\tdata-image-name=\"IMG_3564.JPG\"\n\t\t\tdata-title=\"Kaput System\"\n\t\t\tdata-description=\"\"\n\t\t\tdata-image-slug=\"img_3564\"\n\t\t\t\t\t\t\t\t\t\t\t\t\t\t\t\t\t\t\t\tclass=\"ngg-fancybox\" rel=\"868c0f8d747cfdf8b2f522e889facaf2\">\n\t\t\t\t\t\t\t\t<img\n\t\t\t\t\ttitle=\"Kaput System\"\n\t\t\t\t\talt=\"Kaput System\"\n\t\t\t\t\tsrc=\"https:\/\/annexeromainville.com\/wp-content\/gallery\/kaput-system\/thumbs\/thumbs_IMG_3564.JPG?t=1476266746\"\n\t\t\t\t\twidth=\"240\"\n\t\t\t\t\theight=\"160\"\n\t\t\t\t\tstyle=\"max-width:100%;\"\n\t\t\t\t\/>\n\t\t\t<\/a>\n\t\t<\/div>\n\t\t\t\t\t\t\t<\/div>\n\t\t\t\n\t\n\t<br style=\"clear: both\" \/>\n\n\t\n\t\t<!-- Pagination -->\n\t\t<div class='ngg-clear'><\/div>\t<\/div>\n<\/p>\n<p><iframe loading=\"lazy\" src=\"https:\/\/www.youtube.com\/embed\/bF8xnDB7PV8\" allowfullscreen=\"allowfullscreen\" frameborder=\"0\" height=\"315\" width=\"560\"><\/iframe><\/p>\n","protected":false},"excerpt":{"rendered":"<p>Kaput System, de Michel Froehly et par Emmanuel Matte vendredi 9 Juin 2017, samedi 10 Juin 2017 \u00e0 20H Dimanche 11 Juin 2017 \u00e0 15h \u00e0 partir de 8 ans<span class=\"read-more-wrap\"><a class=\"moretag\" href=\"https:\/\/annexeromainville.com\/index.php\/kaput-system-2\/\">Lire la suite<span class=\"screen-reader-text\">Kaput System<\/span><\/a><\/span><\/p>\n","protected":false},"author":2,"featured_media":0,"parent":0,"menu_order":0,"comment_status":"closed","ping_status":"closed","template":"","meta":{"_bbp_topic_count":0,"_bbp_reply_count":0,"_bbp_total_topic_count":0,"_bbp_total_reply_count":0,"_bbp_voice_count":0,"_bbp_anonymous_reply_count":0,"_bbp_topic_count_hidden":0,"_bbp_reply_count_hidden":0,"_bbp_forum_subforum_count":0,"ngg_post_thumbnail":0},"_links":{"self":[{"href":"https:\/\/annexeromainville.com\/index.php\/wp-json\/wp\/v2\/pages\/893"}],"collection":[{"href":"https:\/\/annexeromainville.com\/index.php\/wp-json\/wp\/v2\/pages"}],"about":[{"href":"https:\/\/annexeromainville.com\/index.php\/wp-json\/wp\/v2\/types\/page"}],"author":[{"embeddable":true,"href":"https:\/\/annexeromainville.com\/index.php\/wp-json\/wp\/v2\/users\/2"}],"replies":[{"embeddable":true,"href":"https:\/\/annexeromainville.com\/index.php\/wp-json\/wp\/v2\/comments?post=893"}],"version-history":[{"count":2,"href":"https:\/\/annexeromainville.com\/index.php\/wp-json\/wp\/v2\/pages\/893\/revisions"}],"predecessor-version":[{"id":1689,"href":"https:\/\/annexeromainville.com\/index.php\/wp-json\/wp\/v2\/pages\/893\/revisions\/1689"}],"wp:attachment":[{"href":"https:\/\/annexeromainville.com\/index.php\/wp-json\/wp\/v2\/media?parent=893"}],"curies":[{"name":"wp","href":"https:\/\/api.w.org\/{rel}","templated":true}]}}