{"id":9768,"date":"2024-06-05T13:44:05","date_gmt":"2024-06-05T12:44:05","guid":{"rendered":"https:\/\/annexeromainville.com\/?page_id=9768"},"modified":"2025-09-11T09:57:55","modified_gmt":"2025-09-11T08:57:55","slug":"ateliers-24-25","status":"publish","type":"page","link":"https:\/\/annexeromainville.com\/index.php\/ateliers-24-25\/","title":{"rendered":"ATELIERS 25-26"},"content":{"rendered":"<div id=\"pl-9768\"  class=\"panel-layout\" ><div id=\"pg-9768-0\"  class=\"panel-grid panel-no-style\" ><div id=\"pgc-9768-0-0\"  class=\"panel-grid-cell\" ><div id=\"panel-9768-0-0-0\" class=\"so-panel widget widget_sow-editor panel-first-child panel-last-child\" data-index=\"0\" ><div\n\t\t\t\n\t\t\tclass=\"so-widget-sow-editor so-widget-sow-editor-base\"\n\t\t\t\n\t\t>\n<div class=\"siteorigin-widget-tinymce textwidget\">\n\t<h2 style=\"text-align: center;\">ATELIERS HEBDOMADAIRES<\/h2>\n<\/div>\n<\/div><\/div><\/div><\/div><div id=\"pg-9768-1\"  class=\"panel-grid panel-no-style\" ><div id=\"pgc-9768-1-0\"  class=\"panel-grid-cell\" ><div id=\"panel-9768-1-0-0\" class=\"so-panel widget widget_sow-editor panel-first-child panel-last-child\" data-index=\"1\" ><div class=\"panel-widget-style panel-widget-style-for-9768-1-0-0\" ><div\n\t\t\t\n\t\t\tclass=\"so-widget-sow-editor so-widget-sow-editor-base\"\n\t\t\t\n\t\t>\n<div class=\"siteorigin-widget-tinymce textwidget\">\n\t<p style=\"text-align: center;\">*<\/p>\n<p style=\"text-align: center;\"><span style=\"color: #993300;\"><strong>Les cours de Th\u00e9\u00e2tre<\/strong><\/span><\/p>\n<p style=\"text-align: center;\">Le th\u00e9\u00e2tre permet de prendre sa place sur sc\u00e8ne tout en laissant la place \u00e0 \"l\u2019autre\".<\/p>\n<p style=\"text-align: center;\">Telles sont les valeurs que la troupe de L'Annexe communique \u00e0 son public avec \u00e9nergie et enthousiasme.&nbsp;<\/p>\n<p style=\"text-align: center;\">Nos cours de th\u00e9\u00e2tre se font en groupe, ici, les \u00e9l\u00e8ves vont d\u00e9couvrir la sc\u00e8ne, le th\u00e9\u00e2tre, lieu d'expression o\u00f9 l\u2019on apprend le partage et la prise de parole, les notions d\u2019espace. O\u00f9 l'on apprend \u00e0 reconna\u00eetre les \u00e9motions. Contenu : \u00e9chauffement physique, vocal, d\u00e9veloppement de l\u2019imagination, la m\u00e9morisation, la concentration et sa place dans un groupe, dans une ambiance bienveillante.<\/p>\n<p style=\"text-align: center;\">*<\/p>\n<p style=\"text-align: center;\"><span style=\"color: #993300;\"><strong>Le cour de Chant <\/strong><\/span><\/p>\n<p style=\"text-align: center;\">\u00c0 la rentr\u00e9e, nous proposons un cour de chant pour d\u00e9butants et confirm\u00e9s. &nbsp;Il se fait en groupe de 10 personnes maximum. Ici vous allez apprendre \u00e0 \u00e9chauffer votre voix, \u00e0 chanter des morceaux que vous aurez choisi, \u00e0 explorer votre voix, \u00e0 am\u00e9liorer votre technique. Vous allez \u00eatre \u00e9tonn\u00e9.e.s de voir c'est que votre voix est capable de produire.<\/p>\n<p style=\"text-align: center;\">-------------------------------------------------<\/p>\n<p style=\"text-align: center;\"><strong><span style=\"color: #000000;\">Modalit\u00e9 de Paiement<\/span><\/strong><\/p>\n<p style=\"text-align: center;\"><span style=\"color: #000000;\">Les inscriptions se font en ligne ou sur place. <\/span><\/p>\n<p style=\"text-align: center;\"><span style=\"color: #000000;\">Paiement selon 2 <\/span><span style=\"color: #000000;\">modalit\u00e9s de paiement : <\/span><\/p>\n<p style=\"text-align: center;\"><span style=\"color: #000000;\">par virement (en ligne) ou par ch\u00e8que si paiement en plusieurs fois (penser \u00e0 d\u00e9poser l'int\u00e9gralit\u00e9 des ch\u00e8ques sur place d\u00e8s votre arriv\u00e9e)<\/span><\/p>\n<p style=\"text-align: center;\"><span style=\"color: #000000;\">D\u00e9sormais, vous pouvez aussi payer les ateliers avec le <strong>Pass Culture<\/strong> et le <strong>Pass'sport loisirs<\/strong> (CAF) ! <\/span><\/p>\n<p style=\"text-align: center;\"><span style=\"color: #000000;\">Le premier cours est sans engagement<\/span><\/p>\n<p style=\"text-align: center;\">-------------------------------------------------<\/p>\n<p style=\"text-align: center;\"><strong>Adh\u00e9sion<\/strong><\/p>\n<p style=\"text-align: center;\"><strong>Pour s\u2019inscrire \u00e0 un atelier, il faudra vous acquitter d'une adh\u00e9sion annuelle OBLIGATOIRE de 20\u20ac.<\/strong><\/p>\n<p style=\"text-align: center;\">Une carte nominative vous sera remise \u00e0 votre arriv\u00e9e \u00e0 l'Annexe. Cette adh\u00e9sion vous donne droit \u00e0 -10% sur les spectacles de l'Annexe pour la saison 25-26<\/p>\n<p>&nbsp;<\/p>\n<p>&nbsp;<\/p>\n<p>Cliquez sur l'atelier de votre choix pour vous inscrire<\/p>\n<\/div>\n<\/div><\/div><\/div><\/div><\/div><div id=\"pg-9768-2\"  class=\"panel-grid panel-no-style\" ><div id=\"pgc-9768-2-0\"  class=\"panel-grid-cell\" ><div id=\"panel-9768-2-0-0\" class=\"so-panel widget widget_sow-image panel-first-child panel-last-child\" data-index=\"2\" ><div\n\t\t\t\n\t\t\tclass=\"so-widget-sow-image so-widget-sow-image-default-8b5b6f678277-9768\"\n\t\t\t\n\t\t>\n<div class=\"sow-image-container\">\n\t\t\t<a href=\"https:\/\/annexeromainville.com\/index.php\/atelier-theatre-ados\/\"\n\t\t\t\t\t>\n\t\t\t<img \n\tsrc=\"https:\/\/annexeromainville.com\/wp-content\/uploads\/2024\/07\/1.-Ados-debutants.png\" width=\"1080\" height=\"1080\" srcset=\"https:\/\/annexeromainville.com\/wp-content\/uploads\/2024\/07\/1.-Ados-debutants.png 1080w, https:\/\/annexeromainville.com\/wp-content\/uploads\/2024\/07\/1.-Ados-debutants-300x300.png 300w, https:\/\/annexeromainville.com\/wp-content\/uploads\/2024\/07\/1.-Ados-debutants-1024x1024.png 1024w, https:\/\/annexeromainville.com\/wp-content\/uploads\/2024\/07\/1.-Ados-debutants-150x150.png 150w, https:\/\/annexeromainville.com\/wp-content\/uploads\/2024\/07\/1.-Ados-debutants-768x768.png 768w\" sizes=\"(max-width: 1080px) 100vw, 1080px\" title=\"ados d\u00e9butant\" alt=\"\" loading=\"lazy\" \t\tclass=\"so-widget-image\"\/>\n\t\t\t<\/a><\/div>\n\n<\/div><\/div><\/div><div id=\"pgc-9768-2-1\"  class=\"panel-grid-cell\" ><div id=\"panel-9768-2-1-0\" class=\"so-panel widget widget_sow-image panel-first-child panel-last-child\" data-index=\"3\" ><div\n\t\t\t\n\t\t\tclass=\"so-widget-sow-image so-widget-sow-image-default-8b5b6f678277-9768\"\n\t\t\t\n\t\t>\n<div class=\"sow-image-container\">\n\t\t\t<a href=\"https:\/\/annexeromainville.com\/index.php\/theatre-adulte\/\"\n\t\t\t\t\t>\n\t\t\t<img \n\tsrc=\"https:\/\/annexeromainville.com\/wp-content\/uploads\/2024\/07\/Ateliers-24-252.png\" width=\"1080\" height=\"1080\" srcset=\"https:\/\/annexeromainville.com\/wp-content\/uploads\/2024\/07\/Ateliers-24-252.png 1080w, https:\/\/annexeromainville.com\/wp-content\/uploads\/2024\/07\/Ateliers-24-252-300x300.png 300w, https:\/\/annexeromainville.com\/wp-content\/uploads\/2024\/07\/Ateliers-24-252-1024x1024.png 1024w, https:\/\/annexeromainville.com\/wp-content\/uploads\/2024\/07\/Ateliers-24-252-150x150.png 150w, https:\/\/annexeromainville.com\/wp-content\/uploads\/2024\/07\/Ateliers-24-252-768x768.png 768w\" sizes=\"(max-width: 1080px) 100vw, 1080px\" title=\"adultes\" alt=\"\" loading=\"lazy\" \t\tclass=\"so-widget-image\"\/>\n\t\t\t<\/a><\/div>\n\n<\/div><\/div><\/div><\/div><div id=\"pg-9768-3\"  class=\"panel-grid panel-no-style\" ><div id=\"pgc-9768-3-0\"  class=\"panel-grid-cell\" ><div id=\"panel-9768-3-0-0\" class=\"so-panel widget widget_sow-image panel-first-child panel-last-child\" data-index=\"4\" ><div\n\t\t\t\n\t\t\tclass=\"so-widget-sow-image so-widget-sow-image-default-8b5b6f678277-9768\"\n\t\t\t\n\t\t>\n<div class=\"sow-image-container\">\n\t\t\t<a href=\"https:\/\/annexeromainville.com\/index.php\/atelier-conte\/\"\n\t\t\t\t\t>\n\t\t\t<img \n\tsrc=\"https:\/\/annexeromainville.com\/wp-content\/uploads\/2024\/06\/6.-Conte.png\" width=\"1080\" height=\"1080\" srcset=\"https:\/\/annexeromainville.com\/wp-content\/uploads\/2024\/06\/6.-Conte.png 1080w, https:\/\/annexeromainville.com\/wp-content\/uploads\/2024\/06\/6.-Conte-300x300.png 300w, https:\/\/annexeromainville.com\/wp-content\/uploads\/2024\/06\/6.-Conte-1024x1024.png 1024w, https:\/\/annexeromainville.com\/wp-content\/uploads\/2024\/06\/6.-Conte-150x150.png 150w, https:\/\/annexeromainville.com\/wp-content\/uploads\/2024\/06\/6.-Conte-768x768.png 768w\" sizes=\"(max-width: 1080px) 100vw, 1080px\" title=\"conte\" alt=\"\" loading=\"lazy\" \t\tclass=\"so-widget-image\"\/>\n\t\t\t<\/a><\/div>\n\n<\/div><\/div><\/div><div id=\"pgc-9768-3-1\"  class=\"panel-grid-cell\" ><div id=\"panel-9768-3-1-0\" class=\"so-panel widget widget_sow-image panel-first-child panel-last-child\" data-index=\"5\" ><div\n\t\t\t\n\t\t\tclass=\"so-widget-sow-image so-widget-sow-image-default-8b5b6f678277-9768\"\n\t\t\t\n\t\t>\n<div class=\"sow-image-container\">\n\t\t\t<a href=\"https:\/\/annexeromainville.com\/index.php\/atelier-theatre-ados\/\"\n\t\t\t\t\t>\n\t\t\t<img \n\tsrc=\"https:\/\/annexeromainville.com\/wp-content\/uploads\/2024\/06\/7.-theatre-ados-confirmes.png\" width=\"1080\" height=\"1080\" srcset=\"https:\/\/annexeromainville.com\/wp-content\/uploads\/2024\/06\/7.-theatre-ados-confirmes.png 1080w, https:\/\/annexeromainville.com\/wp-content\/uploads\/2024\/06\/7.-theatre-ados-confirmes-300x300.png 300w, https:\/\/annexeromainville.com\/wp-content\/uploads\/2024\/06\/7.-theatre-ados-confirmes-1024x1024.png 1024w, https:\/\/annexeromainville.com\/wp-content\/uploads\/2024\/06\/7.-theatre-ados-confirmes-150x150.png 150w, https:\/\/annexeromainville.com\/wp-content\/uploads\/2024\/06\/7.-theatre-ados-confirmes-768x768.png 768w\" sizes=\"(max-width: 1080px) 100vw, 1080px\" title=\"ados confirm\u00e9\" alt=\"\" loading=\"lazy\" \t\tclass=\"so-widget-image\"\/>\n\t\t\t<\/a><\/div>\n\n<\/div><\/div><\/div><\/div><div id=\"pg-9768-4\"  class=\"panel-grid panel-no-style\" ><div id=\"pgc-9768-4-0\"  class=\"panel-grid-cell\" ><div id=\"panel-9768-4-0-0\" class=\"so-panel widget widget_sow-image panel-first-child panel-last-child\" data-index=\"6\" ><div\n\t\t\t\n\t\t\tclass=\"so-widget-sow-image so-widget-sow-image-default-8b5b6f678277-9768\"\n\t\t\t\n\t\t>\n<div class=\"sow-image-container\">\n\t\t\t<a href=\"https:\/\/annexeromainville.com\/index.php\/atelier-mimes-emotions\/\"\n\t\t\t\t\t>\n\t\t\t<img \n\tsrc=\"https:\/\/annexeromainville.com\/wp-content\/uploads\/2025\/09\/Carre-programmation-Ateliers-25-2611.png\" width=\"1080\" height=\"1080\" srcset=\"https:\/\/annexeromainville.com\/wp-content\/uploads\/2025\/09\/Carre-programmation-Ateliers-25-2611.png 1080w, https:\/\/annexeromainville.com\/wp-content\/uploads\/2025\/09\/Carre-programmation-Ateliers-25-2611-300x300.png 300w, https:\/\/annexeromainville.com\/wp-content\/uploads\/2025\/09\/Carre-programmation-Ateliers-25-2611-1024x1024.png 1024w, https:\/\/annexeromainville.com\/wp-content\/uploads\/2025\/09\/Carre-programmation-Ateliers-25-2611-150x150.png 150w, https:\/\/annexeromainville.com\/wp-content\/uploads\/2025\/09\/Carre-programmation-Ateliers-25-2611-768x768.png 768w\" sizes=\"(max-width: 1080px) 100vw, 1080px\" title=\"mimes &amp; \u00e9motions\" alt=\"\" loading=\"lazy\" \t\tclass=\"so-widget-image\"\/>\n\t\t\t<\/a><\/div>\n\n<\/div><\/div><\/div><div id=\"pgc-9768-4-1\"  class=\"panel-grid-cell\" ><div id=\"panel-9768-4-1-0\" class=\"so-panel widget widget_sow-image panel-first-child panel-last-child\" data-index=\"7\" ><div\n\t\t\t\n\t\t\tclass=\"so-widget-sow-image so-widget-sow-image-default-8b5b6f678277-9768\"\n\t\t\t\n\t\t>\n<div class=\"sow-image-container\">\n\t\t\t<a href=\"https:\/\/annexeromainville.com\/index.php\/chant\/\"\n\t\t\t\t\t>\n\t\t\t<img \n\tsrc=\"https:\/\/annexeromainville.com\/wp-content\/uploads\/2025\/06\/Carre-programmation-Ateliers-25-26.png\" width=\"1080\" height=\"1080\" srcset=\"https:\/\/annexeromainville.com\/wp-content\/uploads\/2025\/06\/Carre-programmation-Ateliers-25-26.png 1080w, https:\/\/annexeromainville.com\/wp-content\/uploads\/2025\/06\/Carre-programmation-Ateliers-25-26-300x300.png 300w, https:\/\/annexeromainville.com\/wp-content\/uploads\/2025\/06\/Carre-programmation-Ateliers-25-26-1024x1024.png 1024w, https:\/\/annexeromainville.com\/wp-content\/uploads\/2025\/06\/Carre-programmation-Ateliers-25-26-150x150.png 150w, https:\/\/annexeromainville.com\/wp-content\/uploads\/2025\/06\/Carre-programmation-Ateliers-25-26-768x768.png 768w\" sizes=\"(max-width: 1080px) 100vw, 1080px\" title=\"Atelier Chant\" alt=\"\" loading=\"lazy\" \t\tclass=\"so-widget-image\"\/>\n\t\t\t<\/a><\/div>\n\n<\/div><\/div><\/div><\/div><div id=\"pg-9768-5\"  class=\"panel-grid panel-no-style\" ><div id=\"pgc-9768-5-0\"  class=\"panel-grid-cell\" ><div id=\"panel-9768-5-0-0\" class=\"so-panel widget widget_sow-image panel-first-child panel-last-child\" data-index=\"8\" ><div\n\t\t\t\n\t\t\tclass=\"so-widget-sow-image so-widget-sow-image-default-8b5b6f678277-9768\"\n\t\t\t\n\t\t>\n<div class=\"sow-image-container\">\n\t\t\t<a href=\"https:\/\/annexeromainville.com\/index.php\/theatre-enfants\/\"\n\t\t\t\t\t>\n\t\t\t<img \n\tsrc=\"https:\/\/annexeromainville.com\/wp-content\/uploads\/2024\/06\/10.-theatre-creation-10H.png\" width=\"1080\" height=\"1080\" srcset=\"https:\/\/annexeromainville.com\/wp-content\/uploads\/2024\/06\/10.-theatre-creation-10H.png 1080w, https:\/\/annexeromainville.com\/wp-content\/uploads\/2024\/06\/10.-theatre-creation-10H-300x300.png 300w, https:\/\/annexeromainville.com\/wp-content\/uploads\/2024\/06\/10.-theatre-creation-10H-1024x1024.png 1024w, https:\/\/annexeromainville.com\/wp-content\/uploads\/2024\/06\/10.-theatre-creation-10H-150x150.png 150w, https:\/\/annexeromainville.com\/wp-content\/uploads\/2024\/06\/10.-theatre-creation-10H-768x768.png 768w\" sizes=\"(max-width: 1080px) 100vw, 1080px\" title=\"samedi 10H\" alt=\"\" loading=\"lazy\" \t\tclass=\"so-widget-image\"\/>\n\t\t\t<\/a><\/div>\n\n<\/div><\/div><\/div><div id=\"pgc-9768-5-1\"  class=\"panel-grid-cell\" ><div id=\"panel-9768-5-1-0\" class=\"so-panel widget widget_sow-image panel-first-child panel-last-child\" data-index=\"9\" ><div\n\t\t\t\n\t\t\tclass=\"so-widget-sow-image so-widget-sow-image-default-8b5b6f678277-9768\"\n\t\t\t\n\t\t>\n<div class=\"sow-image-container\">\n\t\t\t<a href=\"https:\/\/annexeromainville.com\/index.php\/theatre-enfants\/\"\n\t\t\t\t\t>\n\t\t\t<img \n\tsrc=\"https:\/\/annexeromainville.com\/wp-content\/uploads\/2024\/06\/11.-theatre-creation-11H30.png\" width=\"1080\" height=\"1080\" srcset=\"https:\/\/annexeromainville.com\/wp-content\/uploads\/2024\/06\/11.-theatre-creation-11H30.png 1080w, https:\/\/annexeromainville.com\/wp-content\/uploads\/2024\/06\/11.-theatre-creation-11H30-300x300.png 300w, https:\/\/annexeromainville.com\/wp-content\/uploads\/2024\/06\/11.-theatre-creation-11H30-1024x1024.png 1024w, https:\/\/annexeromainville.com\/wp-content\/uploads\/2024\/06\/11.-theatre-creation-11H30-150x150.png 150w, https:\/\/annexeromainville.com\/wp-content\/uploads\/2024\/06\/11.-theatre-creation-11H30-768x768.png 768w\" sizes=\"(max-width: 1080px) 100vw, 1080px\" title=\"samedi 11H30\" alt=\"\" loading=\"lazy\" \t\tclass=\"so-widget-image\"\/>\n\t\t\t<\/a><\/div>\n\n<\/div><\/div><\/div><\/div><div id=\"pg-9768-6\"  class=\"panel-grid panel-no-style\" ><div id=\"pgc-9768-6-0\"  class=\"panel-grid-cell panel-grid-cell-empty panel-grid-cell-mobile-last\" ><\/div><div id=\"pgc-9768-6-1\"  class=\"panel-grid-cell panel-grid-cell-empty\" ><\/div><\/div><\/div>","protected":false},"excerpt":{"rendered":"<p>ATELIERS HEBDOMADAIRES * Les cours de Th\u00e9\u00e2tre Le th\u00e9\u00e2tre permet de prendre sa place sur sc\u00e8ne tout en laissant la place \u00e0 &#8220;l\u2019autre&#8221;. Telles sont les valeurs que la troupe<span class=\"read-more-wrap\"><a class=\"moretag\" href=\"https:\/\/annexeromainville.com\/index.php\/ateliers-24-25\/\">Lire la suite<span class=\"screen-reader-text\">ATELIERS 25-26<\/span><\/a><\/span><\/p>\n","protected":false},"author":2,"featured_media":0,"parent":0,"menu_order":0,"comment_status":"closed","ping_status":"closed","template":"","meta":{"_bbp_topic_count":0,"_bbp_reply_count":0,"_bbp_total_topic_count":0,"_bbp_total_reply_count":0,"_bbp_voice_count":0,"_bbp_anonymous_reply_count":0,"_bbp_topic_count_hidden":0,"_bbp_reply_count_hidden":0,"_bbp_forum_subforum_count":0,"ngg_post_thumbnail":0},"_links":{"self":[{"href":"https:\/\/annexeromainville.com\/index.php\/wp-json\/wp\/v2\/pages\/9768"}],"collection":[{"href":"https:\/\/annexeromainville.com\/index.php\/wp-json\/wp\/v2\/pages"}],"about":[{"href":"https:\/\/annexeromainville.com\/index.php\/wp-json\/wp\/v2\/types\/page"}],"author":[{"embeddable":true,"href":"https:\/\/annexeromainville.com\/index.php\/wp-json\/wp\/v2\/users\/2"}],"replies":[{"embeddable":true,"href":"https:\/\/annexeromainville.com\/index.php\/wp-json\/wp\/v2\/comments?post=9768"}],"version-history":[{"count":60,"href":"https:\/\/annexeromainville.com\/index.php\/wp-json\/wp\/v2\/pages\/9768\/revisions"}],"predecessor-version":[{"id":10936,"href":"https:\/\/annexeromainville.com\/index.php\/wp-json\/wp\/v2\/pages\/9768\/revisions\/10936"}],"wp:attachment":[{"href":"https:\/\/annexeromainville.com\/index.php\/wp-json\/wp\/v2\/media?parent=9768"}],"curies":[{"name":"wp","href":"https:\/\/api.w.org\/{rel}","templated":true}]}}