{"id":9879,"date":"2024-07-03T12:12:48","date_gmt":"2024-07-03T11:12:48","guid":{"rendered":"https:\/\/annexeromainville.com\/?page_id=9879"},"modified":"2024-07-03T12:21:18","modified_gmt":"2024-07-03T11:21:18","slug":"fiche-technique","status":"publish","type":"page","link":"https:\/\/annexeromainville.com\/index.php\/fiche-technique\/","title":{"rendered":"FICHE TECHNIQUE"},"content":{"rendered":"<div id=\"pl-9879\"  class=\"panel-layout\" ><div id=\"pg-9879-0\"  class=\"panel-grid panel-no-style\" ><div id=\"pgc-9879-0-0\"  class=\"panel-grid-cell\" ><div id=\"panel-9879-0-0-0\" class=\"so-panel widget widget_sow-editor panel-first-child panel-last-child\" data-index=\"0\" ><div\n\t\t\t\n\t\t\tclass=\"so-widget-sow-editor so-widget-sow-editor-base\"\n\t\t\t\n\t\t>\n<div class=\"siteorigin-widget-tinymce textwidget\">\n\t<p><strong>CONDITIONS TECHNIQUE D\u2019ACCUEIL DES \u00c9QUIPES ARTISTIQUES<\/strong><\/p>\n<p>Plateau en pr\u00e9sentation : 5x5<br \/>\nPlateau en r\u00e9p\u00e9tition : 7x5<br \/>\nHauteur : 2m10<br \/>\nNoir Complet Possible<br \/>\nTables \/ Chaises<\/p>\n<p><span style=\"color: #800000;\"><strong>Lumi\u00e8res :<\/strong><\/span><br \/>\n3 Projecteurs LED PAR 56<br \/>\n2 Projecteurs PC650<br \/>\n9 Quartz<\/p>\n<p>3 PAR 30<br \/>\n6 PAR 16<br \/>\nUne console lumi\u00e8re Show Master MK2 - 24 circuits<br \/>\nC\u00e2bles<\/p>\n<p><span style=\"color: #800000;\"><strong>Son :<\/strong><\/span><br \/>\n2 enceintes avec console son int\u00e9gr\u00e9 : Yamaha Stage Pas 500 10<br \/>\nPISTES 240V<br \/>\n1 ampli<br \/>\n1 enceinte Blaupunkt Bluetooth<br \/>\n3 pieds \u00e0 micro<br \/>\nUn clavier \/ Piano \u00e9lectrique<br \/>\n5 Pupitres<br \/>\n2 Micros<br \/>\nC\u00e2bles<br \/>\nGrille techniques<\/p>\n<\/div>\n<\/div><\/div><\/div><\/div><\/div>","protected":false},"excerpt":{"rendered":"<p>CONDITIONS TECHNIQUE D\u2019ACCUEIL DES \u00c9QUIPES ARTISTIQUES Plateau en pr\u00e9sentation : 5&#215;5 Plateau en r\u00e9p\u00e9tition : 7&#215;5 Hauteur : 2m10 Noir Complet Possible Tables \/ Chaises Lumi\u00e8res : 3 Projecteurs LED<span class=\"read-more-wrap\"><a class=\"moretag\" href=\"https:\/\/annexeromainville.com\/index.php\/fiche-technique\/\">Lire la suite<span class=\"screen-reader-text\">FICHE TECHNIQUE<\/span><\/a><\/span><\/p>\n","protected":false},"author":2,"featured_media":0,"parent":0,"menu_order":0,"comment_status":"closed","ping_status":"closed","template":"","meta":{"_bbp_topic_count":0,"_bbp_reply_count":0,"_bbp_total_topic_count":0,"_bbp_total_reply_count":0,"_bbp_voice_count":0,"_bbp_anonymous_reply_count":0,"_bbp_topic_count_hidden":0,"_bbp_reply_count_hidden":0,"_bbp_forum_subforum_count":0,"ngg_post_thumbnail":0},"_links":{"self":[{"href":"https:\/\/annexeromainville.com\/index.php\/wp-json\/wp\/v2\/pages\/9879"}],"collection":[{"href":"https:\/\/annexeromainville.com\/index.php\/wp-json\/wp\/v2\/pages"}],"about":[{"href":"https:\/\/annexeromainville.com\/index.php\/wp-json\/wp\/v2\/types\/page"}],"author":[{"embeddable":true,"href":"https:\/\/annexeromainville.com\/index.php\/wp-json\/wp\/v2\/users\/2"}],"replies":[{"embeddable":true,"href":"https:\/\/annexeromainville.com\/index.php\/wp-json\/wp\/v2\/comments?post=9879"}],"version-history":[{"count":2,"href":"https:\/\/annexeromainville.com\/index.php\/wp-json\/wp\/v2\/pages\/9879\/revisions"}],"predecessor-version":[{"id":9881,"href":"https:\/\/annexeromainville.com\/index.php\/wp-json\/wp\/v2\/pages\/9879\/revisions\/9881"}],"wp:attachment":[{"href":"https:\/\/annexeromainville.com\/index.php\/wp-json\/wp\/v2\/media?parent=9879"}],"curies":[{"name":"wp","href":"https:\/\/api.w.org\/{rel}","templated":true}]}}