{"id":9895,"date":"2024-07-05T13:17:07","date_gmt":"2024-07-05T12:17:07","guid":{"rendered":"https:\/\/annexeromainville.com\/?page_id=9895"},"modified":"2025-09-11T15:57:49","modified_gmt":"2025-09-11T14:57:49","slug":"les-tarifs","status":"publish","type":"page","link":"https:\/\/annexeromainville.com\/index.php\/les-tarifs\/","title":{"rendered":"Les tarifs"},"content":{"rendered":"<div id=\"pl-9895\"  class=\"panel-layout\" ><div id=\"pg-9895-0\"  class=\"panel-grid panel-no-style\" ><div id=\"pgc-9895-0-0\"  class=\"panel-grid-cell\" ><div id=\"panel-9895-0-0-0\" class=\"so-panel widget widget_sow-editor panel-first-child panel-last-child\" data-index=\"0\" ><div\n\t\t\t\n\t\t\tclass=\"so-widget-sow-editor so-widget-sow-editor-base\"\n\t\t\t\n\t\t>\n<div class=\"siteorigin-widget-tinymce textwidget\">\n\t<h3>Ateliers hebdomadaires<\/h3>\n<p>Les prix de nos stages de th\u00e9\u00e2tre ou chant varient, pour plus d'informations, allez sur notre rubrique \"ateliers 25-26\"<\/p>\n<\/div>\n<\/div><\/div><\/div><div id=\"pgc-9895-0-1\"  class=\"panel-grid-cell\" ><div id=\"panel-9895-0-1-0\" class=\"so-panel widget widget_sow-editor panel-first-child panel-last-child\" data-index=\"1\" ><div\n\t\t\t\n\t\t\tclass=\"so-widget-sow-editor so-widget-sow-editor-base\"\n\t\t\t\n\t\t>\n<div class=\"siteorigin-widget-tinymce textwidget\">\n\t<h3>Stages de th\u00e9\u00e2tre :<\/h3>\n<p>Le prix des stages sont de 26\u20ac par jour (soit 52\u20ac le stage de 2 jours)<\/p>\n<\/div>\n<\/div><\/div><\/div><div id=\"pgc-9895-0-2\"  class=\"panel-grid-cell\" ><div id=\"panel-9895-0-2-0\" class=\"so-panel widget widget_sow-editor panel-first-child panel-last-child\" data-index=\"2\" ><div\n\t\t\t\n\t\t\tclass=\"so-widget-sow-editor so-widget-sow-editor-base\"\n\t\t\t\n\t\t>\n<div class=\"siteorigin-widget-tinymce textwidget\">\n\t<h3>Spectacles jeunesses :<\/h3>\n<p>Pour les +12 ans --&gt; 12\u20ac<\/p>\n<p>Pour les -12 ans --&gt; 10\u20ac<\/p>\n<\/div>\n<\/div><\/div><\/div><\/div><div id=\"pg-9895-1\"  class=\"panel-grid panel-no-style\" ><div id=\"pgc-9895-1-0\"  class=\"panel-grid-cell\" ><div id=\"panel-9895-1-0-0\" class=\"so-panel widget widget_sow-editor panel-first-child panel-last-child\" data-index=\"3\" ><div\n\t\t\t\n\t\t\tclass=\"so-widget-sow-editor so-widget-sow-editor-base\"\n\t\t\t\n\t\t>\n<div class=\"siteorigin-widget-tinymce textwidget\">\n\t<h3>Sorties de r\u00e9sidences :<\/h3>\n<p>1 place --&gt; 5\u20ac<\/p>\n<\/div>\n<\/div><\/div><\/div><div id=\"pgc-9895-1-1\"  class=\"panel-grid-cell\" ><div id=\"panel-9895-1-1-0\" class=\"so-panel widget widget_sow-editor panel-first-child panel-last-child\" data-index=\"4\" ><div\n\t\t\t\n\t\t\tclass=\"so-widget-sow-editor so-widget-sow-editor-base\"\n\t\t\t\n\t\t>\n<div class=\"siteorigin-widget-tinymce textwidget\">\n\t<h3>Petit-dej Concert:<\/h3>\n<p>Pour les +12 ans --&gt; 14\u20ac<\/p>\n<p>Pour les -12 ans --&gt; 8\u20ac<\/p>\n<p>Gratuit pour les 0-2 ans<\/p>\n<\/div>\n<\/div><\/div><\/div><div id=\"pgc-9895-1-2\"  class=\"panel-grid-cell\" ><div id=\"panel-9895-1-2-0\" class=\"so-panel widget widget_sow-editor panel-first-child panel-last-child\" data-index=\"5\" ><div\n\t\t\t\n\t\t\tclass=\"so-widget-sow-editor so-widget-sow-editor-base\"\n\t\t\t\n\t\t>\n<div class=\"siteorigin-widget-tinymce textwidget\">\n\t<h3>Adh\u00e9sion annuelle :<\/h3>\n<p>L'adh\u00e9sion est obligatoire pour s'inscrire \u00e0 un stage ou \u00e0 un atelier. Nous vous proposons une adh\u00e9sion annuelle de 20\u20ac. Lors de votre adh\u00e9sion, vous recevrez une carte qui vous permettra de b\u00e9n\u00e9ficier d'une r\u00e9ductions de 10% pour les stages et spectacles jeunesse.<\/p>\n<\/div>\n<\/div><\/div><\/div><\/div><div id=\"pg-9895-2\"  class=\"panel-grid panel-no-style\" ><div id=\"pgc-9895-2-0\"  class=\"panel-grid-cell\" ><div id=\"panel-9895-2-0-0\" class=\"so-panel widget widget_sow-editor panel-first-child panel-last-child\" data-index=\"6\" ><div\n\t\t\t\n\t\t\tclass=\"so-widget-sow-editor so-widget-sow-editor-base\"\n\t\t\t\n\t\t>\n<div class=\"siteorigin-widget-tinymce textwidget\">\n\t<h3>Mode de paiement :&nbsp;<\/h3>\n<ul>\n<li>En ligne via notre site internet<\/li>\n<li>Sur place, L'Annexe prend les ch\u00e8ques,&nbsp; les esp\u00e8ces, ainsi que la carte bancaire<\/li>\n<li>Virement, nous pouvons vous envoyer par mail nos coordonn\u00e9es bancaires<\/li>\n<li>Pass Culture ! nous sommes adh\u00e9rant au <strong>Pass Culture<\/strong>&nbsp;<\/li>\n<li>Les ch\u00e8ques <strong>Pass'sports-loisirs<\/strong> (CAF)<\/li>\n<li>Et nous acceptons aussi les ch\u00e8ques<strong> IKARI<\/strong><\/li>\n<\/ul>\n<\/div>\n<\/div><\/div><\/div><\/div><\/div>","protected":false},"excerpt":{"rendered":"<p>Ateliers hebdomadaires Les prix de nos stages de th\u00e9\u00e2tre ou chant varient, pour plus d&#8217;informations, allez sur notre rubrique &#8220;ateliers 25-26&#8221; Stages de th\u00e9\u00e2tre : Le prix des stages sont<span class=\"read-more-wrap\"><a class=\"moretag\" href=\"https:\/\/annexeromainville.com\/index.php\/les-tarifs\/\">Lire la suite<span class=\"screen-reader-text\">Les tarifs<\/span><\/a><\/span><\/p>\n","protected":false},"author":2,"featured_media":0,"parent":0,"menu_order":0,"comment_status":"closed","ping_status":"closed","template":"","meta":{"_bbp_topic_count":0,"_bbp_reply_count":0,"_bbp_total_topic_count":0,"_bbp_total_reply_count":0,"_bbp_voice_count":0,"_bbp_anonymous_reply_count":0,"_bbp_topic_count_hidden":0,"_bbp_reply_count_hidden":0,"_bbp_forum_subforum_count":0,"ngg_post_thumbnail":0},"_links":{"self":[{"href":"https:\/\/annexeromainville.com\/index.php\/wp-json\/wp\/v2\/pages\/9895"}],"collection":[{"href":"https:\/\/annexeromainville.com\/index.php\/wp-json\/wp\/v2\/pages"}],"about":[{"href":"https:\/\/annexeromainville.com\/index.php\/wp-json\/wp\/v2\/types\/page"}],"author":[{"embeddable":true,"href":"https:\/\/annexeromainville.com\/index.php\/wp-json\/wp\/v2\/users\/2"}],"replies":[{"embeddable":true,"href":"https:\/\/annexeromainville.com\/index.php\/wp-json\/wp\/v2\/comments?post=9895"}],"version-history":[{"count":18,"href":"https:\/\/annexeromainville.com\/index.php\/wp-json\/wp\/v2\/pages\/9895\/revisions"}],"predecessor-version":[{"id":10968,"href":"https:\/\/annexeromainville.com\/index.php\/wp-json\/wp\/v2\/pages\/9895\/revisions\/10968"}],"wp:attachment":[{"href":"https:\/\/annexeromainville.com\/index.php\/wp-json\/wp\/v2\/media?parent=9895"}],"curies":[{"name":"wp","href":"https:\/\/api.w.org\/{rel}","templated":true}]}}