{"id":9922,"date":"2024-07-16T14:04:17","date_gmt":"2024-07-16T13:04:17","guid":{"rendered":"https:\/\/annexeromainville.com\/?page_id=9922"},"modified":"2025-09-12T10:39:22","modified_gmt":"2025-09-12T09:39:22","slug":"carte-dadherent","status":"publish","type":"page","link":"https:\/\/annexeromainville.com\/index.php\/carte-dadherent\/","title":{"rendered":"Adh\u00e9sion"},"content":{"rendered":"<div id=\"pl-9922\"  class=\"panel-layout\" ><div id=\"pg-9922-0\"  class=\"panel-grid panel-no-style\" ><div id=\"pgc-9922-0-0\"  class=\"panel-grid-cell\" ><div id=\"panel-9922-0-0-0\" class=\"so-panel widget widget_sow-editor panel-first-child panel-last-child\" data-index=\"0\" ><div\n\t\t\t\n\t\t\tclass=\"so-widget-sow-editor so-widget-sow-editor-base\"\n\t\t\t\n\t\t>\n<div class=\"siteorigin-widget-tinymce textwidget\">\n\t<h2 style=\"text-align: center;\">Carte d'adh\u00e9sion saison 25 -26<\/h2>\n<\/div>\n<\/div><\/div><\/div><\/div><div id=\"pg-9922-1\"  class=\"panel-grid panel-no-style\" ><div id=\"pgc-9922-1-0\"  class=\"panel-grid-cell\" ><div id=\"panel-9922-1-0-0\" class=\"so-panel widget widget_sow-editor panel-first-child panel-last-child\" data-index=\"1\" ><div\n\t\t\t\n\t\t\tclass=\"so-widget-sow-editor so-widget-sow-editor-base\"\n\t\t\t\n\t\t>\n<div class=\"siteorigin-widget-tinymce textwidget\">\n\t<p><span style=\"color: #000000;\">Pour la nouvelle saison, nous vous proposons d'adh\u00e9rer \u00e0 L'Annexe ! Ainsi, vous aurez quelques avantages !<\/span><\/p>\n<ul>\n<li><span style=\"color: #000000;\"><strong>Prix de carte d'adh\u00e9sion :<\/strong> 20\u20ac \u00e0 l'ann\u00e9e <\/span><\/li>\n<li><span style=\"color: #000000;\"><strong>Avantages<\/strong> <\/span>: <span style=\"color: #000000;\">10% de r\u00e9duction ou gratuit\u00e9 sur certains spectacles<\/span><\/li>\n<\/ul>\n<p><span style=\"color: #800000;\"><strong>Modalit\u00e9s :<\/strong> <\/span><\/p>\n<ul>\n<li><span style=\"color: #000000;\">Adh\u00e9sion sur place ! Merci de vous munir d'une carte d'identit\u00e9 et de 20\u20ac en esp\u00e8ces ou ch\u00e8ques \u00e0 l'ordre de la \"Cie Jetzt\"<\/span><\/li>\n<li><span style=\"color: #000000;\">Valable toute la saison<\/span><\/li>\n<li><span style=\"color: #000000;\">Cette carte est personnelle<\/span><\/li>\n<li><span style=\"color: #000000;\">Lors de votre adh\u00e9sion, vous recevrez un code promo vous permettant d'avoir des r\u00e9ductions<\/span><\/li>\n<\/ul>\n<p><span style=\"color: #000000;\"><em>Toutes les r\u00e9servations se font en ligne !<\/em><\/span><\/p>\n<p>&nbsp;<\/p>\n<\/div>\n<\/div><\/div><\/div><div id=\"pgc-9922-1-1\"  class=\"panel-grid-cell\" ><div id=\"panel-9922-1-1-0\" class=\"so-panel widget widget_media_image panel-first-child panel-last-child\" data-index=\"2\" ><img width=\"300\" height=\"171\" src=\"https:\/\/annexeromainville.com\/wp-content\/uploads\/2025\/09\/Cartes--300x171.png\" class=\"image wp-image-10972  attachment-medium size-medium\" alt=\"\" loading=\"lazy\" style=\"max-width: 100%; height: auto;\" srcset=\"https:\/\/annexeromainville.com\/wp-content\/uploads\/2025\/09\/Cartes--300x171.png 300w, https:\/\/annexeromainville.com\/wp-content\/uploads\/2025\/09\/Cartes--1024x585.png 1024w, https:\/\/annexeromainville.com\/wp-content\/uploads\/2025\/09\/Cartes--768x439.png 768w, https:\/\/annexeromainville.com\/wp-content\/uploads\/2025\/09\/Cartes-.png 1050w\" sizes=\"(max-width: 300px) 100vw, 300px\" \/><\/div><\/div><\/div><\/div>","protected":false},"excerpt":{"rendered":"<p>Carte d&#8217;adh\u00e9sion saison 25 -26 Pour la nouvelle saison, nous vous proposons d&#8217;adh\u00e9rer \u00e0 L&#8217;Annexe ! Ainsi, vous aurez quelques avantages ! Prix de carte d&#8217;adh\u00e9sion : 20\u20ac \u00e0 l&#8217;ann\u00e9e<span class=\"read-more-wrap\"><a class=\"moretag\" href=\"https:\/\/annexeromainville.com\/index.php\/carte-dadherent\/\">Lire la suite<span class=\"screen-reader-text\">Adh\u00e9sion<\/span><\/a><\/span><\/p>\n","protected":false},"author":2,"featured_media":0,"parent":0,"menu_order":0,"comment_status":"closed","ping_status":"closed","template":"","meta":{"_bbp_topic_count":0,"_bbp_reply_count":0,"_bbp_total_topic_count":0,"_bbp_total_reply_count":0,"_bbp_voice_count":0,"_bbp_anonymous_reply_count":0,"_bbp_topic_count_hidden":0,"_bbp_reply_count_hidden":0,"_bbp_forum_subforum_count":0,"ngg_post_thumbnail":0},"_links":{"self":[{"href":"https:\/\/annexeromainville.com\/index.php\/wp-json\/wp\/v2\/pages\/9922"}],"collection":[{"href":"https:\/\/annexeromainville.com\/index.php\/wp-json\/wp\/v2\/pages"}],"about":[{"href":"https:\/\/annexeromainville.com\/index.php\/wp-json\/wp\/v2\/types\/page"}],"author":[{"embeddable":true,"href":"https:\/\/annexeromainville.com\/index.php\/wp-json\/wp\/v2\/users\/2"}],"replies":[{"embeddable":true,"href":"https:\/\/annexeromainville.com\/index.php\/wp-json\/wp\/v2\/comments?post=9922"}],"version-history":[{"count":23,"href":"https:\/\/annexeromainville.com\/index.php\/wp-json\/wp\/v2\/pages\/9922\/revisions"}],"predecessor-version":[{"id":10974,"href":"https:\/\/annexeromainville.com\/index.php\/wp-json\/wp\/v2\/pages\/9922\/revisions\/10974"}],"wp:attachment":[{"href":"https:\/\/annexeromainville.com\/index.php\/wp-json\/wp\/v2\/media?parent=9922"}],"curies":[{"name":"wp","href":"https:\/\/api.w.org\/{rel}","templated":true}]}}